{"id":499,"date":"2025-03-29T12:11:03","date_gmt":"2025-03-29T04:11:03","guid":{"rendered":"https:\/\/exactquartz.com\/?page_id=499"},"modified":"2025-04-16T18:19:44","modified_gmt":"2025-04-16T10:19:44","slug":"large-caliber-quartz-tubes","status":"publish","type":"page","link":"https:\/\/exactquartz.com\/ro\/high-temp-quartz-solutions\/large-caliber-quartz-tubes\/","title":{"rendered":"Tuburi de cuar\u021b de calibru mare pentru semiconductoare \u0219i uz chimic"},"content":{"rendered":"<div data-elementor-type=\"wp-page\" data-elementor-id=\"499\" class=\"elementor elementor-499\" data-elementor-post-type=\"page\">\n\t\t\t\t<div class=\"elementor-element elementor-element-d2bc4f1 e-flex e-con-boxed e-con e-parent\" data-id=\"d2bc4f1\" data-element_type=\"container\">\n\t\t\t\t\t<div class=\"e-con-inner\">\n\t\t<div class=\"elementor-element elementor-element-6d0fc6f e-con-full e-flex e-con e-child\" data-id=\"6d0fc6f\" data-element_type=\"container\">\n\t\t\t\t<div class=\"elementor-element elementor-element-51d5345 elementor-widget elementor-widget-image\" data-id=\"51d5345\" data-element_type=\"widget\" data-widget_type=\"image.default\">\n\t\t\t\t<div class=\"elementor-widget-container\">\n\t\t\t\t\t\t\t\t\t\t\t\t\t\t\t<img fetchpriority=\"high\" decoding=\"async\" width=\"500\" height=\"438\" src=\"https:\/\/exactquartz.com\/wp-content\/uploads\/2025\/03\/Large-caliber-quartz-tube.webp\" class=\"attachment-large size-large wp-image-500\" alt=\"Tub de cuar\u021b de calibru mare\" srcset=\"https:\/\/exactquartz.com\/wp-content\/uploads\/2025\/03\/Large-caliber-quartz-tube.webp 500w, https:\/\/exactquartz.com\/wp-content\/uploads\/2025\/03\/Large-caliber-quartz-tube-300x263.webp 300w\" sizes=\"(max-width: 500px) 100vw, 500px\" \/>\t\t\t\t\t\t\t\t\t\t\t\t\t\t\t<\/div>\n\t\t\t\t<\/div>\n\t\t\t\t<\/div>\n\t\t<div class=\"elementor-element elementor-element-2a56432 e-con-full e-flex e-con e-child\" data-id=\"2a56432\" data-element_type=\"container\">\n\t\t\t\t<div class=\"elementor-element elementor-element-70d5eba elementor-widget elementor-widget-heading\" data-id=\"70d5eba\" data-element_type=\"widget\" data-widget_type=\"heading.default\">\n\t\t\t\t<div class=\"elementor-widget-container\">\n\t\t\t\t\t<h2 class=\"elementor-heading-title elementor-size-default\">Tuburi de cuar\u021b de calibru mare pentru semiconductoare \u0219i uz chimic<\/h2>\t\t\t\t<\/div>\n\t\t\t\t<\/div>\n\t\t\t\t<div class=\"elementor-element elementor-element-ac956f7 elementor-widget elementor-widget-text-editor\" data-id=\"ac956f7\" data-element_type=\"widget\" data-widget_type=\"text-editor.default\">\n\t\t\t\t<div class=\"elementor-widget-container\">\n\t\t\t\t\t\t\t\t\t<p>Un tub de cuar\u021b de calibru mare este un tub fabricat din cristal de cuar\u021b de \u00eenalt\u0103 calitate cu un diametru larg. Acesta este utilizat \u00een diverse industrii \u0219i aplica\u021bii, cum ar fi fabricarea semiconductorilor, iluminatul \u0219i prelucrarea chimic\u0103. Tuburile de cuar\u021b ofer\u0103 stabilitate termic\u0103 ridicat\u0103, rezisten\u021b\u0103 chimic\u0103 \u0219i propriet\u0103\u021bi optice excelente, ceea ce le face ideale pentru utilizarea \u00een medii dificile. Acestea pot fi personalizate pentru a \u00eendeplini cerin\u021be specifice de dimensiune \u0219i grosime. \u00cen general, tuburile de cuar\u021b de calibru mare sunt componente esen\u021biale pentru ob\u021binerea de rezultate de \u00eenalt\u0103 calitate \u00een diverse procese industriale.<\/p>\t\t\t\t\t\t\t\t<\/div>\n\t\t\t\t<\/div>\n\t\t\t\t<div class=\"elementor-element elementor-element-3e7e61c elementor-align-left elementor-widget elementor-widget-button\" data-id=\"3e7e61c\" data-element_type=\"widget\" data-widget_type=\"button.default\">\n\t\t\t\t<div class=\"elementor-widget-container\">\n\t\t\t\t\t\t\t\t\t<div class=\"elementor-button-wrapper\">\n\t\t\t\t\t<a class=\"elementor-button elementor-button-link elementor-size-sm\" href=\"#elementor-action%3Aaction%3Dpopup%3Aopen%26settings%3DeyJpZCI6IjEyNzUiLCJ0b2dnbGUiOmZhbHNlfQ%3D%3D\">\n\t\t\t\t\t\t<span class=\"elementor-button-content-wrapper\">\n\t\t\t\t\t\t\t\t\t<span class=\"elementor-button-text\">Ofert\u0103 rapid\u0103<\/span>\n\t\t\t\t\t<\/span>\n\t\t\t\t\t<\/a>\n\t\t\t\t<\/div>\n\t\t\t\t\t\t\t\t<\/div>\n\t\t\t\t<\/div>\n\t\t\t\t<\/div>\n\t\t\t\t\t<\/div>\n\t\t\t\t<\/div>\n\t\t<div class=\"elementor-element elementor-element-a2ed80c e-flex e-con-boxed e-con e-parent\" data-id=\"a2ed80c\" data-element_type=\"container\">\n\t\t\t\t\t<div class=\"e-con-inner\">\n\t\t\t\t<div class=\"elementor-element elementor-element-03e2c25 elementor-widget elementor-widget-heading\" data-id=\"03e2c25\" data-element_type=\"widget\" data-widget_type=\"heading.default\">\n\t\t\t\t<div class=\"elementor-widget-container\">\n\t\t\t\t\t<h3 class=\"elementor-heading-title elementor-size-default\">Tuburi de cuar\u021b topit\/tuburi de silice:<\/h3>\t\t\t\t<\/div>\n\t\t\t\t<\/div>\n\t\t\t\t<div class=\"elementor-element elementor-element-281af31 elementor-widget elementor-widget-text-editor\" data-id=\"281af31\" data-element_type=\"widget\" data-widget_type=\"text-editor.default\">\n\t\t\t\t<div class=\"elementor-widget-container\">\n\t\t\t\t\t\t\t\t\t<p>Tubul de cuar\u021b este un tip de tub fabricat din cristal de cuar\u021b de \u00eenalt\u0103 calitate care are un diametru larg. Tuburile de cuar\u021b sunt utilizate pe scar\u0103 larg\u0103 \u00een diverse industrii \u0219i aplica\u021bii, cum ar fi fabricarea semiconductorilor, iluminatul \u0219i prelucrarea chimic\u0103.<\/p><p>Stabilitatea termic\u0103 excep\u021bional\u0103 \u0219i rezisten\u021ba chimic\u0103 a tuburilor de cuar\u021b le fac ideale pentru utilizarea \u00een medii dificile. Ele pot rezista la temperaturi ridicate \u0219i la majoritatea substan\u021belor chimice, acizilor \u0219i alcalinilor, asigur\u00e2nd durabilitatea \u0219i longevitatea. Tuburile de cuar\u021b prezint\u0103, de asemenea, propriet\u0103\u021bi optice excelente, inclusiv transparen\u021b\u0103 ridicat\u0103 \u0219i absorb\u021bie redus\u0103, ceea ce le face utile \u00een aplica\u021bii care necesit\u0103 precizie optic\u0103.<\/p><p>Tuburile de cuar\u021b de calibru mare sunt utilizate \u00een mod obi\u0219nuit \u00een fabricarea semiconductorilor, ca o component\u0103 a echipamentului utilizat pentru producerea microcipurilor. De asemenea, acestea sunt utilizate \u00een industria iluminatului pentru l\u0103mpile cu desc\u0103rcare de \u00eenalt\u0103 intensitate, unde ofer\u0103 niveluri ridicate de luminozitate \u0219i eficien\u021b\u0103. \u00cen prelucrarea chimic\u0103, tuburile de cuar\u021b sunt utilizate \u00een reactoare \u0219i camere, unde pot rezista la substan\u021be chimice dure \u0219i la temperaturi ridicate.<\/p><p>Tuburile de cuar\u021b pot fi personalizate pentru a \u00eendeplini cerin\u021be specifice de dimensiune \u0219i grosime, ceea ce le face versatile \u0219i adaptabile la diverse aplica\u021bii. Ele pot fi fabricate folosind diferite tehnici, inclusiv extrudarea, fuziunea \u0219i depunerea chimic\u0103 de vapori.<\/p><p>Pe scurt, tuburile de cuar\u021b de calibru mare sunt componente esen\u021biale \u00een diverse industrii \u0219i aplica\u021bii datorit\u0103 stabilit\u0103\u021bii lor termice excep\u021bionale, rezisten\u021bei chimice \u0219i propriet\u0103\u021bilor optice. Ele ofer\u0103 niveluri ridicate de durabilitate \u0219i longevitate, ceea ce le face ideale pentru utilizarea \u00een medii dificile.<\/p>\t\t\t\t\t\t\t\t<\/div>\n\t\t\t\t<\/div>\n\t\t\t\t\t<\/div>\n\t\t\t\t<\/div>\n\t\t\t\t<\/div>","protected":false},"excerpt":{"rendered":"<p>Large-Caliber Quartz Tubes for Semiconductor &amp; Chemical Use A large-caliber quartz tube is a tube made from high-quality quartz crystal [&hellip;]<\/p>","protected":false},"author":9,"featured_media":500,"parent":839,"menu_order":0,"comment_status":"closed","ping_status":"closed","template":"","meta":{"_seopress_robots_primary_cat":"","_seopress_titles_title":"Large-Caliber Quartz Tubes for Semiconductor & Chemical Use","_seopress_titles_desc":"Wide-diameter quartz tubes with high thermal stability, chemical resistance & optical clarity. Ideal for semiconductors, lighting & reactors. Custom sizes.","_seopress_robots_index":"","site-sidebar-layout":"no-sidebar","site-content-layout":"","ast-site-content-layout":"full-width-container","site-content-style":"default","site-sidebar-style":"default","ast-global-header-display":"","ast-banner-title-visibility":"","ast-main-header-display":"","ast-hfb-above-header-display":"","ast-hfb-below-header-display":"","ast-hfb-mobile-header-display":"","site-post-title":"disabled","ast-breadcrumbs-content":"","ast-featured-img":"disabled","footer-sml-layout":"","theme-transparent-header-meta":"","adv-header-id-meta":"","stick-header-meta":"","header-above-stick-meta":"","header-main-stick-meta":"","header-below-stick-meta":"","astra-migrate-meta-layouts":"default","ast-page-background-enabled":"default","ast-page-background-meta":{"desktop":{"background-color":"var(--ast-global-color-5)","background-image":"","background-repeat":"repeat","background-position":"center center","background-size":"auto","background-attachment":"scroll","background-type":"","background-media":"","overlay-type":"","overlay-color":"","overlay-opacity":"","overlay-gradient":""},"tablet":{"background-color":"","background-image":"","background-repeat":"repeat","background-position":"center center","background-size":"auto","background-attachment":"scroll","background-type":"","background-media":"","overlay-type":"","overlay-color":"","overlay-opacity":"","overlay-gradient":""},"mobile":{"background-color":"","background-image":"","background-repeat":"repeat","background-position":"center center","background-size":"auto","background-attachment":"scroll","background-type":"","background-media":"","overlay-type":"","overlay-color":"","overlay-opacity":"","overlay-gradient":""}},"ast-content-background-meta":{"desktop":{"background-color":"var(--ast-global-color-4)","background-image":"","background-repeat":"repeat","background-position":"center center","background-size":"auto","background-attachment":"scroll","background-type":"","background-media":"","overlay-type":"","overlay-color":"","overlay-opacity":"","overlay-gradient":""},"tablet":{"background-color":"var(--ast-global-color-4)","background-image":"","background-repeat":"repeat","background-position":"center center","background-size":"auto","background-attachment":"scroll","background-type":"","background-media":"","overlay-type":"","overlay-color":"","overlay-opacity":"","overlay-gradient":""},"mobile":{"background-color":"var(--ast-global-color-4)","background-image":"","background-repeat":"repeat","background-position":"center center","background-size":"auto","background-attachment":"scroll","background-type":"","background-media":"","overlay-type":"","overlay-color":"","overlay-opacity":"","overlay-gradient":""}},"footnotes":""},"class_list":["post-499","page","type-page","status-publish","has-post-thumbnail","hentry"],"_hostinger_reach_plugin_has_subscription_block":false,"_hostinger_reach_plugin_is_elementor":false,"_links":{"self":[{"href":"https:\/\/exactquartz.com\/ro\/wp-json\/wp\/v2\/pages\/499","targetHints":{"allow":["GET"]}}],"collection":[{"href":"https:\/\/exactquartz.com\/ro\/wp-json\/wp\/v2\/pages"}],"about":[{"href":"https:\/\/exactquartz.com\/ro\/wp-json\/wp\/v2\/types\/page"}],"author":[{"embeddable":true,"href":"https:\/\/exactquartz.com\/ro\/wp-json\/wp\/v2\/users\/9"}],"replies":[{"embeddable":true,"href":"https:\/\/exactquartz.com\/ro\/wp-json\/wp\/v2\/comments?post=499"}],"version-history":[{"count":14,"href":"https:\/\/exactquartz.com\/ro\/wp-json\/wp\/v2\/pages\/499\/revisions"}],"predecessor-version":[{"id":1353,"href":"https:\/\/exactquartz.com\/ro\/wp-json\/wp\/v2\/pages\/499\/revisions\/1353"}],"up":[{"embeddable":true,"href":"https:\/\/exactquartz.com\/ro\/wp-json\/wp\/v2\/pages\/839"}],"wp:featuredmedia":[{"embeddable":true,"href":"https:\/\/exactquartz.com\/ro\/wp-json\/wp\/v2\/media\/500"}],"wp:attachment":[{"href":"https:\/\/exactquartz.com\/ro\/wp-json\/wp\/v2\/media?parent=499"}],"curies":[{"name":"wp","href":"https:\/\/api.w.org\/{rel}","templated":true}]}}