{"id":259,"date":"2025-03-26T17:19:44","date_gmt":"2025-03-26T09:19:44","guid":{"rendered":"https:\/\/exactquartz.com\/?page_id=259"},"modified":"2025-04-16T18:30:00","modified_gmt":"2025-04-16T10:30:00","slug":"polished-fused-silica-quartz-plates","status":"publish","type":"page","link":"https:\/\/exactquartz.com\/sk\/quartz-discs-and-plates\/polished-fused-silica-quartz-plates\/","title":{"rendered":"Le\u0161ten\u00e9 dosky z taven\u00e9ho kremi\u010dit\u00e9ho kreme\u0148a"},"content":{"rendered":"<div data-elementor-type=\"wp-page\" data-elementor-id=\"259\" class=\"elementor elementor-259\" data-elementor-post-type=\"page\">\n\t\t\t\t<div class=\"elementor-element elementor-element-abb877f e-flex e-con-boxed e-con e-parent\" data-id=\"abb877f\" data-element_type=\"container\">\n\t\t\t\t\t<div class=\"e-con-inner\">\n\t\t<div class=\"elementor-element elementor-element-82153af e-con-full e-flex e-con e-child\" data-id=\"82153af\" data-element_type=\"container\">\n\t\t\t\t<div class=\"elementor-element elementor-element-b617f08 elementor-skin-slideshow elementor-arrows-yes elementor-widget elementor-widget-media-carousel\" data-id=\"b617f08\" data-element_type=\"widget\" data-settings=\"{&quot;skin&quot;:&quot;slideshow&quot;,&quot;effect&quot;:&quot;fade&quot;,&quot;slideshow_slides_per_view&quot;:&quot;2&quot;,&quot;show_arrows&quot;:&quot;yes&quot;,&quot;speed&quot;:500,&quot;autoplay&quot;:&quot;yes&quot;,&quot;autoplay_speed&quot;:5000,&quot;loop&quot;:&quot;yes&quot;,&quot;pause_on_hover&quot;:&quot;yes&quot;,&quot;pause_on_interaction&quot;:&quot;yes&quot;,&quot;space_between&quot;:{&quot;unit&quot;:&quot;px&quot;,&quot;size&quot;:10,&quot;sizes&quot;:[]},&quot;space_between_tablet&quot;:{&quot;unit&quot;:&quot;px&quot;,&quot;size&quot;:10,&quot;sizes&quot;:[]},&quot;space_between_mobile&quot;:{&quot;unit&quot;:&quot;px&quot;,&quot;size&quot;:10,&quot;sizes&quot;:[]}}\" data-widget_type=\"media-carousel.default\">\n\t\t\t\t<div class=\"elementor-widget-container\">\n\t\t\t\t\t\t\t\t\t<div class=\"elementor-swiper\">\n\t\t\t\t\t<div class=\"elementor-main-swiper swiper\" role=\"region\" aria-roledescription=\"carousel\" aria-label=\"Prezent\u00e1cie\">\n\t\t\t\t<div class=\"swiper-wrapper\">\n\t\t\t\t\t\t\t\t\t\t\t<div class=\"swiper-slide\" role=\"group\" aria-roledescription=\"slide\">\n\t\t\t\t\t\t\t\t\t<div class=\"elementor-carousel-image\" role=\"img\" aria-label=\"Taven\u00e9 kremenn\u00e9 sklenen\u00e9 tabule\" style=\"background-image: url(&#039;https:\/\/exactquartz.com\/wp-content\/uploads\/2025\/03\/Fused-Silica-Quartz-Glass-Sheets-Plate.webp&#039;)\">\n\n\t\t\t\n\t\t\t\t\t<\/div>\n\t\t\t\t\t\t\t\t<\/div>\n\t\t\t\t\t\t\t\t\t\t\t<div class=\"swiper-slide\" role=\"group\" aria-roledescription=\"slide\">\n\t\t\t\t\t\t\t\t\t<div class=\"elementor-carousel-image\" role=\"img\" aria-label=\"Taven\u00e9 kremenn\u00e9 sklenen\u00e9 tabule 2\" style=\"background-image: url(&#039;https:\/\/exactquartz.com\/wp-content\/uploads\/2025\/03\/Fused-Silica-Quartz-Glass-Sheets-Plate-2.webp&#039;)\">\n\n\t\t\t\n\t\t\t\t\t<\/div>\n\t\t\t\t\t\t\t\t<\/div>\n\t\t\t\t\t\t\t\t\t<\/div>\n\t\t\t\t\t\t\t\t\t\t\t\t\t\t\t<div class=\"elementor-swiper-button elementor-swiper-button-prev\" role=\"button\" tabindex=\"0\" aria-label=\"El\u0151z\u0151\" data-no-translation-aria-label=\"\">\n\t\t\t\t\t\t\t<svg aria-hidden=\"true\" class=\"e-font-icon-svg e-eicon-chevron-left\" viewbox=\"0 0 1000 1000\" xmlns=\"http:\/\/www.w3.org\/2000\/svg\"><path d=\"M646 125C629 125 613 133 604 142L308 442C296 454 292 471 292 487 292 504 296 521 308 533L604 854C617 867 629 875 646 875 663 875 679 871 692 858 704 846 713 829 713 812 713 796 708 779 692 767L438 487 692 225C700 217 708 204 708 187 708 171 704 154 692 142 675 129 663 125 646 125Z\"><\/path><\/svg>\t\t\t\t\t\t<\/div>\n\t\t\t\t\t\t<div class=\"elementor-swiper-button elementor-swiper-button-next\" role=\"button\" tabindex=\"0\" aria-label=\"K\u00f6vetkez\u0151\" data-no-translation-aria-label=\"\">\n\t\t\t\t\t\t\t<svg aria-hidden=\"true\" class=\"e-font-icon-svg e-eicon-chevron-right\" viewbox=\"0 0 1000 1000\" xmlns=\"http:\/\/www.w3.org\/2000\/svg\"><path d=\"M696 533C708 521 713 504 713 487 713 471 708 454 696 446L400 146C388 133 375 125 354 125 338 125 325 129 313 142 300 154 292 171 292 187 292 204 296 221 308 233L563 492 304 771C292 783 288 800 288 817 288 833 296 850 308 863 321 871 338 875 354 875 371 875 388 867 400 854L696 533Z\"><\/path><\/svg>\t\t\t\t\t\t<\/div>\n\t\t\t\t\t\t\t\t\t\t\t\t\t\t\t\t\t<\/div>\n\t\t\t\t<\/div>\n\t\t\t\t\t\t\t\t<div class=\"elementor-swiper\">\n\t\t\t\t\t<div class=\"elementor-main-swiper swiper elementor-thumbnails-swiper swiper\" role=\"region region\" aria-roledescription=\"carousel carousel\" aria-label=\"Slides Slides\">\n\t\t\t\t<div class=\"swiper-wrapper\">\n\t\t\t\t\t\t\t\t\t\t\t<div class=\"swiper-slide\" role=\"group\" aria-roledescription=\"slide\">\n\t\t\t\t\t\t\t\t\t<div class=\"elementor-carousel-image\" role=\"img\" aria-label=\"Taven\u00e9 kremenn\u00e9 sklenen\u00e9 tabule\" style=\"background-image: url(&#039;https:\/\/exactquartz.com\/wp-content\/uploads\/2025\/03\/Fused-Silica-Quartz-Glass-Sheets-Plate.webp&#039;)\">\n\n\t\t\t\n\t\t\t\t\t<\/div>\n\t\t\t\t\t\t\t\t<\/div>\n\t\t\t\t\t\t\t\t\t\t\t<div class=\"swiper-slide\" role=\"group\" aria-roledescription=\"slide\">\n\t\t\t\t\t\t\t\t\t<div class=\"elementor-carousel-image\" role=\"img\" aria-label=\"Taven\u00e9 kremenn\u00e9 sklenen\u00e9 tabule 2\" style=\"background-image: url(&#039;https:\/\/exactquartz.com\/wp-content\/uploads\/2025\/03\/Fused-Silica-Quartz-Glass-Sheets-Plate-2.webp&#039;)\">\n\n\t\t\t\n\t\t\t\t\t<\/div>\n\t\t\t\t\t\t\t\t<\/div>\n\t\t\t\t\t\t\t\t\t<\/div>\n\t\t\t\t\t\t\t\t\t\t\t\t\t\t\t\t\t\t\t\t\t<\/div>\n\t\t\t\t<\/div>\n\t\t\t\t\t\t\t\t<\/div>\n\t\t\t\t<\/div>\n\t\t\t\t<\/div>\n\t\t<div class=\"elementor-element elementor-element-c514cbd e-con-full e-flex e-con e-child\" data-id=\"c514cbd\" data-element_type=\"container\">\n\t\t\t\t<div class=\"elementor-element elementor-element-70d5eba elementor-widget elementor-widget-heading\" data-id=\"70d5eba\" data-element_type=\"widget\" data-widget_type=\"heading.default\">\n\t\t\t\t<div class=\"elementor-widget-container\">\n\t\t\t\t\t<h2 class=\"elementor-heading-title elementor-size-default\">Le\u0161ten\u00e9 dosky z taven\u00e9ho kremi\u010dit\u00e9ho kreme\u0148a - obojstrann\u00e9 sklo<\/h2>\t\t\t\t<\/div>\n\t\t\t\t<\/div>\n\t\t\t\t<div class=\"elementor-element elementor-element-ac956f7 elementor-widget elementor-widget-text-editor\" data-id=\"ac956f7\" data-element_type=\"widget\" data-widget_type=\"text-editor.default\">\n\t\t\t\t<div class=\"elementor-widget-container\">\n\t\t\t\t\t\t\t\t\t<ul><li>Vysokokvalitn\u00e9 silik\u00e1tov\u00e9 taven\u00e9 le\u0161ten\u00e9 kremenn\u00e9 sklenen\u00e9 platne\/disky<\/li><li>Teplota bodu topenia: 1700 stup\u0148ov Celzia<\/li><li>Funkcia: Vysok\u00e1 priepustnos\u0165 svetla<\/li><li>Ve\u013ekos\u0165: .<\/li><li>Povrchov\u00e1 \u00faprava: Le\u0161ten\u00fd<\/li><li>Tvar: \u0160tvorcov\u00fd\/kruhov\u00fd<\/li><li>\u010cistota: 99,99% Krem\u00edk<\/li><li>Prepravn\u00e9 balenie: \u0161tandardn\u00e9 v\u00fdvozn\u00e9 dreven\u00e9 puzdro<\/li><li>\u0160pecifik\u00e1cia: mo\u017eno prisp\u00f4sobi\u0165<\/li><li>P\u00f4vod: Vyroben\u00e9 v \u010c\u00edne<\/li><\/ul>\t\t\t\t\t\t\t\t<\/div>\n\t\t\t\t<\/div>\n\t\t\t\t<div class=\"elementor-element elementor-element-df8034f elementor-align-left elementor-widget elementor-widget-button\" data-id=\"df8034f\" data-element_type=\"widget\" data-widget_type=\"button.default\">\n\t\t\t\t<div class=\"elementor-widget-container\">\n\t\t\t\t\t\t\t\t\t<div class=\"elementor-button-wrapper\">\n\t\t\t\t\t<a class=\"elementor-button elementor-button-link elementor-size-sm\" href=\"#elementor-action%3Aaction%3Dpopup%3Aopen%26settings%3DeyJpZCI6IjEyNzUiLCJ0b2dnbGUiOmZhbHNlfQ%3D%3D\">\n\t\t\t\t\t\t<span class=\"elementor-button-content-wrapper\">\n\t\t\t\t\t\t\t\t\t<span class=\"elementor-button-text\">R\u00fdchla cit\u00e1cia<\/span>\n\t\t\t\t\t<\/span>\n\t\t\t\t\t<\/a>\n\t\t\t\t<\/div>\n\t\t\t\t\t\t\t\t<\/div>\n\t\t\t\t<\/div>\n\t\t\t\t<\/div>\n\t\t\t\t\t<\/div>\n\t\t\t\t<\/div>\n\t\t<div class=\"elementor-element elementor-element-a2ed80c e-flex e-con-boxed e-con e-parent\" data-id=\"a2ed80c\" data-element_type=\"container\">\n\t\t\t\t\t<div class=\"e-con-inner\">\n\t\t\t\t<div class=\"elementor-element elementor-element-1055203 elementor-widget elementor-widget-heading\" data-id=\"1055203\" data-element_type=\"widget\" data-widget_type=\"heading.default\">\n\t\t\t\t<div class=\"elementor-widget-container\">\n\t\t\t\t\t<h3 class=\"elementor-heading-title elementor-size-default\">Podrobnosti:<\/h3>\t\t\t\t<\/div>\n\t\t\t\t<\/div>\n\t\t\t\t<div class=\"elementor-element elementor-element-ceddc61 elementor-widget elementor-widget-text-editor\" data-id=\"ceddc61\" data-element_type=\"widget\" data-widget_type=\"text-editor.default\">\n\t\t\t\t<div class=\"elementor-widget-container\">\n\t\t\t\t\t\t\t\t\t<p>Obojstranne le\u0161ten\u00e1 doska z taven\u00e9ho kremi\u010dit\u00e9ho kremenn\u00e9ho skla je vysokokvalitn\u00fd materi\u00e1l, ktor\u00fd sa v\u010faka svojim vynikaj\u00facim optick\u00fdm a tepeln\u00fdm vlastnostiam pou\u017e\u00edva v r\u00f4znych aplik\u00e1ci\u00e1ch. Tu s\u00fa podrobnosti o v\u00fdrobku:<\/p><p>1. Materi\u00e1l: Tento materi\u00e1l je vyroben\u00fd z \u010dist\u00e9ho oxidu kremi\u010dit\u00e9ho (SiO2) a je zn\u00e1my svojou vysokou transparentnos\u0165ou, n\u00edzkym koeficientom tepelnej roz\u0165a\u017enosti a vynikaj\u00facou odolnos\u0165ou vo\u010di tepeln\u00fdm \u0161okom.<\/p><p>2. Obojstranne le\u0161ten\u00e9: Sklenen\u00e9 tabule s\u00fa obojstranne le\u0161ten\u00e9, aby sa dosiahol hladk\u00fd a rovn\u00fd povrch, \u010d\u00edm sa zabezpe\u010d\u00ed vysok\u00e1 optick\u00e1 \u010distota a minim\u00e1lny rozptyl svetla.<\/p><p>3. Hr\u00fabka: Hr\u00fabka sklenen\u00fdch tab\u00fa\u013e sa m\u00f4\u017ee l\u00ed\u0161i\u0165 v z\u00e1vislosti od \u0161pecifick\u00fdch po\u017eiadaviek aplik\u00e1cie. Be\u017en\u00e9 mo\u017enosti hr\u00fabky sa pohybuj\u00fa od 0,5 mm do 10 mm.<\/p><p>4. Rozmery: Sklenen\u00e9 tabule s\u00fa k dispoz\u00edcii v r\u00f4znych rozmeroch vr\u00e1tane \u0161tandardn\u00fdch rozmerov alebo rozmerov na mieru pod\u013ea \u0161pecifik\u00e1ci\u00ed z\u00e1kazn\u00edka.<\/p><p>5. Kvalita povrchu: Sklenen\u00e9 tabule maj\u00fa vysok\u00fa kvalitu povrchu bez \u0161krabancov, jamiek alebo in\u00fdch ch\u00fdb, ktor\u00e9 by mohli ovplyvni\u0165 ich optick\u00e9 vlastnosti.<\/p><p>6. Transparentnos\u0165: Kremenn\u00e9 sklo m\u00e1 vynikaj\u00face optick\u00e9 vlastnosti, ktor\u00e9 umo\u017e\u0148uj\u00fa vysok\u00fa priepustnos\u0165 svetla v \u0161irokom rozsahu vlnov\u00fdch d\u013a\u017eok vr\u00e1tane ultrafialov\u00e9ho (UV), vidite\u013en\u00e9ho a infra\u010derven\u00e9ho (IR) spektra.<\/p><p>7. Tepeln\u00e1 stabilita: V\u010faka n\u00edzkemu koeficientu tepelnej roz\u0165a\u017enosti je vysoko odoln\u00e9 vo\u010di tepeln\u00fdm \u0161okom a dok\u00e1\u017ee odola\u0165 vysok\u00fdm teplot\u00e1m a\u017e do 1000 \u00b0C a viac.<\/p><p>8. Chemick\u00e1 odolnos\u0165: Sklenen\u00e9 tabule vykazuj\u00fa vynikaj\u00facu odolnos\u0165 vo\u010di v\u00e4\u010d\u0161ine chemik\u00e1li\u00ed, kysel\u00edn a z\u00e1sad, v\u010faka \u010domu s\u00fa vhodn\u00e9 na pou\u017eitie v n\u00e1ro\u010dn\u00fdch chemick\u00fdch prostrediach.<\/p><p>9. Aplik\u00e1cie: V r\u00f4znych odvetviach vr\u00e1tane optiky, v\u00fdroby polovodi\u010dov, fotovoltaiky, laserovej technol\u00f3gie, telekomunik\u00e1ci\u00ed a v\u00fdskumn\u00fdch laborat\u00f3ri\u00ed. Be\u017ene sa pou\u017e\u00edva na v\u00fdrobu okien, \u0161o\u0161oviek, zrkadiel, hranolov, substr\u00e1tov a in\u00fdch optick\u00fdch komponentov.<\/p><p>10. Balenie: Sklenen\u00e9 tabule s\u00fa starostlivo zabalen\u00e9, aby sa zabezpe\u010dila ich bezpe\u010dn\u00e1 preprava a doru\u010denie a aby boli chr\u00e1nen\u00e9 pred pr\u00edpadn\u00fdm po\u0161koden\u00edm po\u010das prepravy.<\/p>\t\t\t\t\t\t\t\t<\/div>\n\t\t\t\t<\/div>\n\t\t\t\t\t<\/div>\n\t\t\t\t<\/div>\n\t\t\t\t<\/div>","protected":false},"excerpt":{"rendered":"<p>Polished Fused Silica Quartz Plates \u2013 Double Sided Glass High Quality Silica Fused Polished Quartz Glass Plates\/Discs Melting Point Temperature: [&hellip;]<\/p>","protected":false},"author":7,"featured_media":260,"parent":841,"menu_order":0,"comment_status":"closed","ping_status":"closed","template":"","meta":{"_seopress_robots_primary_cat":"","_seopress_titles_title":"Polished Fused Silica Quartz Plates \u2013 Double Sided Glass","_seopress_titles_desc":"High-purity fused silica sheets, double side polished. UV\u2013IR transmission, 99.99% SiO\u2082, 0.5\u201310mm thick. For optics, lasers, semiconductors & substrates.","_seopress_robots_index":"","site-sidebar-layout":"no-sidebar","site-content-layout":"","ast-site-content-layout":"full-width-container","site-content-style":"default","site-sidebar-style":"default","ast-global-header-display":"","ast-banner-title-visibility":"","ast-main-header-display":"","ast-hfb-above-header-display":"","ast-hfb-below-header-display":"","ast-hfb-mobile-header-display":"","site-post-title":"disabled","ast-breadcrumbs-content":"","ast-featured-img":"disabled","footer-sml-layout":"","theme-transparent-header-meta":"","adv-header-id-meta":"","stick-header-meta":"","header-above-stick-meta":"","header-main-stick-meta":"","header-below-stick-meta":"","astra-migrate-meta-layouts":"default","ast-page-background-enabled":"default","ast-page-background-meta":{"desktop":{"background-color":"var(--ast-global-color-5)","background-image":"","background-repeat":"repeat","background-position":"center center","background-size":"auto","background-attachment":"scroll","background-type":"","background-media":"","overlay-type":"","overlay-color":"","overlay-opacity":"","overlay-gradient":""},"tablet":{"background-color":"","background-image":"","background-repeat":"repeat","background-position":"center center","background-size":"auto","background-attachment":"scroll","background-type":"","background-media":"","overlay-type":"","overlay-color":"","overlay-opacity":"","overlay-gradient":""},"mobile":{"background-color":"","background-image":"","background-repeat":"repeat","background-position":"center center","background-size":"auto","background-attachment":"scroll","background-type":"","background-media":"","overlay-type":"","overlay-color":"","overlay-opacity":"","overlay-gradient":""}},"ast-content-background-meta":{"desktop":{"background-color":"var(--ast-global-color-4)","background-image":"","background-repeat":"repeat","background-position":"center center","background-size":"auto","background-attachment":"scroll","background-type":"","background-media":"","overlay-type":"","overlay-color":"","overlay-opacity":"","overlay-gradient":""},"tablet":{"background-color":"var(--ast-global-color-4)","background-image":"","background-repeat":"repeat","background-position":"center center","background-size":"auto","background-attachment":"scroll","background-type":"","background-media":"","overlay-type":"","overlay-color":"","overlay-opacity":"","overlay-gradient":""},"mobile":{"background-color":"var(--ast-global-color-4)","background-image":"","background-repeat":"repeat","background-position":"center center","background-size":"auto","background-attachment":"scroll","background-type":"","background-media":"","overlay-type":"","overlay-color":"","overlay-opacity":"","overlay-gradient":""}},"footnotes":""},"class_list":["post-259","page","type-page","status-publish","has-post-thumbnail","hentry"],"_hostinger_reach_plugin_has_subscription_block":false,"_hostinger_reach_plugin_is_elementor":false,"_links":{"self":[{"href":"https:\/\/exactquartz.com\/sk\/wp-json\/wp\/v2\/pages\/259","targetHints":{"allow":["GET"]}}],"collection":[{"href":"https:\/\/exactquartz.com\/sk\/wp-json\/wp\/v2\/pages"}],"about":[{"href":"https:\/\/exactquartz.com\/sk\/wp-json\/wp\/v2\/types\/page"}],"author":[{"embeddable":true,"href":"https:\/\/exactquartz.com\/sk\/wp-json\/wp\/v2\/users\/7"}],"replies":[{"embeddable":true,"href":"https:\/\/exactquartz.com\/sk\/wp-json\/wp\/v2\/comments?post=259"}],"version-history":[{"count":11,"href":"https:\/\/exactquartz.com\/sk\/wp-json\/wp\/v2\/pages\/259\/revisions"}],"predecessor-version":[{"id":1443,"href":"https:\/\/exactquartz.com\/sk\/wp-json\/wp\/v2\/pages\/259\/revisions\/1443"}],"up":[{"embeddable":true,"href":"https:\/\/exactquartz.com\/sk\/wp-json\/wp\/v2\/pages\/841"}],"wp:featuredmedia":[{"embeddable":true,"href":"https:\/\/exactquartz.com\/sk\/wp-json\/wp\/v2\/media\/260"}],"wp:attachment":[{"href":"https:\/\/exactquartz.com\/sk\/wp-json\/wp\/v2\/media?parent=259"}],"curies":[{"name":"wp","href":"https:\/\/api.w.org\/{rel}","templated":true}]}}