{"id":281,"date":"2025-03-27T11:38:48","date_gmt":"2025-03-27T03:38:48","guid":{"rendered":"https:\/\/exactquartz.com\/?page_id=281"},"modified":"2025-04-16T18:29:53","modified_gmt":"2025-04-16T10:29:53","slug":"uv-quartz-polishing-plates","status":"publish","type":"page","link":"https:\/\/exactquartz.com\/sk\/quartz-discs-and-plates\/uv-quartz-polishing-plates\/","title":{"rendered":"UV le\u0161tiace dosky z kreme\u0148a"},"content":{"rendered":"<div data-elementor-type=\"wp-page\" data-elementor-id=\"281\" class=\"elementor elementor-281\" data-elementor-post-type=\"page\">\n\t\t\t\t<div class=\"elementor-element elementor-element-d2bc4f1 e-flex e-con-boxed e-con e-parent\" data-id=\"d2bc4f1\" data-element_type=\"container\">\n\t\t\t\t\t<div class=\"e-con-inner\">\n\t\t<div class=\"elementor-element elementor-element-6d0fc6f e-con-full e-flex e-con e-child\" data-id=\"6d0fc6f\" data-element_type=\"container\">\n\t\t\t\t<div class=\"elementor-element elementor-element-70fde5e elementor-widget elementor-widget-image\" data-id=\"70fde5e\" data-element_type=\"widget\" data-widget_type=\"image.default\">\n\t\t\t\t<div class=\"elementor-widget-container\">\n\t\t\t\t\t\t\t\t\t\t\t\t\t\t\t<img fetchpriority=\"high\" decoding=\"async\" width=\"500\" height=\"373\" src=\"https:\/\/exactquartz.com\/wp-content\/uploads\/2025\/03\/UV-quartz-polishing-plates-high-transparency-ultraviolet-quartz-plates.webp\" class=\"attachment-large size-large wp-image-382\" alt=\"UV kremenn\u00e9 le\u0161tiace dosky, vysoko transparentn\u00e9 ultrafialov\u00e9 kremenn\u00e9 dosky\" srcset=\"https:\/\/exactquartz.com\/wp-content\/uploads\/2025\/03\/UV-quartz-polishing-plates-high-transparency-ultraviolet-quartz-plates.webp 500w, https:\/\/exactquartz.com\/wp-content\/uploads\/2025\/03\/UV-quartz-polishing-plates-high-transparency-ultraviolet-quartz-plates-300x224.webp 300w\" sizes=\"(max-width: 500px) 100vw, 500px\" \/>\t\t\t\t\t\t\t\t\t\t\t\t\t\t\t<\/div>\n\t\t\t\t<\/div>\n\t\t\t\t<\/div>\n\t\t<div class=\"elementor-element elementor-element-2a56432 e-con-full e-flex e-con e-child\" data-id=\"2a56432\" data-element_type=\"container\">\n\t\t\t\t<div class=\"elementor-element elementor-element-70d5eba elementor-widget elementor-widget-heading\" data-id=\"70d5eba\" data-element_type=\"widget\" data-widget_type=\"heading.default\">\n\t\t\t\t<div class=\"elementor-widget-container\">\n\t\t\t\t\t<h2 class=\"elementor-heading-title elementor-size-default\">UV le\u0161tiace dosky z kreme\u0148a<\/h2>\t\t\t\t<\/div>\n\t\t\t\t<\/div>\n\t\t\t\t<div class=\"elementor-element elementor-element-ac956f7 elementor-widget elementor-widget-text-editor\" data-id=\"ac956f7\" data-element_type=\"widget\" data-widget_type=\"text-editor.default\">\n\t\t\t\t<div class=\"elementor-widget-container\">\n\t\t\t\t\t\t\t\t\t<p>Pon\u00fakame priame dod\u00e1vky na z\u00e1kazku vyroben\u00fdch UV kremenn\u00fdch le\u0161tiacich dosiek, ultrafialov\u00fdch kremenn\u00fdch dosiek s vysokou prieh\u013eadnos\u0165ou a okenn\u00fdch dosiek na z\u00e1klade v\u00fdkresov alebo vzoriek poskytnut\u00fdch z\u00e1kazn\u00edkom. Na\u0161e v\u00fdrobky sa \u0161iroko pou\u017e\u00edvaj\u00fa v UV laseroch, optick\u00fdch pr\u00edstrojoch a vo v\u00fdrobe polovodi\u010dov.<\/p>\t\t\t\t\t\t\t\t<\/div>\n\t\t\t\t<\/div>\n\t\t\t\t<div class=\"elementor-element elementor-element-1eb84e3 elementor-align-left elementor-widget elementor-widget-button\" data-id=\"1eb84e3\" data-element_type=\"widget\" data-widget_type=\"button.default\">\n\t\t\t\t<div class=\"elementor-widget-container\">\n\t\t\t\t\t\t\t\t\t<div class=\"elementor-button-wrapper\">\n\t\t\t\t\t<a class=\"elementor-button elementor-button-link elementor-size-sm\" href=\"#elementor-action%3Aaction%3Dpopup%3Aopen%26settings%3DeyJpZCI6IjEyNzUiLCJ0b2dnbGUiOmZhbHNlfQ%3D%3D\">\n\t\t\t\t\t\t<span class=\"elementor-button-content-wrapper\">\n\t\t\t\t\t\t\t\t\t<span class=\"elementor-button-text\">R\u00fdchla cit\u00e1cia<\/span>\n\t\t\t\t\t<\/span>\n\t\t\t\t\t<\/a>\n\t\t\t\t<\/div>\n\t\t\t\t\t\t\t\t<\/div>\n\t\t\t\t<\/div>\n\t\t\t\t<\/div>\n\t\t\t\t\t<\/div>\n\t\t\t\t<\/div>\n\t\t<div class=\"elementor-element elementor-element-a2ed80c e-flex e-con-boxed e-con e-parent\" data-id=\"a2ed80c\" data-element_type=\"container\">\n\t\t\t\t\t<div class=\"e-con-inner\">\n\t\t\t\t<div class=\"elementor-element elementor-element-ceddc61 elementor-widget elementor-widget-text-editor\" data-id=\"ceddc61\" data-element_type=\"widget\" data-widget_type=\"text-editor.default\">\n\t\t\t\t<div class=\"elementor-widget-container\">\n\t\t\t\t\t\t\t\t\t<p>Vysokokvalitn\u00e9 kremenn\u00e9 sklenen\u00e9 platne\/kot\u00fa\u010de s\u00fa typom sklenen\u00e9ho riadu, ktor\u00fd sa \u0161iroko pou\u017e\u00edva v r\u00f4znych priemyseln\u00fdch odvetviach vr\u00e1tane polovodi\u010dov\u00e9ho, optick\u00e9ho a laborat\u00f3rneho. S\u00fa vyroben\u00e9 z vysoko \u010dist\u00e9ho taven\u00e9ho kremenn\u00e9ho skla, v\u010faka \u010domu s\u00fa vysoko odoln\u00e9 vo\u010di tepeln\u00fdm \u0161okom a chemickej kor\u00f3zii. Tieto platne a disky sa vyzna\u010duj\u00fa vynikaj\u00facimi optick\u00fdmi vlastnos\u0165ami, vysokou priepustnos\u0165ou a n\u00edzkym koeficientom tepelnej roz\u0165a\u017enosti. M\u00f4\u017eu by\u0165 prisp\u00f4soben\u00e9 tak, aby sp\u013a\u0148ali \u0161pecifick\u00e9 po\u017eiadavky, ako je ve\u013ekos\u0165, hr\u00fabka a povrchov\u00e1 \u00faprava. V\u010faka svojim jedine\u010dn\u00fdm vlastnostiam s\u00fa vysokokvalitn\u00e9 dosky\/disky z kremenn\u00e9ho skla ide\u00e1lne na pou\u017eitie v aplik\u00e1ci\u00e1ch, ktor\u00e9 si vy\u017eaduj\u00fa vysok\u00fa presnos\u0165, ako je spracovanie do\u0161ti\u010diek, optick\u00e9 okn\u00e1 a chemick\u00e1 anal\u00fdza.<\/p>\t\t\t\t\t\t\t\t<\/div>\n\t\t\t\t<\/div>\n\t\t\t\t<div class=\"elementor-element elementor-element-b7e9c99 elementor-widget elementor-widget-heading\" data-id=\"b7e9c99\" data-element_type=\"widget\" data-widget_type=\"heading.default\">\n\t\t\t\t<div class=\"elementor-widget-container\">\n\t\t\t\t\t<h3 class=\"elementor-heading-title elementor-size-default\">\u00davod:<\/h3>\t\t\t\t<\/div>\n\t\t\t\t<\/div>\n\t\t\t\t<div class=\"elementor-element elementor-element-281af31 elementor-widget elementor-widget-text-editor\" data-id=\"281af31\" data-element_type=\"widget\" data-widget_type=\"text-editor.default\">\n\t\t\t\t<div class=\"elementor-widget-container\">\n\t\t\t\t\t\t\t\t\t<p>Optick\u00e9 kremenn\u00e9 le\u0161tiace dosky s\u00fa z\u00e1kladn\u00fdmi komponentmi v r\u00f4znych priemyseln\u00fdch odvetviach, ktor\u00e9 poskytuj\u00fa potrebn\u00fa presnos\u0165 a v\u00fdkon pre kritick\u00e9 aplik\u00e1cie. Cie\u013eom tohto \u010dl\u00e1nku je presk\u00fama\u0165 k\u013e\u00fa\u010dov\u00e9 vlastnosti, v\u00fdhody a numerick\u00e9 aspekty optick\u00fdch kremenn\u00fdch le\u0161tiacich dosiek a objasni\u0165 ich v\u00fdznam pri dosahovan\u00ed vynikaj\u00facej optickej kvality.<span id=\"7\" class=\"notranslate immersive-translate-target-wrapper\" lang=\"zh-CN\" translate=\"no\" data-immersive-translate-loading-id=\"\">\u00a0<\/span><\/p>\t\t\t\t\t\t\t\t<\/div>\n\t\t\t\t<\/div>\n\t\t\t\t<div class=\"elementor-element elementor-element-fe0cb41 elementor-widget elementor-widget-heading\" data-id=\"fe0cb41\" data-element_type=\"widget\" data-widget_type=\"heading.default\">\n\t\t\t\t<div class=\"elementor-widget-container\">\n\t\t\t\t\t<h3 class=\"elementor-heading-title elementor-size-default\">1. V\u00fdnimo\u010dn\u00e1 rovinnos\u0165:<\/h3>\t\t\t\t<\/div>\n\t\t\t\t<\/div>\n\t\t\t\t<div class=\"elementor-element elementor-element-733f615 elementor-widget elementor-widget-text-editor\" data-id=\"733f615\" data-element_type=\"widget\" data-widget_type=\"text-editor.default\">\n\t\t\t\t<div class=\"elementor-widget-container\">\n\t\t\t\t\t\t\t\t\t<p>Le\u0161tiace dosky z optick\u00e9ho kreme\u0148a s\u00fa zn\u00e1me svojou v\u00fdnimo\u010dnou rovinnos\u0165ou, ktor\u00e1 zabezpe\u010duje rovnomernos\u0165 a konzistenciu le\u0161ten\u00fdch povrchov. Tieto dosky m\u00f4\u017eu dosiahnu\u0165 \u00farove\u0148 rovinnosti a\u017e \u03bb\/10 (kde \u03bb je vlnov\u00e1 d\u013a\u017eka svetla), \u010do zaru\u010duje minim\u00e1lne skreslenie povrchu a zachovanie integrity optick\u00fdch syst\u00e9mov.<\/p>\t\t\t\t\t\t\t\t<\/div>\n\t\t\t\t<\/div>\n\t\t\t\t<div class=\"elementor-element elementor-element-39cf9eb elementor-widget elementor-widget-heading\" data-id=\"39cf9eb\" data-element_type=\"widget\" data-widget_type=\"heading.default\">\n\t\t\t\t<div class=\"elementor-widget-container\">\n\t\t\t\t\t<h3 class=\"elementor-heading-title elementor-size-default\">2. Drsnos\u0165 povrchu pod \u00farov\u0148ou Angstromu:<\/h3>\t\t\t\t<\/div>\n\t\t\t\t<\/div>\n\t\t\t\t<div class=\"elementor-element elementor-element-cc3d847 elementor-widget elementor-widget-text-editor\" data-id=\"cc3d847\" data-element_type=\"widget\" data-widget_type=\"text-editor.default\">\n\t\t\t\t<div class=\"elementor-widget-container\">\n\t\t\t\t\t\t\t\t\t<p>Drsnos\u0165 povrchu zohr\u00e1va k\u013e\u00fa\u010dov\u00fa \u00falohu pri ur\u010dovan\u00ed optickej kvality le\u0161ten\u00fdch povrchov. Optick\u00e9 kremenn\u00e9 le\u0161tiace dosky sa vyzna\u010duj\u00fa subangstr\u00f6movou drsnos\u0165ou povrchu, zvy\u010dajne v rozsahu 0,1 - 0,5 \u00c5 (angstr\u00f6mov). T\u00e1to ultrahladk\u00e1 povrchov\u00e1 \u00faprava minimalizuje rozptyl a odraz, \u010d\u00edm sa maximalizuje prenos svetla a zvy\u0161uje celkov\u00fd optick\u00fd v\u00fdkon.<\/p>\t\t\t\t\t\t\t\t<\/div>\n\t\t\t\t<\/div>\n\t\t\t\t<div class=\"elementor-element elementor-element-e7a94c2 elementor-widget elementor-widget-heading\" data-id=\"e7a94c2\" data-element_type=\"widget\" data-widget_type=\"heading.default\">\n\t\t\t\t<div class=\"elementor-widget-container\">\n\t\t\t\t\t<h3 class=\"elementor-heading-title elementor-size-default\">3. Vysok\u00e1 \u010distota materi\u00e1lu:<\/h3>\t\t\t\t<\/div>\n\t\t\t\t<\/div>\n\t\t\t\t<div class=\"elementor-element elementor-element-529c317 elementor-widget elementor-widget-text-editor\" data-id=\"529c317\" data-element_type=\"widget\" data-widget_type=\"text-editor.default\">\n\t\t\t\t<div class=\"elementor-widget-container\">\n\t\t\t\t\t\t\t\t\t<p>Optick\u00e9 le\u0161tiace dosky z kreme\u0148a sa vyr\u00e1baj\u00fa z vysoko \u010dist\u00e9ho kreme\u0148a, \u010do zaru\u010duje minimum ne\u010dist\u00f4t a vynikaj\u00facu optick\u00fa \u010distotu. \u010cistota materi\u00e1lu priamo ovplyv\u0148uje prenos a kvalitu svetla prech\u00e1dzaj\u00faceho cez le\u0161ten\u00e9 povrchy. Be\u017ene sa pou\u017e\u00edvaj\u00fa kremenn\u00e9 dosky s \u010distotou vy\u0161\u0161ou ako 99,99%, ktor\u00e9 umo\u017e\u0148uj\u00fa presn\u00fa kontrolu svetla v aplik\u00e1ci\u00e1ch, ako je mikroskopia, spektroskopia a laserov\u00e9 syst\u00e9my.<\/p>\t\t\t\t\t\t\t\t<\/div>\n\t\t\t\t<\/div>\n\t\t\t\t<div class=\"elementor-element elementor-element-a438a24 elementor-widget elementor-widget-heading\" data-id=\"a438a24\" data-element_type=\"widget\" data-widget_type=\"heading.default\">\n\t\t\t\t<div class=\"elementor-widget-container\">\n\t\t\t\t\t<h3 class=\"elementor-heading-title elementor-size-default\">4. Tolerancia a rozmerov\u00e1 presnos\u0165:<\/h3>\t\t\t\t<\/div>\n\t\t\t\t<\/div>\n\t\t\t\t<div class=\"elementor-element elementor-element-2c83de3 elementor-widget elementor-widget-text-editor\" data-id=\"2c83de3\" data-element_type=\"widget\" data-widget_type=\"text-editor.default\">\n\t\t\t\t<div class=\"elementor-widget-container\">\n\t\t\t\t\t\t\t\t\t<p>Na splnenie pr\u00edsnych po\u017eiadaviek optick\u00fdch aplik\u00e1ci\u00ed sa kremenn\u00e9 le\u0161tiace dosky vyr\u00e1baj\u00fa s vysokou rozmerovou presnos\u0165ou a pr\u00edsnymi toleranciami. Typick\u00e9 rozmerov\u00e9 tolerancie t\u00fdchto dosiek sa pohybuj\u00fa od \u00b10,01 mm do \u00b10,05 mm, \u010d\u00edm sa zabezpe\u010duje presn\u00e9 zarovnanie a kompatibilita s optick\u00fdmi syst\u00e9mami. T\u00e1to \u00farove\u0148 presnosti zaru\u010duje optim\u00e1lny v\u00fdkon a zabra\u0148uje ak\u00fdmko\u013evek \u0161kodliv\u00fdm \u00fa\u010dinkom sp\u00f4soben\u00fdm nespr\u00e1vnym zarovnan\u00edm alebo nes\u00faladom.<\/p>\t\t\t\t\t\t\t\t<\/div>\n\t\t\t\t<\/div>\n\t\t\t\t<div class=\"elementor-element elementor-element-a84143a elementor-widget elementor-widget-heading\" data-id=\"a84143a\" data-element_type=\"widget\" data-widget_type=\"heading.default\">\n\t\t\t\t<div class=\"elementor-widget-container\">\n\t\t\t\t\t<h3 class=\"elementor-heading-title elementor-size-default\">5. Mo\u017enosti prisp\u00f4sobenia:<\/h3>\t\t\t\t<\/div>\n\t\t\t\t<\/div>\n\t\t\t\t<div class=\"elementor-element elementor-element-a769174 elementor-widget elementor-widget-text-editor\" data-id=\"a769174\" data-element_type=\"widget\" data-widget_type=\"text-editor.default\">\n\t\t\t\t<div class=\"elementor-widget-container\">\n\t\t\t\t\t\t\t\t\t<p>Optick\u00e9 le\u0161tiace dosky z kreme\u0148a pon\u00fakaj\u00fa rozsiahle mo\u017enosti prisp\u00f4sobenia, ktor\u00e9 umo\u017e\u0148uj\u00fa rie\u0161enia \u0161it\u00e9 na mieru \u0161pecifick\u00fdm potreb\u00e1m aplik\u00e1cie. Na splnenie presn\u00fdch po\u017eiadaviek je mo\u017en\u00e9 vyrobi\u0165 vlastn\u00e9 tvary, ve\u013ekosti a hr\u00fabky. Okrem toho je mo\u017en\u00e9 pou\u017ei\u0165 \u0161pecifick\u00e9 povrchov\u00e9 \u00fapravy, povlaky a \u00fapravy hr\u00e1n na \u010fal\u0161ie zv\u00fd\u0161enie v\u00fdkonu a funk\u010dnosti.<\/p>\t\t\t\t\t\t\t\t<\/div>\n\t\t\t\t<\/div>\n\t\t\t\t<div class=\"elementor-element elementor-element-596ad3d elementor-widget elementor-widget-heading\" data-id=\"596ad3d\" data-element_type=\"widget\" data-widget_type=\"heading.default\">\n\t\t\t\t<div class=\"elementor-widget-container\">\n\t\t\t\t\t<h3 class=\"elementor-heading-title elementor-size-default\">Z\u00e1ver: <\/h3>\t\t\t\t<\/div>\n\t\t\t\t<\/div>\n\t\t\t\t<div class=\"elementor-element elementor-element-0549bf7 elementor-widget elementor-widget-text-editor\" data-id=\"0549bf7\" data-element_type=\"widget\" data-widget_type=\"text-editor.default\">\n\t\t\t\t<div class=\"elementor-widget-container\">\n\t\t\t\t\t\t\t\t\t<p>Optick\u00e9 le\u0161tiace dosky z kreme\u0148a s\u00fa kritick\u00e9 komponenty, ktor\u00e9 prispievaj\u00fa k dosiahnutiu vynikaj\u00facej optickej kvality v r\u00f4znych priemyseln\u00fdch odvetviach. V\u010faka v\u00fdnimo\u010dnej rovinnosti, subangstr\u00f6movej drsnosti povrchu, vysokej \u010distote materi\u00e1lu a presnej rozmerovej presnosti tieto dosky zabezpe\u010duj\u00fa optim\u00e1lny prenos svetla a minimalizuj\u00fa skreslenie povrchu. Mo\u017enos\u0165 prisp\u00f4sobenia t\u00fdchto dosiek \u010falej zvy\u0161uje ich v\u0161estrannos\u0165, \u010do umo\u017e\u0148uje rie\u0161enia \u0161it\u00e9 na mieru pre konkr\u00e9tne aplik\u00e1cie. Ke\u010f\u017ee presn\u00e1 optika na\u010falej napreduje, o\u010dak\u00e1va sa, \u017ee dopyt po vysoko v\u00fdkonn\u00fdch optick\u00fdch kremenn\u00fdch le\u0161tiacich dosk\u00e1ch bude r\u00e1s\u0165, \u010do bude podporova\u0165 inov\u00e1cie a pos\u00fava\u0165 hranice optickej technol\u00f3gie.<\/p>\t\t\t\t\t\t\t\t<\/div>\n\t\t\t\t<\/div>\n\t\t\t\t\t<\/div>\n\t\t\t\t<\/div>\n\t\t\t\t<\/div>","protected":false},"excerpt":{"rendered":"<p>UV Quartz Polishing Plates We offer direct supply of custom-made UV quartz polishing plates, high-transparency ultraviolet quartz plates, and window [&hellip;]<\/p>","protected":false},"author":7,"featured_media":382,"parent":841,"menu_order":0,"comment_status":"closed","ping_status":"closed","template":"","meta":{"_seopress_robots_primary_cat":"","_seopress_titles_title":"UV Quartz Polishing Plates \u2013 Sub-\u00c5 Surface & \u03bb\/10 Flatness","_seopress_titles_desc":"High-transparency UV quartz plates with \u03bb\/10 flatness & 0.1\u20130.5\u00c5 roughness. Custom round\/square windows for laser optics, semiconductors & instruments.","_seopress_robots_index":"","site-sidebar-layout":"no-sidebar","site-content-layout":"","ast-site-content-layout":"full-width-container","site-content-style":"default","site-sidebar-style":"default","ast-global-header-display":"","ast-banner-title-visibility":"","ast-main-header-display":"","ast-hfb-above-header-display":"","ast-hfb-below-header-display":"","ast-hfb-mobile-header-display":"","site-post-title":"disabled","ast-breadcrumbs-content":"","ast-featured-img":"disabled","footer-sml-layout":"","theme-transparent-header-meta":"","adv-header-id-meta":"","stick-header-meta":"","header-above-stick-meta":"","header-main-stick-meta":"","header-below-stick-meta":"","astra-migrate-meta-layouts":"default","ast-page-background-enabled":"default","ast-page-background-meta":{"desktop":{"background-color":"var(--ast-global-color-5)","background-image":"","background-repeat":"repeat","background-position":"center center","background-size":"auto","background-attachment":"scroll","background-type":"","background-media":"","overlay-type":"","overlay-color":"","overlay-opacity":"","overlay-gradient":""},"tablet":{"background-color":"","background-image":"","background-repeat":"repeat","background-position":"center center","background-size":"auto","background-attachment":"scroll","background-type":"","background-media":"","overlay-type":"","overlay-color":"","overlay-opacity":"","overlay-gradient":""},"mobile":{"background-color":"","background-image":"","background-repeat":"repeat","background-position":"center center","background-size":"auto","background-attachment":"scroll","background-type":"","background-media":"","overlay-type":"","overlay-color":"","overlay-opacity":"","overlay-gradient":""}},"ast-content-background-meta":{"desktop":{"background-color":"var(--ast-global-color-4)","background-image":"","background-repeat":"repeat","background-position":"center center","background-size":"auto","background-attachment":"scroll","background-type":"","background-media":"","overlay-type":"","overlay-color":"","overlay-opacity":"","overlay-gradient":""},"tablet":{"background-color":"var(--ast-global-color-4)","background-image":"","background-repeat":"repeat","background-position":"center center","background-size":"auto","background-attachment":"scroll","background-type":"","background-media":"","overlay-type":"","overlay-color":"","overlay-opacity":"","overlay-gradient":""},"mobile":{"background-color":"var(--ast-global-color-4)","background-image":"","background-repeat":"repeat","background-position":"center center","background-size":"auto","background-attachment":"scroll","background-type":"","background-media":"","overlay-type":"","overlay-color":"","overlay-opacity":"","overlay-gradient":""}},"footnotes":""},"class_list":["post-281","page","type-page","status-publish","has-post-thumbnail","hentry"],"_hostinger_reach_plugin_has_subscription_block":false,"_hostinger_reach_plugin_is_elementor":false,"_links":{"self":[{"href":"https:\/\/exactquartz.com\/sk\/wp-json\/wp\/v2\/pages\/281","targetHints":{"allow":["GET"]}}],"collection":[{"href":"https:\/\/exactquartz.com\/sk\/wp-json\/wp\/v2\/pages"}],"about":[{"href":"https:\/\/exactquartz.com\/sk\/wp-json\/wp\/v2\/types\/page"}],"author":[{"embeddable":true,"href":"https:\/\/exactquartz.com\/sk\/wp-json\/wp\/v2\/users\/7"}],"replies":[{"embeddable":true,"href":"https:\/\/exactquartz.com\/sk\/wp-json\/wp\/v2\/comments?post=281"}],"version-history":[{"count":20,"href":"https:\/\/exactquartz.com\/sk\/wp-json\/wp\/v2\/pages\/281\/revisions"}],"predecessor-version":[{"id":1437,"href":"https:\/\/exactquartz.com\/sk\/wp-json\/wp\/v2\/pages\/281\/revisions\/1437"}],"up":[{"embeddable":true,"href":"https:\/\/exactquartz.com\/sk\/wp-json\/wp\/v2\/pages\/841"}],"wp:featuredmedia":[{"embeddable":true,"href":"https:\/\/exactquartz.com\/sk\/wp-json\/wp\/v2\/media\/382"}],"wp:attachment":[{"href":"https:\/\/exactquartz.com\/sk\/wp-json\/wp\/v2\/media?parent=281"}],"curies":[{"name":"wp","href":"https:\/\/api.w.org\/{rel}","templated":true}]}}