{"id":311,"date":"2025-03-27T12:06:42","date_gmt":"2025-03-27T04:06:42","guid":{"rendered":"https:\/\/exactquartz.com\/?page_id=311"},"modified":"2025-04-16T18:21:52","modified_gmt":"2025-04-16T10:21:52","slug":"large-diameter-quartz-tubes","status":"publish","type":"page","link":"https:\/\/exactquartz.com\/sk\/high-temp-quartz-solutions\/large-diameter-quartz-tubes\/","title":{"rendered":"Kremenn\u00e9 trubice s ve\u013ek\u00fdm priemerom - odoln\u00e9 vo\u010di teplu a bez oz\u00f3nu"},"content":{"rendered":"<div data-elementor-type=\"wp-page\" data-elementor-id=\"311\" class=\"elementor elementor-311\" data-elementor-post-type=\"page\">\n\t\t\t\t<div class=\"elementor-element elementor-element-d2bc4f1 e-flex e-con-boxed e-con e-parent\" data-id=\"d2bc4f1\" data-element_type=\"container\">\n\t\t\t\t\t<div class=\"e-con-inner\">\n\t\t<div class=\"elementor-element elementor-element-6d0fc6f e-con-full e-flex e-con e-child\" data-id=\"6d0fc6f\" data-element_type=\"container\">\n\t\t\t\t<div class=\"elementor-element elementor-element-899227c elementor-widget elementor-widget-image\" data-id=\"899227c\" data-element_type=\"widget\" data-widget_type=\"image.default\">\n\t\t\t\t<div class=\"elementor-widget-container\">\n\t\t\t\t\t\t\t\t\t\t\t\t\t\t\t<img fetchpriority=\"high\" decoding=\"async\" width=\"500\" height=\"500\" src=\"https:\/\/exactquartz.com\/wp-content\/uploads\/2025\/03\/heat-resistance-transparent-quartz-glass-tube-ozone-generator-High-temperature-large-diameter-quart.webp\" class=\"attachment-large size-large wp-image-405\" alt=\"tepeln\u00e1 odolnos\u0165 transparentn\u00e1 r\u00farka z kremenn\u00e9ho skla gener\u00e1tor oz\u00f3nu vysokoteplotn\u00fd ve\u013ek\u00fd priemer kvarta\" srcset=\"https:\/\/exactquartz.com\/wp-content\/uploads\/2025\/03\/heat-resistance-transparent-quartz-glass-tube-ozone-generator-High-temperature-large-diameter-quart.webp 500w, https:\/\/exactquartz.com\/wp-content\/uploads\/2025\/03\/heat-resistance-transparent-quartz-glass-tube-ozone-generator-High-temperature-large-diameter-quart-300x300.webp 300w, https:\/\/exactquartz.com\/wp-content\/uploads\/2025\/03\/heat-resistance-transparent-quartz-glass-tube-ozone-generator-High-temperature-large-diameter-quart-150x150.webp 150w\" sizes=\"(max-width: 500px) 100vw, 500px\" \/>\t\t\t\t\t\t\t\t\t\t\t\t\t\t\t<\/div>\n\t\t\t\t<\/div>\n\t\t\t\t<\/div>\n\t\t<div class=\"elementor-element elementor-element-2a56432 e-con-full e-flex e-con e-child\" data-id=\"2a56432\" data-element_type=\"container\">\n\t\t\t\t<div class=\"elementor-element elementor-element-70d5eba elementor-widget elementor-widget-heading\" data-id=\"70d5eba\" data-element_type=\"widget\" data-widget_type=\"heading.default\">\n\t\t\t\t<div class=\"elementor-widget-container\">\n\t\t\t\t\t<h2 class=\"elementor-heading-title elementor-size-default\">Kremenn\u00e9 trubice s ve\u013ek\u00fdm priemerom - odoln\u00e9 vo\u010di teplu a bez oz\u00f3nu<\/h2>\t\t\t\t<\/div>\n\t\t\t\t<\/div>\n\t\t\t\t<div class=\"elementor-element elementor-element-ac956f7 elementor-widget elementor-widget-text-editor\" data-id=\"ac956f7\" data-element_type=\"widget\" data-widget_type=\"text-editor.default\">\n\t\t\t\t<div class=\"elementor-widget-container\">\n\t\t\t\t\t\t\t\t\t<p>Typ: Prieh\u013eadn\u00e1 kremenn\u00e1 r\u00farka<br \/>Povrchov\u00e1 \u00faprava: Le\u0161ten\u00fd<br \/>Tvar: Tvar C<br \/>Obsah oz\u00f3nu: Bez oz\u00f3nu<br \/>Slu\u017eba spracovania: Oh\u00fdbanie<br \/>Slu\u017eba spracovania: Zv\u00e1ranie<br \/>Slu\u017eba spracovania: Dierovanie<br \/>Slu\u017eba spracovania: Odv\u00e1p\u0148ovanie<br \/>Slu\u017eba spracovania: Rezanie<br \/>Slu\u017eba spracovania: Formovanie<br \/>Farba: \u010d\u00edra<br \/>Pou\u017eitie: Chemick\u00fd priemysel<\/p>\t\t\t\t\t\t\t\t<\/div>\n\t\t\t\t<\/div>\n\t\t\t\t<div class=\"elementor-element elementor-element-dc8c354 elementor-align-left elementor-widget elementor-widget-button\" data-id=\"dc8c354\" data-element_type=\"widget\" data-widget_type=\"button.default\">\n\t\t\t\t<div class=\"elementor-widget-container\">\n\t\t\t\t\t\t\t\t\t<div class=\"elementor-button-wrapper\">\n\t\t\t\t\t<a class=\"elementor-button elementor-button-link elementor-size-sm\" href=\"#elementor-action%3Aaction%3Dpopup%3Aopen%26settings%3DeyJpZCI6IjEyNzUiLCJ0b2dnbGUiOmZhbHNlfQ%3D%3D\">\n\t\t\t\t\t\t<span class=\"elementor-button-content-wrapper\">\n\t\t\t\t\t\t\t\t\t<span class=\"elementor-button-text\">R\u00fdchla cit\u00e1cia<\/span>\n\t\t\t\t\t<\/span>\n\t\t\t\t\t<\/a>\n\t\t\t\t<\/div>\n\t\t\t\t\t\t\t\t<\/div>\n\t\t\t\t<\/div>\n\t\t\t\t<\/div>\n\t\t\t\t\t<\/div>\n\t\t\t\t<\/div>\n\t\t<div class=\"elementor-element elementor-element-a2ed80c e-flex e-con-boxed e-con e-parent\" data-id=\"a2ed80c\" data-element_type=\"container\">\n\t\t\t\t\t<div class=\"e-con-inner\">\n\t\t\t\t<div class=\"elementor-element elementor-element-b7e9c99 elementor-widget elementor-widget-heading\" data-id=\"b7e9c99\" data-element_type=\"widget\" data-widget_type=\"heading.default\">\n\t\t\t\t<div class=\"elementor-widget-container\">\n\t\t\t\t\t<h3 class=\"elementor-heading-title elementor-size-default\">Pou\u017eitie:<\/h3>\t\t\t\t<\/div>\n\t\t\t\t<\/div>\n\t\t\t\t<div class=\"elementor-element elementor-element-281af31 elementor-widget elementor-widget-text-editor\" data-id=\"281af31\" data-element_type=\"widget\" data-widget_type=\"text-editor.default\">\n\t\t\t\t<div class=\"elementor-widget-container\">\n\t\t\t\t\t\t\t\t\t<p>Chemick\u00fd priemysel, osvetlenie, medic\u00edna a zdravie, polovodi\u010de, elektrick\u00e9 vykurovanie, vedeck\u00e9 v\u00fdskumn\u00e9 laborat\u00f3rium, \u00faprava vody at\u010f.<\/p>\t\t\t\t\t\t\t\t<\/div>\n\t\t\t\t<\/div>\n\t\t\t\t<div class=\"elementor-element elementor-element-27d00a5 elementor-widget elementor-widget-text-editor\" data-id=\"27d00a5\" data-element_type=\"widget\" data-widget_type=\"text-editor.default\">\n\t\t\t\t<div class=\"elementor-widget-container\">\n\t\t\t\t\t\t\t\t\t<p>Na\u0161e \u010d\u00edre kremenn\u00e9 r\u00farky sa vyzna\u010duj\u00fa vysokou \u010distotou (&gt;99,99%), dobr\u00fdmi fyzik\u00e1lnymi a chemick\u00fdmi vlastnos\u0165ami, pr\u00edsnymi toleranciami a n\u00edzkym obsahom -OH.<br \/>Na\u0161i z\u00e1kazn\u00edci pou\u017e\u00edvaj\u00fa tieto r\u00farky v r\u00f4znych aplik\u00e1ci\u00e1ch.\u00a0<\/p>\t\t\t\t\t\t\t\t<\/div>\n\t\t\t\t<\/div>\n\t\t\t\t<div class=\"elementor-element elementor-element-fe0cb41 elementor-widget elementor-widget-heading\" data-id=\"fe0cb41\" data-element_type=\"widget\" data-widget_type=\"heading.default\">\n\t\t\t\t<div class=\"elementor-widget-container\">\n\t\t\t\t\t<h3 class=\"elementor-heading-title elementor-size-default\">Vlastnosti:<\/h3>\t\t\t\t<\/div>\n\t\t\t\t<\/div>\n\t\t\t\t<div class=\"elementor-element elementor-element-733f615 elementor-widget elementor-widget-text-editor\" data-id=\"733f615\" data-element_type=\"widget\" data-widget_type=\"text-editor.default\">\n\t\t\t\t<div class=\"elementor-widget-container\">\n\t\t\t\t\t\t\t\t\t<p>Vysok\u00e1 \u010distota, SiO2&gt; 99,99%.<\/p><p>Siln\u00e1 tvrdos\u0165, m\u00f4\u017ee dosiahnu\u0165 \u00farove\u0148 Morse 7.<\/p><p>Vysok\u00e1 teplotn\u00e1 odolnos\u0165, m\u00f4\u017ee nepretr\u017eite pracova\u0165 pri teplote 1200 \u00b0C a v kr\u00e1tkom \u010dase m\u00f4\u017ee pracova\u0165 aj pri teplote 1500 \u00b0C.<\/p><p>Elektrick\u00e1 izol\u00e1cia je 10000-kr\u00e1t vy\u0161\u0161ia ako pri be\u017enom skle.<\/p><p>Odolnos\u0165 vo\u010di kyselin\u00e1m a z\u00e1sad\u00e1m<\/p><p>Vynikaj\u00faca stabilita pri teplotn\u00fdch \u0161okoch<\/p><p>Zdravotn\u00e1 starostlivos\u0165 a ochrana \u017eivotn\u00e9ho prostredia<\/p><p>Je mo\u017en\u00e9 vyrobi\u0165 ak\u00fdko\u013evek rozmer.\u00a0 \u00a0<\/p>\t\t\t\t\t\t\t\t<\/div>\n\t\t\t\t<\/div>\n\t\t\t\t<div class=\"elementor-element elementor-element-47a4620 elementor-widget elementor-widget-heading\" data-id=\"47a4620\" data-element_type=\"widget\" data-widget_type=\"heading.default\">\n\t\t\t\t<div class=\"elementor-widget-container\">\n\t\t\t\t\t<h3 class=\"elementor-heading-title elementor-size-default\">Slu\u017eba OEM a ODM:<\/h3>\t\t\t\t<\/div>\n\t\t\t\t<\/div>\n\t\t\t\t<div class=\"elementor-element elementor-element-2536cb8 elementor-widget elementor-widget-text-editor\" data-id=\"2536cb8\" data-element_type=\"widget\" data-widget_type=\"text-editor.default\">\n\t\t\t\t<div class=\"elementor-widget-container\">\n\t\t\t\t\t\t\t\t\t<p>Ako profesion\u00e1lny v\u00fdrobca v\u00fdrobkov z kremenn\u00e9ho skla v \u010c\u00edne sme priv\u00edtali OEM a z\u00e1kazkov\u00fa objedn\u00e1vku.<br \/>Ak m\u00e1te ak\u00fdko\u013evek n\u00e1vrh kovania QUARTZ, nev\u00e1hajte sa na n\u00e1s obr\u00e1ti\u0165. \u010coskoro pre v\u00e1s vyrob\u00edme nov\u00e9 vzorky.<\/p><p>V pr\u00edpade ru\u010dne vyr\u00e1ban\u00fdch v\u00fdrobkov n\u00e1m pros\u00edm povedzte, \u010do po\u017eadujete, alebo n\u00e1m po\u0161lite fotografie. Potom by sme pre v\u00e1s vyrobili sk\u00fa\u0161obn\u00e9 vzorky.<br \/>A nebudeme vyr\u00e1ba\u0165 s\u00e9riovo, k\u00fdm nebudete spokojn\u00ed so vzorkami.<\/p>\t\t\t\t\t\t\t\t<\/div>\n\t\t\t\t<\/div>\n\t\t\t\t\t<\/div>\n\t\t\t\t<\/div>\n\t\t\t\t<\/div>","protected":false},"excerpt":{"rendered":"<p>Large Diameter Quartz Tubes \u2013 Heat Resistant &amp; Ozone Free Type: Clear Quartz PipeSurface Treatment: PolishedShape: C ShapeOzone Content: Ozone [&hellip;]<\/p>","protected":false},"author":9,"featured_media":405,"parent":839,"menu_order":0,"comment_status":"closed","ping_status":"closed","template":"","meta":{"_seopress_robots_primary_cat":"","_seopress_titles_title":"Large Diameter Quartz Tubes \u2013 Heat Resistant & Ozone Free","_seopress_titles_desc":"Large Diameter Quartz Tubes for ozone generators & labs. 99.99% purity, acid\/alkali resistant, supports bending, welding & custom shaping.","_seopress_robots_index":"","site-sidebar-layout":"no-sidebar","site-content-layout":"","ast-site-content-layout":"full-width-container","site-content-style":"default","site-sidebar-style":"default","ast-global-header-display":"","ast-banner-title-visibility":"","ast-main-header-display":"","ast-hfb-above-header-display":"","ast-hfb-below-header-display":"","ast-hfb-mobile-header-display":"","site-post-title":"disabled","ast-breadcrumbs-content":"","ast-featured-img":"disabled","footer-sml-layout":"","theme-transparent-header-meta":"","adv-header-id-meta":"","stick-header-meta":"","header-above-stick-meta":"","header-main-stick-meta":"","header-below-stick-meta":"","astra-migrate-meta-layouts":"default","ast-page-background-enabled":"default","ast-page-background-meta":{"desktop":{"background-color":"var(--ast-global-color-5)","background-image":"","background-repeat":"repeat","background-position":"center center","background-size":"auto","background-attachment":"scroll","background-type":"","background-media":"","overlay-type":"","overlay-color":"","overlay-opacity":"","overlay-gradient":""},"tablet":{"background-color":"","background-image":"","background-repeat":"repeat","background-position":"center center","background-size":"auto","background-attachment":"scroll","background-type":"","background-media":"","overlay-type":"","overlay-color":"","overlay-opacity":"","overlay-gradient":""},"mobile":{"background-color":"","background-image":"","background-repeat":"repeat","background-position":"center center","background-size":"auto","background-attachment":"scroll","background-type":"","background-media":"","overlay-type":"","overlay-color":"","overlay-opacity":"","overlay-gradient":""}},"ast-content-background-meta":{"desktop":{"background-color":"var(--ast-global-color-4)","background-image":"","background-repeat":"repeat","background-position":"center center","background-size":"auto","background-attachment":"scroll","background-type":"","background-media":"","overlay-type":"","overlay-color":"","overlay-opacity":"","overlay-gradient":""},"tablet":{"background-color":"var(--ast-global-color-4)","background-image":"","background-repeat":"repeat","background-position":"center center","background-size":"auto","background-attachment":"scroll","background-type":"","background-media":"","overlay-type":"","overlay-color":"","overlay-opacity":"","overlay-gradient":""},"mobile":{"background-color":"var(--ast-global-color-4)","background-image":"","background-repeat":"repeat","background-position":"center center","background-size":"auto","background-attachment":"scroll","background-type":"","background-media":"","overlay-type":"","overlay-color":"","overlay-opacity":"","overlay-gradient":""}},"footnotes":""},"class_list":["post-311","page","type-page","status-publish","has-post-thumbnail","hentry"],"_hostinger_reach_plugin_has_subscription_block":false,"_hostinger_reach_plugin_is_elementor":false,"_links":{"self":[{"href":"https:\/\/exactquartz.com\/sk\/wp-json\/wp\/v2\/pages\/311","targetHints":{"allow":["GET"]}}],"collection":[{"href":"https:\/\/exactquartz.com\/sk\/wp-json\/wp\/v2\/pages"}],"about":[{"href":"https:\/\/exactquartz.com\/sk\/wp-json\/wp\/v2\/types\/page"}],"author":[{"embeddable":true,"href":"https:\/\/exactquartz.com\/sk\/wp-json\/wp\/v2\/users\/9"}],"replies":[{"embeddable":true,"href":"https:\/\/exactquartz.com\/sk\/wp-json\/wp\/v2\/comments?post=311"}],"version-history":[{"count":21,"href":"https:\/\/exactquartz.com\/sk\/wp-json\/wp\/v2\/pages\/311\/revisions"}],"predecessor-version":[{"id":1383,"href":"https:\/\/exactquartz.com\/sk\/wp-json\/wp\/v2\/pages\/311\/revisions\/1383"}],"up":[{"embeddable":true,"href":"https:\/\/exactquartz.com\/sk\/wp-json\/wp\/v2\/pages\/839"}],"wp:featuredmedia":[{"embeddable":true,"href":"https:\/\/exactquartz.com\/sk\/wp-json\/wp\/v2\/media\/405"}],"wp:attachment":[{"href":"https:\/\/exactquartz.com\/sk\/wp-json\/wp\/v2\/media?parent=311"}],"curies":[{"name":"wp","href":"https:\/\/api.w.org\/{rel}","templated":true}]}}