{"id":575,"date":"2025-03-31T20:11:57","date_gmt":"2025-03-31T12:11:57","guid":{"rendered":"https:\/\/exactquartz.com\/?page_id=575"},"modified":"2025-04-16T18:15:49","modified_gmt":"2025-04-16T10:15:49","slug":"one-end-closed-quartz-tubes","status":"publish","type":"page","link":"https:\/\/exactquartz.com\/sk\/high-temp-quartz-solutions\/one-end-closed-quartz-tubes\/","title":{"rendered":"Jeden koniec uzavret\u00fdch kremenn\u00fdch trub\u00edc"},"content":{"rendered":"<div data-elementor-type=\"wp-page\" data-elementor-id=\"575\" class=\"elementor elementor-575\" data-elementor-post-type=\"page\">\n\t\t\t\t<div class=\"elementor-element elementor-element-d2bc4f1 e-flex e-con-boxed e-con e-parent\" data-id=\"d2bc4f1\" data-element_type=\"container\">\n\t\t\t\t\t<div class=\"e-con-inner\">\n\t\t<div class=\"elementor-element elementor-element-6d0fc6f e-con-full e-flex e-con e-child\" data-id=\"6d0fc6f\" data-element_type=\"container\">\n\t\t\t\t<div class=\"elementor-element elementor-element-fb179f0 elementor-skin-slideshow elementor-arrows-yes elementor-widget elementor-widget-media-carousel\" data-id=\"fb179f0\" data-element_type=\"widget\" data-settings=\"{&quot;skin&quot;:&quot;slideshow&quot;,&quot;effect&quot;:&quot;fade&quot;,&quot;slideshow_slides_per_view&quot;:&quot;2&quot;,&quot;show_arrows&quot;:&quot;yes&quot;,&quot;speed&quot;:500,&quot;autoplay&quot;:&quot;yes&quot;,&quot;autoplay_speed&quot;:5000,&quot;loop&quot;:&quot;yes&quot;,&quot;pause_on_hover&quot;:&quot;yes&quot;,&quot;pause_on_interaction&quot;:&quot;yes&quot;,&quot;space_between&quot;:{&quot;unit&quot;:&quot;px&quot;,&quot;size&quot;:10,&quot;sizes&quot;:[]},&quot;space_between_tablet&quot;:{&quot;unit&quot;:&quot;px&quot;,&quot;size&quot;:10,&quot;sizes&quot;:[]},&quot;space_between_mobile&quot;:{&quot;unit&quot;:&quot;px&quot;,&quot;size&quot;:10,&quot;sizes&quot;:[]}}\" data-widget_type=\"media-carousel.default\">\n\t\t\t\t<div class=\"elementor-widget-container\">\n\t\t\t\t\t\t\t\t\t<div class=\"elementor-swiper\">\n\t\t\t\t\t<div class=\"elementor-main-swiper swiper\" role=\"region\" aria-roledescription=\"carousel\" aria-label=\"Prezent\u00e1cie\">\n\t\t\t\t<div class=\"swiper-wrapper\">\n\t\t\t\t\t\t\t\t\t\t\t<div class=\"swiper-slide\" role=\"group\" aria-roledescription=\"slide\">\n\t\t\t\t\t\t\t\t\t<div class=\"elementor-carousel-image\" role=\"img\" aria-label=\"Prisp\u00f4soben\u00e1 r\u00farka z kremenn\u00e9ho skla JGS1 odoln\u00e1 vo\u010di vysok\u00fdm teplot\u00e1m\" style=\"background-image: url(&#039;https:\/\/exactquartz.com\/wp-content\/uploads\/2025\/03\/Customized-High-Temperature-Resistant-Acid-JGS1-Quartz-Glass-Tube.webp&#039;)\">\n\n\t\t\t\n\t\t\t\t\t<\/div>\n\t\t\t\t\t\t\t\t<\/div>\n\t\t\t\t\t\t\t\t\t\t\t<div class=\"swiper-slide\" role=\"group\" aria-roledescription=\"slide\">\n\t\t\t\t\t\t\t\t\t<div class=\"elementor-carousel-image\" role=\"img\" aria-label=\"Prisp\u00f4soben\u00e9 vysok\u00e9 teploty odoln\u00e9 vo\u010di kyseline JGS1 Quartz Glass Tube 2\" style=\"background-image: url(&#039;https:\/\/exactquartz.com\/wp-content\/uploads\/2025\/03\/Customized-High-Temperature-Resistant-Acid-JGS1-Quartz-Glass-Tube-2.webp&#039;)\">\n\n\t\t\t\n\t\t\t\t\t<\/div>\n\t\t\t\t\t\t\t\t<\/div>\n\t\t\t\t\t\t\t\t\t<\/div>\n\t\t\t\t\t\t\t\t\t\t\t\t\t\t\t<div class=\"elementor-swiper-button elementor-swiper-button-prev\" role=\"button\" tabindex=\"0\" aria-label=\"\u041f\u0440\u0435\u0434\u0438\u0448\u043d\u0430\" data-no-translation-aria-label=\"\">\n\t\t\t\t\t\t\t<svg aria-hidden=\"true\" class=\"e-font-icon-svg e-eicon-chevron-left\" viewbox=\"0 0 1000 1000\" xmlns=\"http:\/\/www.w3.org\/2000\/svg\"><path d=\"M646 125C629 125 613 133 604 142L308 442C296 454 292 471 292 487 292 504 296 521 308 533L604 854C617 867 629 875 646 875 663 875 679 871 692 858 704 846 713 829 713 812 713 796 708 779 692 767L438 487 692 225C700 217 708 204 708 187 708 171 704 154 692 142 675 129 663 125 646 125Z\"><\/path><\/svg>\t\t\t\t\t\t<\/div>\n\t\t\t\t\t\t<div class=\"elementor-swiper-button elementor-swiper-button-next\" role=\"button\" tabindex=\"0\" aria-label=\"\u0421\u043b\u0435\u0434\u0432\u0430\u0449\u0430\" data-no-translation-aria-label=\"\">\n\t\t\t\t\t\t\t<svg aria-hidden=\"true\" class=\"e-font-icon-svg e-eicon-chevron-right\" viewbox=\"0 0 1000 1000\" xmlns=\"http:\/\/www.w3.org\/2000\/svg\"><path d=\"M696 533C708 521 713 504 713 487 713 471 708 454 696 446L400 146C388 133 375 125 354 125 338 125 325 129 313 142 300 154 292 171 292 187 292 204 296 221 308 233L563 492 304 771C292 783 288 800 288 817 288 833 296 850 308 863 321 871 338 875 354 875 371 875 388 867 400 854L696 533Z\"><\/path><\/svg>\t\t\t\t\t\t<\/div>\n\t\t\t\t\t\t\t\t\t\t\t\t\t\t\t\t\t<\/div>\n\t\t\t\t<\/div>\n\t\t\t\t\t\t\t\t<div class=\"elementor-swiper\">\n\t\t\t\t\t<div class=\"elementor-main-swiper swiper elementor-thumbnails-swiper swiper\" role=\"region region\" aria-roledescription=\"carousel carousel\" aria-label=\"Slides Slides\">\n\t\t\t\t<div class=\"swiper-wrapper\">\n\t\t\t\t\t\t\t\t\t\t\t<div class=\"swiper-slide\" role=\"group\" aria-roledescription=\"slide\">\n\t\t\t\t\t\t\t\t\t<div class=\"elementor-carousel-image\" role=\"img\" aria-label=\"Prisp\u00f4soben\u00e1 r\u00farka z kremenn\u00e9ho skla JGS1 odoln\u00e1 vo\u010di vysok\u00fdm teplot\u00e1m\" style=\"background-image: url(&#039;https:\/\/exactquartz.com\/wp-content\/uploads\/2025\/03\/Customized-High-Temperature-Resistant-Acid-JGS1-Quartz-Glass-Tube.webp&#039;)\">\n\n\t\t\t\n\t\t\t\t\t<\/div>\n\t\t\t\t\t\t\t\t<\/div>\n\t\t\t\t\t\t\t\t\t\t\t<div class=\"swiper-slide\" role=\"group\" aria-roledescription=\"slide\">\n\t\t\t\t\t\t\t\t\t<div class=\"elementor-carousel-image\" role=\"img\" aria-label=\"Prisp\u00f4soben\u00e9 vysok\u00e9 teploty odoln\u00e9 vo\u010di kyseline JGS1 Quartz Glass Tube 2\" style=\"background-image: url(&#039;https:\/\/exactquartz.com\/wp-content\/uploads\/2025\/03\/Customized-High-Temperature-Resistant-Acid-JGS1-Quartz-Glass-Tube-2.webp&#039;)\">\n\n\t\t\t\n\t\t\t\t\t<\/div>\n\t\t\t\t\t\t\t\t<\/div>\n\t\t\t\t\t\t\t\t\t<\/div>\n\t\t\t\t\t\t\t\t\t\t\t\t\t\t\t\t\t\t\t\t\t<\/div>\n\t\t\t\t<\/div>\n\t\t\t\t\t\t\t\t<\/div>\n\t\t\t\t<\/div>\n\t\t\t\t<\/div>\n\t\t<div class=\"elementor-element elementor-element-2a56432 e-con-full e-flex e-con e-child\" data-id=\"2a56432\" data-element_type=\"container\">\n\t\t\t\t<div class=\"elementor-element elementor-element-70d5eba elementor-widget elementor-widget-heading\" data-id=\"70d5eba\" data-element_type=\"widget\" data-widget_type=\"heading.default\">\n\t\t\t\t<div class=\"elementor-widget-container\">\n\t\t\t\t\t<h2 class=\"elementor-heading-title elementor-size-default\">Jeden koniec uzavret\u00fdch kremenn\u00fdch trub\u00edc<\/h2>\t\t\t\t<\/div>\n\t\t\t\t<\/div>\n\t\t\t\t<div class=\"elementor-element elementor-element-ac956f7 elementor-widget elementor-widget-text-editor\" data-id=\"ac956f7\" data-element_type=\"widget\" data-widget_type=\"text-editor.default\">\n\t\t\t\t<div class=\"elementor-widget-container\">\n\t\t\t\t\t\t\t\t\t<p>Materi\u00e1ly: kremenn\u00e9 sklo<br \/>krem\u00edk: 99,9%<br \/>chemick\u00e9 zlo\u017eenie: SIO2<br \/>N\u00e1zov produktu: Vysoko teplotne odoln\u00e1 kyselina JGS1 Quartz Glass Tube<\/p>\t\t\t\t\t\t\t\t<\/div>\n\t\t\t\t<\/div>\n\t\t\t\t<div class=\"elementor-element elementor-element-e24b420 elementor-align-left elementor-widget elementor-widget-button\" data-id=\"e24b420\" data-element_type=\"widget\" data-widget_type=\"button.default\">\n\t\t\t\t<div class=\"elementor-widget-container\">\n\t\t\t\t\t\t\t\t\t<div class=\"elementor-button-wrapper\">\n\t\t\t\t\t<a class=\"elementor-button elementor-button-link elementor-size-sm\" href=\"#elementor-action%3Aaction%3Dpopup%3Aopen%26settings%3DeyJpZCI6IjEyNzUiLCJ0b2dnbGUiOmZhbHNlfQ%3D%3D\">\n\t\t\t\t\t\t<span class=\"elementor-button-content-wrapper\">\n\t\t\t\t\t\t\t\t\t<span class=\"elementor-button-text\">R\u00fdchla cit\u00e1cia<\/span>\n\t\t\t\t\t<\/span>\n\t\t\t\t\t<\/a>\n\t\t\t\t<\/div>\n\t\t\t\t\t\t\t\t<\/div>\n\t\t\t\t<\/div>\n\t\t\t\t<\/div>\n\t\t\t\t\t<\/div>\n\t\t\t\t<\/div>\n\t\t<div class=\"elementor-element elementor-element-a2ed80c e-flex e-con-boxed e-con e-parent\" data-id=\"a2ed80c\" data-element_type=\"container\">\n\t\t\t\t\t<div class=\"e-con-inner\">\n\t\t\t\t<div class=\"elementor-element elementor-element-2b3bf9f elementor-widget elementor-widget-heading\" data-id=\"2b3bf9f\" data-element_type=\"widget\" data-widget_type=\"heading.default\">\n\t\t\t\t<div class=\"elementor-widget-container\">\n\t\t\t\t\t<h3 class=\"elementor-heading-title elementor-size-default\">Podrobnosti:<\/h3>\t\t\t\t<\/div>\n\t\t\t\t<\/div>\n\t\t\t\t<div class=\"elementor-element elementor-element-281af31 elementor-widget elementor-widget-text-editor\" data-id=\"281af31\" data-element_type=\"widget\" data-widget_type=\"text-editor.default\">\n\t\t\t\t<div class=\"elementor-widget-container\">\n\t\t\t\t\t\t\t\t\t<p>Prisp\u00f4soben\u00e1 vysok\u00e1 teplota odoln\u00e1 vo\u010di kyselin\u00e1m a z\u00e1sad\u00e1m odoln\u00e1 vo\u010di hlbok\u00e9mu ultrafialov\u00e9mu \u017eiareniu jgs1 r\u00farka z kremenn\u00e9ho skla s integrovan\u00fdm sveteln\u00fdm lepidlom \u0161tvorcov\u00e1 kremenn\u00e1 r\u00farka \u0161tvorcestn\u00e1 sveteln\u00e1 kyvetov\u00e1 r\u00farka<\/p><p>Prisp\u00f4sobte si ak\u00e9ko\u013evek \u0161pecifik\u00e1cie, kontaktujte pros\u00edm z\u00e1kazn\u00edcky servis, \u010fakujeme!<\/p>\t\t\t\t\t\t\t\t<\/div>\n\t\t\t\t<\/div>\n\t\t\t\t<div class=\"elementor-element elementor-element-2ffc8be elementor-widget elementor-widget-heading\" data-id=\"2ffc8be\" data-element_type=\"widget\" data-widget_type=\"heading.default\">\n\t\t\t\t<div class=\"elementor-widget-container\">\n\t\t\t\t\t<h3 class=\"elementor-heading-title elementor-size-default\">\u0160peci\u00e1lne vlastnosti kremenn\u00e9ho skla: <\/h3>\t\t\t\t<\/div>\n\t\t\t\t<\/div>\n\t\t\t\t<div class=\"elementor-element elementor-element-90303ec elementor-widget elementor-widget-text-editor\" data-id=\"90303ec\" data-element_type=\"widget\" data-widget_type=\"text-editor.default\">\n\t\t\t\t<div class=\"elementor-widget-container\">\n\t\t\t\t\t\t\t\t\t<ol><li value=\"NaN\">Extr\u00e9mne \u0161irok\u00fd spektr\u00e1lny rozsah priepustnosti od hlbok\u00e9ho UV a\u017e po stredn\u00e9 IR (\u0161ir\u0161\u00ed ako v\u0161etky ostatn\u00e9 skl\u00e1).<\/li><li value=\"NaN\">Extr\u00e9mne vysok\u00e1 optick\u00e1 priepustnos\u0165 a n\u00edzka optick\u00e1 absorpcia.<\/li><li value=\"NaN\">N\u00edzka variabilita a naru\u0161enie indexu lomu v jednom pevnom kuse a optick\u00e1 homogenita od jednej taveniny k druhej (reprodukovate\u013enos\u0165).<\/li><li value=\"NaN\">Vysok\u00e1 odolnos\u0165 vo\u010di laserov\u00e9mu \u017eiareniu vysokej intenzity, \u010do plat\u00ed aj pre UV spektrum (napr. excimerov\u00fd laser).<\/li><li value=\"NaN\">Vysok\u00e1 teplota pou\u017eitia 1200 stup\u0148ov C - takmer \u0161tyrikr\u00e1t vy\u0161\u0161ia ako pri be\u017enom skle.<\/li><li value=\"NaN\">N\u00edzky koeficient tepelnej roz\u0165a\u017enosti, \u010do vedie k extr\u00e9mne vysokej odolnosti vo\u010di teplotn\u00fdm \u0161okom, ktor\u00e1 umo\u017e\u0148uje r\u00fdchle zahrievanie a chladenie.<\/li><\/ol>\t\t\t\t\t\t\t\t<\/div>\n\t\t\t\t<\/div>\n\t\t\t\t\t<\/div>\n\t\t\t\t<\/div>\n\t\t\t\t<\/div>","protected":false},"excerpt":{"rendered":"<p>One End Closed Quartz Tubes Materials:quartz glasssilica:99.9%chemical composition:SIO2Product Name:Customized High Temperature Resistant Acid JGS1 Quartz Glass Tube Quick Quote Details: [&hellip;]<\/p>","protected":false},"author":9,"featured_media":577,"parent":839,"menu_order":0,"comment_status":"closed","ping_status":"closed","template":"","meta":{"_seopress_robots_primary_cat":"","_seopress_titles_title":"One End Closed Quartz Tubes \u2013 Custom Clear Glass","_seopress_titles_desc":"Polished clear quartz tubes with one end closed. Ozone-free, 3.5\u2013400mm OD, heat resistant to 1100\u00b0C. Ideal for lab, lamp, and furnace use. Custom sizes.","_seopress_robots_index":"","site-sidebar-layout":"no-sidebar","site-content-layout":"","ast-site-content-layout":"full-width-container","site-content-style":"default","site-sidebar-style":"default","ast-global-header-display":"","ast-banner-title-visibility":"","ast-main-header-display":"","ast-hfb-above-header-display":"","ast-hfb-below-header-display":"","ast-hfb-mobile-header-display":"","site-post-title":"disabled","ast-breadcrumbs-content":"","ast-featured-img":"disabled","footer-sml-layout":"","theme-transparent-header-meta":"","adv-header-id-meta":"","stick-header-meta":"","header-above-stick-meta":"","header-main-stick-meta":"","header-below-stick-meta":"","astra-migrate-meta-layouts":"default","ast-page-background-enabled":"default","ast-page-background-meta":{"desktop":{"background-color":"var(--ast-global-color-5)","background-image":"","background-repeat":"repeat","background-position":"center center","background-size":"auto","background-attachment":"scroll","background-type":"","background-media":"","overlay-type":"","overlay-color":"","overlay-opacity":"","overlay-gradient":""},"tablet":{"background-color":"","background-image":"","background-repeat":"repeat","background-position":"center center","background-size":"auto","background-attachment":"scroll","background-type":"","background-media":"","overlay-type":"","overlay-color":"","overlay-opacity":"","overlay-gradient":""},"mobile":{"background-color":"","background-image":"","background-repeat":"repeat","background-position":"center center","background-size":"auto","background-attachment":"scroll","background-type":"","background-media":"","overlay-type":"","overlay-color":"","overlay-opacity":"","overlay-gradient":""}},"ast-content-background-meta":{"desktop":{"background-color":"var(--ast-global-color-4)","background-image":"","background-repeat":"repeat","background-position":"center center","background-size":"auto","background-attachment":"scroll","background-type":"","background-media":"","overlay-type":"","overlay-color":"","overlay-opacity":"","overlay-gradient":""},"tablet":{"background-color":"var(--ast-global-color-4)","background-image":"","background-repeat":"repeat","background-position":"center center","background-size":"auto","background-attachment":"scroll","background-type":"","background-media":"","overlay-type":"","overlay-color":"","overlay-opacity":"","overlay-gradient":""},"mobile":{"background-color":"var(--ast-global-color-4)","background-image":"","background-repeat":"repeat","background-position":"center center","background-size":"auto","background-attachment":"scroll","background-type":"","background-media":"","overlay-type":"","overlay-color":"","overlay-opacity":"","overlay-gradient":""}},"footnotes":""},"class_list":["post-575","page","type-page","status-publish","has-post-thumbnail","hentry"],"_hostinger_reach_plugin_has_subscription_block":false,"_hostinger_reach_plugin_is_elementor":false,"_links":{"self":[{"href":"https:\/\/exactquartz.com\/sk\/wp-json\/wp\/v2\/pages\/575","targetHints":{"allow":["GET"]}}],"collection":[{"href":"https:\/\/exactquartz.com\/sk\/wp-json\/wp\/v2\/pages"}],"about":[{"href":"https:\/\/exactquartz.com\/sk\/wp-json\/wp\/v2\/types\/page"}],"author":[{"embeddable":true,"href":"https:\/\/exactquartz.com\/sk\/wp-json\/wp\/v2\/users\/9"}],"replies":[{"embeddable":true,"href":"https:\/\/exactquartz.com\/sk\/wp-json\/wp\/v2\/comments?post=575"}],"version-history":[{"count":14,"href":"https:\/\/exactquartz.com\/sk\/wp-json\/wp\/v2\/pages\/575\/revisions"}],"predecessor-version":[{"id":1326,"href":"https:\/\/exactquartz.com\/sk\/wp-json\/wp\/v2\/pages\/575\/revisions\/1326"}],"up":[{"embeddable":true,"href":"https:\/\/exactquartz.com\/sk\/wp-json\/wp\/v2\/pages\/839"}],"wp:featuredmedia":[{"embeddable":true,"href":"https:\/\/exactquartz.com\/sk\/wp-json\/wp\/v2\/media\/577"}],"wp:attachment":[{"href":"https:\/\/exactquartz.com\/sk\/wp-json\/wp\/v2\/media?parent=575"}],"curies":[{"name":"wp","href":"https:\/\/api.w.org\/{rel}","templated":true}]}}