{"id":769,"date":"2025-04-02T12:00:32","date_gmt":"2025-04-02T04:00:32","guid":{"rendered":"https:\/\/exactquartz.com\/?page_id=769"},"modified":"2025-04-16T18:17:28","modified_gmt":"2025-04-16T10:17:28","slug":"u-shape-fused-quartz-glass-tubes-for-industry","status":"publish","type":"page","link":"https:\/\/exactquartz.com\/sk\/high-temp-quartz-solutions\/u-shape-fused-quartz-glass-tubes-for-industry\/","title":{"rendered":"Tvar U Taven\u00e9 kremenn\u00e9 sklenen\u00e9 r\u00farky pre priemysel"},"content":{"rendered":"<div data-elementor-type=\"wp-page\" data-elementor-id=\"769\" class=\"elementor elementor-769\" data-elementor-post-type=\"page\">\n\t\t\t\t<div class=\"elementor-element elementor-element-d2bc4f1 e-flex e-con-boxed e-con e-parent\" data-id=\"d2bc4f1\" data-element_type=\"container\">\n\t\t\t\t\t<div class=\"e-con-inner\">\n\t\t<div class=\"elementor-element elementor-element-6d0fc6f e-con-full e-flex e-con e-child\" data-id=\"6d0fc6f\" data-element_type=\"container\">\n\t\t\t\t<div class=\"elementor-element elementor-element-133430f elementor-skin-slideshow elementor-arrows-yes elementor-widget elementor-widget-media-carousel\" data-id=\"133430f\" data-element_type=\"widget\" data-settings=\"{&quot;skin&quot;:&quot;slideshow&quot;,&quot;slideshow_slides_per_view&quot;:&quot;2&quot;,&quot;effect&quot;:&quot;slide&quot;,&quot;show_arrows&quot;:&quot;yes&quot;,&quot;speed&quot;:500,&quot;autoplay&quot;:&quot;yes&quot;,&quot;autoplay_speed&quot;:5000,&quot;loop&quot;:&quot;yes&quot;,&quot;pause_on_hover&quot;:&quot;yes&quot;,&quot;pause_on_interaction&quot;:&quot;yes&quot;,&quot;space_between&quot;:{&quot;unit&quot;:&quot;px&quot;,&quot;size&quot;:10,&quot;sizes&quot;:[]},&quot;space_between_tablet&quot;:{&quot;unit&quot;:&quot;px&quot;,&quot;size&quot;:10,&quot;sizes&quot;:[]},&quot;space_between_mobile&quot;:{&quot;unit&quot;:&quot;px&quot;,&quot;size&quot;:10,&quot;sizes&quot;:[]}}\" data-widget_type=\"media-carousel.default\">\n\t\t\t\t<div class=\"elementor-widget-container\">\n\t\t\t\t\t\t\t\t\t<div class=\"elementor-swiper\">\n\t\t\t\t\t<div class=\"elementor-main-swiper swiper\" role=\"region\" aria-roledescription=\"carousel\" aria-label=\"Prezent\u00e1cie\">\n\t\t\t\t<div class=\"swiper-wrapper\">\n\t\t\t\t\t\t\t\t\t\t\t<div class=\"swiper-slide\" role=\"group\" aria-roledescription=\"slide\">\n\t\t\t\t\t\t\t\t\t<div class=\"elementor-carousel-image\" role=\"img\" aria-label=\"Taven\u00fd kreme\u0148 v tvare U Quartz Glass Tube Pipe\" style=\"background-image: url(&#039;https:\/\/exactquartz.com\/wp-content\/uploads\/2025\/04\/Fused-Silica-U-Shape-Quartz-Glass-Tube-Pipe.webp&#039;)\">\n\n\t\t\t\n\t\t\t\t\t<\/div>\n\t\t\t\t\t\t\t\t<\/div>\n\t\t\t\t\t\t\t\t\t\t\t<div class=\"swiper-slide\" role=\"group\" aria-roledescription=\"slide\">\n\t\t\t\t\t\t\t\t\t<div class=\"elementor-carousel-image\" role=\"img\" aria-label=\"Prieh\u013eadn\u00e1 sklenen\u00e1 kremenn\u00e1 cievka 2\" style=\"background-image: url(&#039;https:\/\/exactquartz.com\/wp-content\/uploads\/2025\/04\/Clear-Quartz-Glass-Coil-Tube-2.webp&#039;)\">\n\n\t\t\t\n\t\t\t\t\t<\/div>\n\t\t\t\t\t\t\t\t<\/div>\n\t\t\t\t\t\t\t\t\t<\/div>\n\t\t\t\t\t\t\t\t\t\t\t\t\t\t\t<div class=\"elementor-swiper-button elementor-swiper-button-prev\" role=\"button\" tabindex=\"0\" aria-label=\"Predch\u00e1dzaj\u00faci\">\n\t\t\t\t\t\t\t<svg aria-hidden=\"true\" class=\"e-font-icon-svg e-eicon-chevron-left\" viewbox=\"0 0 1000 1000\" xmlns=\"http:\/\/www.w3.org\/2000\/svg\"><path d=\"M646 125C629 125 613 133 604 142L308 442C296 454 292 471 292 487 292 504 296 521 308 533L604 854C617 867 629 875 646 875 663 875 679 871 692 858 704 846 713 829 713 812 713 796 708 779 692 767L438 487 692 225C700 217 708 204 708 187 708 171 704 154 692 142 675 129 663 125 646 125Z\"><\/path><\/svg>\t\t\t\t\t\t<\/div>\n\t\t\t\t\t\t<div class=\"elementor-swiper-button elementor-swiper-button-next\" role=\"button\" tabindex=\"0\" aria-label=\"\u010eal\u0161ie\">\n\t\t\t\t\t\t\t<svg aria-hidden=\"true\" class=\"e-font-icon-svg e-eicon-chevron-right\" viewbox=\"0 0 1000 1000\" xmlns=\"http:\/\/www.w3.org\/2000\/svg\"><path d=\"M696 533C708 521 713 504 713 487 713 471 708 454 696 446L400 146C388 133 375 125 354 125 338 125 325 129 313 142 300 154 292 171 292 187 292 204 296 221 308 233L563 492 304 771C292 783 288 800 288 817 288 833 296 850 308 863 321 871 338 875 354 875 371 875 388 867 400 854L696 533Z\"><\/path><\/svg>\t\t\t\t\t\t<\/div>\n\t\t\t\t\t\t\t\t\t\t\t\t\t\t\t\t\t<\/div>\n\t\t\t\t<\/div>\n\t\t\t\t\t\t\t\t<div class=\"elementor-swiper\">\n\t\t\t\t\t<div class=\"elementor-main-swiper swiper elementor-thumbnails-swiper swiper\" role=\"region region\" aria-roledescription=\"carousel carousel\" aria-label=\"Slides Slides\">\n\t\t\t\t<div class=\"swiper-wrapper\">\n\t\t\t\t\t\t\t\t\t\t\t<div class=\"swiper-slide\" role=\"group\" aria-roledescription=\"slide\">\n\t\t\t\t\t\t\t\t\t<div class=\"elementor-carousel-image\" role=\"img\" aria-label=\"Taven\u00fd kreme\u0148 v tvare U Quartz Glass Tube Pipe\" style=\"background-image: url(&#039;https:\/\/exactquartz.com\/wp-content\/uploads\/2025\/04\/Fused-Silica-U-Shape-Quartz-Glass-Tube-Pipe.webp&#039;)\">\n\n\t\t\t\n\t\t\t\t\t<\/div>\n\t\t\t\t\t\t\t\t<\/div>\n\t\t\t\t\t\t\t\t\t\t\t<div class=\"swiper-slide\" role=\"group\" aria-roledescription=\"slide\">\n\t\t\t\t\t\t\t\t\t<div class=\"elementor-carousel-image\" role=\"img\" aria-label=\"Prieh\u013eadn\u00e1 sklenen\u00e1 kremenn\u00e1 cievka 2\" style=\"background-image: url(&#039;https:\/\/exactquartz.com\/wp-content\/uploads\/2025\/04\/Clear-Quartz-Glass-Coil-Tube-2.webp&#039;)\">\n\n\t\t\t\n\t\t\t\t\t<\/div>\n\t\t\t\t\t\t\t\t<\/div>\n\t\t\t\t\t\t\t\t\t<\/div>\n\t\t\t\t\t\t\t\t\t\t\t\t\t\t\t\t\t\t\t\t\t<\/div>\n\t\t\t\t<\/div>\n\t\t\t\t\t\t\t\t<\/div>\n\t\t\t\t<\/div>\n\t\t\t\t<\/div>\n\t\t<div class=\"elementor-element elementor-element-2a56432 e-con-full e-flex e-con e-child\" data-id=\"2a56432\" data-element_type=\"container\">\n\t\t\t\t<div class=\"elementor-element elementor-element-70d5eba elementor-widget elementor-widget-heading\" data-id=\"70d5eba\" data-element_type=\"widget\" data-widget_type=\"heading.default\">\n\t\t\t\t<div class=\"elementor-widget-container\">\n\t\t\t\t\t<h2 class=\"elementor-heading-title elementor-size-default\">Tvar U Taven\u00e9 kremenn\u00e9 sklenen\u00e9 r\u00farky pre priemysel<\/h2>\t\t\t\t<\/div>\n\t\t\t\t<\/div>\n\t\t\t\t<div class=\"elementor-element elementor-element-ac956f7 elementor-widget elementor-widget-text-editor\" data-id=\"ac956f7\" data-element_type=\"widget\" data-widget_type=\"text-editor.default\">\n\t\t\t\t<div class=\"elementor-widget-container\">\n\t\t\t\t\t\t\t\t\t<p>Typ: \u010d\u00edra kremenn\u00e1 r\u00farka<br \/>Farba: \u010d\u00edra<br \/>Pou\u017eitie: priemysel<br \/>Povrchov\u00e1 \u00faprava: le\u0161ten\u00fd<br \/>Shape:U-bent<br \/>Outside Diameter:0.5-350mm<br \/>Obsah oz\u00f3nu: Bez oz\u00f3nu<br \/>u shape quartz glass tube:<br \/>silica u shape quartz glass tube<\/p>\t\t\t\t\t\t\t\t<\/div>\n\t\t\t\t<\/div>\n\t\t\t\t<div class=\"elementor-element elementor-element-c1aac37 elementor-align-left elementor-widget elementor-widget-button\" data-id=\"c1aac37\" data-element_type=\"widget\" data-widget_type=\"button.default\">\n\t\t\t\t<div class=\"elementor-widget-container\">\n\t\t\t\t\t\t\t\t\t<div class=\"elementor-button-wrapper\">\n\t\t\t\t\t<a class=\"elementor-button elementor-button-link elementor-size-sm\" href=\"#elementor-action%3Aaction%3Dpopup%3Aopen%26settings%3DeyJpZCI6IjEyNzUiLCJ0b2dnbGUiOmZhbHNlfQ%3D%3D\">\n\t\t\t\t\t\t<span class=\"elementor-button-content-wrapper\">\n\t\t\t\t\t\t\t\t\t<span class=\"elementor-button-text\">R\u00fdchla cit\u00e1cia<\/span>\n\t\t\t\t\t<\/span>\n\t\t\t\t\t<\/a>\n\t\t\t\t<\/div>\n\t\t\t\t\t\t\t\t<\/div>\n\t\t\t\t<\/div>\n\t\t\t\t<\/div>\n\t\t\t\t\t<\/div>\n\t\t\t\t<\/div>\n\t\t<div class=\"elementor-element elementor-element-a2ed80c e-flex e-con-boxed e-con e-parent\" data-id=\"a2ed80c\" data-element_type=\"container\">\n\t\t\t\t\t<div class=\"e-con-inner\">\n\t\t\t\t<div class=\"elementor-element elementor-element-15718d3 elementor-widget elementor-widget-heading\" data-id=\"15718d3\" data-element_type=\"widget\" data-widget_type=\"heading.default\">\n\t\t\t\t<div class=\"elementor-widget-container\">\n\t\t\t\t\t<h3 class=\"elementor-heading-title elementor-size-default\">Podrobnosti:<\/h3>\t\t\t\t<\/div>\n\t\t\t\t<\/div>\n\t\t\t\t<div class=\"elementor-element elementor-element-281af31 elementor-widget elementor-widget-text-editor\" data-id=\"281af31\" data-element_type=\"widget\" data-widget_type=\"text-editor.default\">\n\t\t\t\t<div class=\"elementor-widget-container\">\n\t\t\t\t\t\t\t\t\t<p>Pri ru\u010dnej v\u00fdrobe \u0161pir\u00e1lovit\u00fdch\/\u0161pir\u00e1lovit\u00fdch r\u00farok z taven\u00e9ho kreme\u0148a \u010dasto vznikaj\u00fa medzery. Je to preto, \u017ee nedoch\u00e1dza k zahrievaniu. Akon\u00e1hle je teda teplota pr\u00edli\u0161 vysok\u00e1, \u0161pir\u00e1lov\u00e1 trubica sa zdeformuje. Po rokoch zdokona\u013eovania procesov na\u0161a spolo\u010dnos\u0165 dok\u00e1zala dobre kontrolova\u0165 medzery kremennej \u0161pir\u00e1ly. Nech je ve\u013ekos\u0165 \u0161pir\u00e1lovej trubice ak\u00e1ko\u013evek ve\u013ek\u00e1 alebo mal\u00e1, v\u0161etci ju dok\u00e1\u017eeme vyrobi\u0165. V\u00edtame v\u00e1s, ak n\u00e1s chcete kontaktova\u0165.<\/p><p>\u010c\u00edre taven\u00e9 kremenn\u00e9 r\u00farky s\u00fa kremenn\u00e9 sklo vysokej \u010distoty (99,99%+) vhodn\u00e9 pre teploty do 1300 C. \u010eal\u0161ou d\u00f4le\u017eitou vlastnos\u0165ou kremenn\u00fdch r\u00farok je odolnos\u0165 vo\u010di tepeln\u00fdm \u0161okom. Nap\u00ed\u0161te n\u00e1m o cen\u00e1ch na z\u00e1kazkov\u00e9 rezan\u00e9 d\u013a\u017eky a\/alebo sp\u00e1jan\u00e9 alebo oh\u0148om le\u0161ten\u00e9 r\u00farky.<\/p>\t\t\t\t\t\t\t\t<\/div>\n\t\t\t\t<\/div>\n\t\t\t\t<div class=\"elementor-element elementor-element-65b7797 elementor-widget elementor-widget-heading\" data-id=\"65b7797\" data-element_type=\"widget\" data-widget_type=\"heading.default\">\n\t\t\t\t<div class=\"elementor-widget-container\">\n\t\t\t\t\t<h3 class=\"elementor-heading-title elementor-size-default\">Funkcie taven\u00e9ho kremenn\u00e9ho skla:<\/h3>\t\t\t\t<\/div>\n\t\t\t\t<\/div>\n\t\t\t\t<div class=\"elementor-element elementor-element-269a92b elementor-widget elementor-widget-text-editor\" data-id=\"269a92b\" data-element_type=\"widget\" data-widget_type=\"text-editor.default\">\n\t\t\t\t<div class=\"elementor-widget-container\">\n\t\t\t\t\t\t\t\t\t<p>\u010c\u00edre taven\u00e9 kremenn\u00e9 r\u00farky maj\u00fa v\u0161etky vynikaj\u00face vlastnosti kremenn\u00e9ho skla. Je to hlavn\u00fd materi\u00e1l na v\u00fdrobu pl\u00e1\u0161\u0165a aktericidnej lampy, na h\u013abkov\u00e9 spracovanie r\u00f4znych laborat\u00f3rnych sklenen\u00fdch v\u00fdrobkov a n\u00e1strojov a r\u00farok do pec\u00ed.<\/p><p>1, neuverite\u013ene odoln\u00fd vo\u010di teplotn\u00fdm \u0161okom (mo\u017eno ho vybra\u0165 z \u010derven\u00e9ho tepla a ponori\u0165 do vody bez prasknutia).<br \/>2, n\u00edzky koeficient teplotnej roz\u0165a\u017enosti (TCE) a vysok\u00e1 teplota m\u00e4knutia.<br \/>3, Optick\u00e9 prenosov\u00e9 vlastnosti od ultrafialovej po infra\u010derven\u00fa oblas\u0165.<br \/>4, dobr\u00e1 chemick\u00e1 odolnos\u0165.<br \/>5, vynikaj\u00faci elektrick\u00fd izol\u00e1tor.<\/p>\t\t\t\t\t\t\t\t<\/div>\n\t\t\t\t<\/div>\n\t\t\t\t<div class=\"elementor-element elementor-element-5dd89d3 elementor-widget elementor-widget-image\" data-id=\"5dd89d3\" data-element_type=\"widget\" data-widget_type=\"image.default\">\n\t\t\t\t<div class=\"elementor-widget-container\">\n\t\t\t\t\t\t\t\t\t\t\t\t\t\t\t<img fetchpriority=\"high\" decoding=\"async\" width=\"847\" height=\"507\" src=\"https:\/\/exactquartz.com\/wp-content\/uploads\/2025\/03\/Fused-Quartz-Glass-Tubes.png\" class=\"attachment-large size-large wp-image-518\" alt=\"Taven\u00e9 sklenen\u00e9 trubice z kreme\u0148a\" srcset=\"https:\/\/exactquartz.com\/wp-content\/uploads\/2025\/03\/Fused-Quartz-Glass-Tubes.png 847w, https:\/\/exactquartz.com\/wp-content\/uploads\/2025\/03\/Fused-Quartz-Glass-Tubes-300x180.png 300w, https:\/\/exactquartz.com\/wp-content\/uploads\/2025\/03\/Fused-Quartz-Glass-Tubes-768x460.png 768w\" sizes=\"(max-width: 847px) 100vw, 847px\" \/>\t\t\t\t\t\t\t\t\t\t\t\t\t\t\t<\/div>\n\t\t\t\t<\/div>\n\t\t\t\t\t<\/div>\n\t\t\t\t<\/div>\n\t\t\t\t<\/div>","protected":false},"excerpt":{"rendered":"<p>U Shape Fused Quartz Glass Tubes for Industry Type:Clear Quartz PipeColor:clearApplication:industrySurface Treatment:PolishedShape:U-bentOutside Diameter:0.5-350mmOzone Content:Ozone Freeu shape quartz glass tube:silica u [&hellip;]<\/p>","protected":false},"author":9,"featured_media":770,"parent":839,"menu_order":0,"comment_status":"closed","ping_status":"closed","template":"","meta":{"_seopress_robots_primary_cat":"","_seopress_titles_title":"U Shape Fused Quartz Glass Tubes for Industry \u2013 ExactQuartz","_seopress_titles_desc":"Clear fused silica U-shaped quartz tubes (OD 0.5\u2013350mm), ozone-free, 99.99% purity. For high-temp industrial use. Custom cuts & polishing available.","_seopress_robots_index":"","site-sidebar-layout":"no-sidebar","site-content-layout":"","ast-site-content-layout":"full-width-container","site-content-style":"default","site-sidebar-style":"default","ast-global-header-display":"","ast-banner-title-visibility":"","ast-main-header-display":"","ast-hfb-above-header-display":"","ast-hfb-below-header-display":"","ast-hfb-mobile-header-display":"","site-post-title":"disabled","ast-breadcrumbs-content":"","ast-featured-img":"disabled","footer-sml-layout":"","theme-transparent-header-meta":"","adv-header-id-meta":"","stick-header-meta":"","header-above-stick-meta":"","header-main-stick-meta":"","header-below-stick-meta":"","astra-migrate-meta-layouts":"default","ast-page-background-enabled":"default","ast-page-background-meta":{"desktop":{"background-color":"var(--ast-global-color-5)","background-image":"","background-repeat":"repeat","background-position":"center center","background-size":"auto","background-attachment":"scroll","background-type":"","background-media":"","overlay-type":"","overlay-color":"","overlay-opacity":"","overlay-gradient":""},"tablet":{"background-color":"","background-image":"","background-repeat":"repeat","background-position":"center center","background-size":"auto","background-attachment":"scroll","background-type":"","background-media":"","overlay-type":"","overlay-color":"","overlay-opacity":"","overlay-gradient":""},"mobile":{"background-color":"","background-image":"","background-repeat":"repeat","background-position":"center center","background-size":"auto","background-attachment":"scroll","background-type":"","background-media":"","overlay-type":"","overlay-color":"","overlay-opacity":"","overlay-gradient":""}},"ast-content-background-meta":{"desktop":{"background-color":"var(--ast-global-color-4)","background-image":"","background-repeat":"repeat","background-position":"center center","background-size":"auto","background-attachment":"scroll","background-type":"","background-media":"","overlay-type":"","overlay-color":"","overlay-opacity":"","overlay-gradient":""},"tablet":{"background-color":"var(--ast-global-color-4)","background-image":"","background-repeat":"repeat","background-position":"center center","background-size":"auto","background-attachment":"scroll","background-type":"","background-media":"","overlay-type":"","overlay-color":"","overlay-opacity":"","overlay-gradient":""},"mobile":{"background-color":"var(--ast-global-color-4)","background-image":"","background-repeat":"repeat","background-position":"center center","background-size":"auto","background-attachment":"scroll","background-type":"","background-media":"","overlay-type":"","overlay-color":"","overlay-opacity":"","overlay-gradient":""}},"footnotes":""},"class_list":["post-769","page","type-page","status-publish","has-post-thumbnail","hentry"],"_hostinger_reach_plugin_has_subscription_block":false,"_hostinger_reach_plugin_is_elementor":false,"_links":{"self":[{"href":"https:\/\/exactquartz.com\/sk\/wp-json\/wp\/v2\/pages\/769","targetHints":{"allow":["GET"]}}],"collection":[{"href":"https:\/\/exactquartz.com\/sk\/wp-json\/wp\/v2\/pages"}],"about":[{"href":"https:\/\/exactquartz.com\/sk\/wp-json\/wp\/v2\/types\/page"}],"author":[{"embeddable":true,"href":"https:\/\/exactquartz.com\/sk\/wp-json\/wp\/v2\/users\/9"}],"replies":[{"embeddable":true,"href":"https:\/\/exactquartz.com\/sk\/wp-json\/wp\/v2\/comments?post=769"}],"version-history":[{"count":14,"href":"https:\/\/exactquartz.com\/sk\/wp-json\/wp\/v2\/pages\/769\/revisions"}],"predecessor-version":[{"id":1344,"href":"https:\/\/exactquartz.com\/sk\/wp-json\/wp\/v2\/pages\/769\/revisions\/1344"}],"up":[{"embeddable":true,"href":"https:\/\/exactquartz.com\/sk\/wp-json\/wp\/v2\/pages\/839"}],"wp:featuredmedia":[{"embeddable":true,"href":"https:\/\/exactquartz.com\/sk\/wp-json\/wp\/v2\/media\/770"}],"wp:attachment":[{"href":"https:\/\/exactquartz.com\/sk\/wp-json\/wp\/v2\/media?parent=769"}],"curies":[{"name":"wp","href":"https:\/\/api.w.org\/{rel}","templated":true}]}}