{"id":722,"date":"2025-04-01T21:10:08","date_gmt":"2025-04-01T13:10:08","guid":{"rendered":"https:\/\/exactquartz.com\/?page_id=722"},"modified":"2025-04-16T18:15:04","modified_gmt":"2025-04-16T10:15:04","slug":"quartz-coil-helical-tubes","status":"publish","type":"page","link":"https:\/\/exactquartz.com\/sl\/high-temp-quartz-solutions\/quartz-coil-helical-tubes\/","title":{"rendered":"Kvar\u010dna tuljava in spiralne cevi"},"content":{"rendered":"<div data-elementor-type=\"wp-page\" data-elementor-id=\"722\" class=\"elementor elementor-722\" data-elementor-post-type=\"page\">\n\t\t\t\t<div class=\"elementor-element elementor-element-d2bc4f1 e-flex e-con-boxed e-con e-parent\" data-id=\"d2bc4f1\" data-element_type=\"container\">\n\t\t\t\t\t<div class=\"e-con-inner\">\n\t\t<div class=\"elementor-element elementor-element-6d0fc6f e-con-full e-flex e-con e-child\" data-id=\"6d0fc6f\" data-element_type=\"container\">\n\t\t\t\t<div class=\"elementor-element elementor-element-133430f elementor-skin-slideshow elementor-arrows-yes elementor-widget elementor-widget-media-carousel\" data-id=\"133430f\" data-element_type=\"widget\" data-settings=\"{&quot;skin&quot;:&quot;slideshow&quot;,&quot;slideshow_slides_per_view&quot;:&quot;2&quot;,&quot;effect&quot;:&quot;slide&quot;,&quot;show_arrows&quot;:&quot;yes&quot;,&quot;speed&quot;:500,&quot;autoplay&quot;:&quot;yes&quot;,&quot;autoplay_speed&quot;:5000,&quot;loop&quot;:&quot;yes&quot;,&quot;pause_on_hover&quot;:&quot;yes&quot;,&quot;pause_on_interaction&quot;:&quot;yes&quot;,&quot;space_between&quot;:{&quot;unit&quot;:&quot;px&quot;,&quot;size&quot;:10,&quot;sizes&quot;:[]},&quot;space_between_tablet&quot;:{&quot;unit&quot;:&quot;px&quot;,&quot;size&quot;:10,&quot;sizes&quot;:[]},&quot;space_between_mobile&quot;:{&quot;unit&quot;:&quot;px&quot;,&quot;size&quot;:10,&quot;sizes&quot;:[]}}\" data-widget_type=\"media-carousel.default\">\n\t\t\t\t<div class=\"elementor-widget-container\">\n\t\t\t\t\t\t\t\t\t<div class=\"elementor-swiper\">\n\t\t\t\t\t<div class=\"elementor-main-swiper swiper\" role=\"region\" aria-roledescription=\"carousel\" aria-label=\"Diapozitivi\">\n\t\t\t\t<div class=\"swiper-wrapper\">\n\t\t\t\t\t\t\t\t\t\t\t<div class=\"swiper-slide\" role=\"group\" aria-roledescription=\"slide\">\n\t\t\t\t\t\t\t\t\t<div class=\"elementor-carousel-image\" role=\"img\" aria-label=\"Prozorna cev iz kremen\u010devega stekla\" style=\"background-image: url(&#039;https:\/\/exactquartz.com\/wp-content\/uploads\/2025\/04\/Clear-Quartz-Glass-Coil-Tube.webp&#039;)\">\n\n\t\t\t\n\t\t\t\t\t<\/div>\n\t\t\t\t\t\t\t\t<\/div>\n\t\t\t\t\t\t\t\t\t\t\t<div class=\"swiper-slide\" role=\"group\" aria-roledescription=\"slide\">\n\t\t\t\t\t\t\t\t\t<div class=\"elementor-carousel-image\" role=\"img\" aria-label=\"Prozorna cev iz kvar\u010dnega stekla 2\" style=\"background-image: url(&#039;https:\/\/exactquartz.com\/wp-content\/uploads\/2025\/04\/Clear-Quartz-Glass-Coil-Tube-2.webp&#039;)\">\n\n\t\t\t\n\t\t\t\t\t<\/div>\n\t\t\t\t\t\t\t\t<\/div>\n\t\t\t\t\t\t\t\t\t<\/div>\n\t\t\t\t\t\t\t\t\t\t\t\t\t\t\t<div class=\"elementor-swiper-button elementor-swiper-button-prev\" role=\"button\" tabindex=\"0\" aria-label=\"Prej\u0161nji\">\n\t\t\t\t\t\t\t<svg aria-hidden=\"true\" class=\"e-font-icon-svg e-eicon-chevron-left\" viewbox=\"0 0 1000 1000\" xmlns=\"http:\/\/www.w3.org\/2000\/svg\"><path d=\"M646 125C629 125 613 133 604 142L308 442C296 454 292 471 292 487 292 504 296 521 308 533L604 854C617 867 629 875 646 875 663 875 679 871 692 858 704 846 713 829 713 812 713 796 708 779 692 767L438 487 692 225C700 217 708 204 708 187 708 171 704 154 692 142 675 129 663 125 646 125Z\"><\/path><\/svg>\t\t\t\t\t\t<\/div>\n\t\t\t\t\t\t<div class=\"elementor-swiper-button elementor-swiper-button-next\" role=\"button\" tabindex=\"0\" aria-label=\"Naslednji\">\n\t\t\t\t\t\t\t<svg aria-hidden=\"true\" class=\"e-font-icon-svg e-eicon-chevron-right\" viewbox=\"0 0 1000 1000\" xmlns=\"http:\/\/www.w3.org\/2000\/svg\"><path d=\"M696 533C708 521 713 504 713 487 713 471 708 454 696 446L400 146C388 133 375 125 354 125 338 125 325 129 313 142 300 154 292 171 292 187 292 204 296 221 308 233L563 492 304 771C292 783 288 800 288 817 288 833 296 850 308 863 321 871 338 875 354 875 371 875 388 867 400 854L696 533Z\"><\/path><\/svg>\t\t\t\t\t\t<\/div>\n\t\t\t\t\t\t\t\t\t\t\t\t\t\t\t\t\t<\/div>\n\t\t\t\t<\/div>\n\t\t\t\t\t\t\t\t<div class=\"elementor-swiper\">\n\t\t\t\t\t<div class=\"elementor-main-swiper swiper elementor-thumbnails-swiper swiper\" role=\"region region\" aria-roledescription=\"carousel carousel\" aria-label=\"Diapozitivi Diapozitivi\">\n\t\t\t\t<div class=\"swiper-wrapper\">\n\t\t\t\t\t\t\t\t\t\t\t<div class=\"swiper-slide\" role=\"group\" aria-roledescription=\"slide\">\n\t\t\t\t\t\t\t\t\t<div class=\"elementor-carousel-image\" role=\"img\" aria-label=\"Prozorna cev iz kremen\u010devega stekla\" style=\"background-image: url(&#039;https:\/\/exactquartz.com\/wp-content\/uploads\/2025\/04\/Clear-Quartz-Glass-Coil-Tube.webp&#039;)\">\n\n\t\t\t\n\t\t\t\t\t<\/div>\n\t\t\t\t\t\t\t\t<\/div>\n\t\t\t\t\t\t\t\t\t\t\t<div class=\"swiper-slide\" role=\"group\" aria-roledescription=\"slide\">\n\t\t\t\t\t\t\t\t\t<div class=\"elementor-carousel-image\" role=\"img\" aria-label=\"Prozorna cev iz kvar\u010dnega stekla 2\" style=\"background-image: url(&#039;https:\/\/exactquartz.com\/wp-content\/uploads\/2025\/04\/Clear-Quartz-Glass-Coil-Tube-2.webp&#039;)\">\n\n\t\t\t\n\t\t\t\t\t<\/div>\n\t\t\t\t\t\t\t\t<\/div>\n\t\t\t\t\t\t\t\t\t<\/div>\n\t\t\t\t\t\t\t\t\t\t\t\t\t\t\t\t\t\t\t\t\t<\/div>\n\t\t\t\t<\/div>\n\t\t\t\t\t\t\t\t<\/div>\n\t\t\t\t<\/div>\n\t\t\t\t<\/div>\n\t\t<div class=\"elementor-element elementor-element-2a56432 e-con-full e-flex e-con e-child\" data-id=\"2a56432\" data-element_type=\"container\">\n\t\t\t\t<div class=\"elementor-element elementor-element-70d5eba elementor-widget elementor-widget-heading\" data-id=\"70d5eba\" data-element_type=\"widget\" data-widget_type=\"heading.default\">\n\t\t\t\t<div class=\"elementor-widget-container\">\n\t\t\t\t\t<h2 class=\"elementor-heading-title elementor-size-default\">Kvar\u010dna tuljava in spiralne cevi<\/h2>\t\t\t\t<\/div>\n\t\t\t\t<\/div>\n\t\t\t\t<div class=\"elementor-element elementor-element-ac956f7 elementor-widget elementor-widget-text-editor\" data-id=\"ac956f7\" data-element_type=\"widget\" data-widget_type=\"text-editor.default\">\n\t\t\t\t<div class=\"elementor-widget-container\">\n\t\t\t\t\t\t\t\t\t<p>Vrsta: Vklju\u010dite se v sistem: Vija\u010dna cev po meri: brez\u0161ivna spiralna cev iz staljenega kvar\u010dnega stekla \/ \u010dista spiralna cev iz kvar\u010dnega stekla<br \/>SiO2 \u010cistost: 99,99%<br \/>To\u010dka varjenja: 1750 \u2103<br \/>Delovna temperatura: &lt;1450 \u2103<br \/>Uporaba: Raziskovalna uporaba<br \/>Pakiranje: Plasti\u010dna pena v embala\u017ei: lesena \u0161katla \/ \u0161katla, plasti\u010dna pena v embala\u017ei<br \/>Izdelava po meri za poljubne dimenzije<\/p>\t\t\t\t\t\t\t\t<\/div>\n\t\t\t\t<\/div>\n\t\t\t\t<div class=\"elementor-element elementor-element-1e34798 elementor-align-left elementor-widget elementor-widget-button\" data-id=\"1e34798\" data-element_type=\"widget\" data-widget_type=\"button.default\">\n\t\t\t\t<div class=\"elementor-widget-container\">\n\t\t\t\t\t\t\t\t\t<div class=\"elementor-button-wrapper\">\n\t\t\t\t\t<a class=\"elementor-button elementor-button-link elementor-size-sm\" href=\"#elementor-action%3Aaction%3Dpopup%3Aopen%26settings%3DeyJpZCI6IjEyNzUiLCJ0b2dnbGUiOmZhbHNlfQ%3D%3D\">\n\t\t\t\t\t\t<span class=\"elementor-button-content-wrapper\">\n\t\t\t\t\t\t\t\t\t<span class=\"elementor-button-text\">Hitra ponudba<\/span>\n\t\t\t\t\t<\/span>\n\t\t\t\t\t<\/a>\n\t\t\t\t<\/div>\n\t\t\t\t\t\t\t\t<\/div>\n\t\t\t\t<\/div>\n\t\t\t\t<\/div>\n\t\t\t\t\t<\/div>\n\t\t\t\t<\/div>\n\t\t<div class=\"elementor-element elementor-element-a2ed80c e-flex e-con-boxed e-con e-parent\" data-id=\"a2ed80c\" data-element_type=\"container\">\n\t\t\t\t\t<div class=\"e-con-inner\">\n\t\t\t\t<div class=\"elementor-element elementor-element-15718d3 elementor-widget elementor-widget-heading\" data-id=\"15718d3\" data-element_type=\"widget\" data-widget_type=\"heading.default\">\n\t\t\t\t<div class=\"elementor-widget-container\">\n\t\t\t\t\t<h3 class=\"elementor-heading-title elementor-size-default\">Podrobnosti:<\/h3>\t\t\t\t<\/div>\n\t\t\t\t<\/div>\n\t\t\t\t<div class=\"elementor-element elementor-element-281af31 elementor-widget elementor-widget-text-editor\" data-id=\"281af31\" data-element_type=\"widget\" data-widget_type=\"text-editor.default\">\n\t\t\t\t<div class=\"elementor-widget-container\">\n\t\t\t\t\t\t\t\t\t<p>Pri ro\u010dni izdelavi spiralnih\/vija\u010dnih cevi iz taljenega kremena pogosto nastanejo vrzeli. Razlog za to je, da segrevanje ni na mestu. Ko je torej temperatura previsoka, se spiralna cev deformira. Po letih izbolj\u0161evanja procesa je na\u0161e podjetje lahko dobro nadzorovalo vrzel kremenove spirale. Ne glede na veliko ali majhno velikost spiralne cevi jo lahko izdelamo. Dobrodo\u0161li, da stopite v stik z nami.<\/p><p>Prozorne cevi iz taljenega kremena so iz visoko \u010distega (99,99%+) kremen\u010devega stekla, primernega za temperature do 1300 C. Odpornost na toplotne udarce je \u0161e ena pomembna lastnost kremen\u010devih cevi. Po\u0161ljite nam e-po\u0161to za cene po meri odrezanih dol\u017ein in\/ali spojenih ali ognjeno poliranih cevi.<\/p>\t\t\t\t\t\t\t\t<\/div>\n\t\t\t\t<\/div>\n\t\t\t\t<div class=\"elementor-element elementor-element-65b7797 elementor-widget elementor-widget-heading\" data-id=\"65b7797\" data-element_type=\"widget\" data-widget_type=\"heading.default\">\n\t\t\t\t<div class=\"elementor-widget-container\">\n\t\t\t\t\t<h3 class=\"elementor-heading-title elementor-size-default\">Funkcije taljenega kvar\u010dnega stekla:<\/h3>\t\t\t\t<\/div>\n\t\t\t\t<\/div>\n\t\t\t\t<div class=\"elementor-element elementor-element-269a92b elementor-widget elementor-widget-text-editor\" data-id=\"269a92b\" data-element_type=\"widget\" data-widget_type=\"text-editor.default\">\n\t\t\t\t<div class=\"elementor-widget-container\">\n\t\t\t\t\t\t\t\t\t<p>Prozorne cevi iz staljenega kremena imajo vse odli\u010dne lastnosti kremen\u010devega stekla. To so glavni materiali za proizvodnjo lupine za atericidne svetilke, globoko predelavo razli\u010dnih laboratorijskih steklenih izdelkov in instrumentov ter cevi za pe\u010di.<\/p><p>1, neverjetno odporen na toplotne udarce (lahko ga vzamete iz rde\u010de vro\u010dine in potopite v vodo, ne da bi razpokal).<br \/>2, nizek temperaturni koeficient raztezanja (TCE) in visoka temperatura meh\u010danja.<br \/>3, lastnosti opti\u010dnega prenosa od ultravijoli\u010dne do infrarde\u010de svetlobe.<br \/>4, dobra kemi\u010dna odpornost.<br \/>5, odli\u010den elektri\u010dni izolator.<\/p>\t\t\t\t\t\t\t\t<\/div>\n\t\t\t\t<\/div>\n\t\t\t\t<div class=\"elementor-element elementor-element-5dd89d3 elementor-widget elementor-widget-image\" data-id=\"5dd89d3\" data-element_type=\"widget\" data-widget_type=\"image.default\">\n\t\t\t\t<div class=\"elementor-widget-container\">\n\t\t\t\t\t\t\t\t\t\t\t\t\t\t\t<img fetchpriority=\"high\" decoding=\"async\" width=\"847\" height=\"507\" src=\"https:\/\/exactquartz.com\/wp-content\/uploads\/2025\/03\/Fused-Quartz-Glass-Tubes.png\" class=\"attachment-large size-large wp-image-518\" alt=\"Steklene cevi iz taljenega kremena\" srcset=\"https:\/\/exactquartz.com\/wp-content\/uploads\/2025\/03\/Fused-Quartz-Glass-Tubes.png 847w, https:\/\/exactquartz.com\/wp-content\/uploads\/2025\/03\/Fused-Quartz-Glass-Tubes-300x180.png 300w, https:\/\/exactquartz.com\/wp-content\/uploads\/2025\/03\/Fused-Quartz-Glass-Tubes-768x460.png 768w\" sizes=\"(max-width: 847px) 100vw, 847px\" \/>\t\t\t\t\t\t\t\t\t\t\t\t\t\t\t<\/div>\n\t\t\t\t<\/div>\n\t\t\t\t\t<\/div>\n\t\t\t\t<\/div>\n\t\t\t\t<\/div>","protected":false},"excerpt":{"rendered":"<p>Quartz Coil &amp; Helical Tubes Type: Custom Seamless Fused Quartz Glass Spiral Tube \/ Clear Quartz Helical TubeSiO2 Purity: 99.99%Welting [&hellip;]<\/p>","protected":false},"author":9,"featured_media":723,"parent":839,"menu_order":0,"comment_status":"closed","ping_status":"closed","template":"","meta":{"_seopress_robots_primary_cat":"","_seopress_titles_title":"Quartz Coil & Helical Tubes \u2013 Seamless Fused Glass | ExactQuartz","_seopress_titles_desc":"Seamless fused quartz coil tubes (99.99% SiO\u2082) for lab & research use. High-temp stability, UV-IR clarity & custom spiral fabrication supported.","_seopress_robots_index":"","site-sidebar-layout":"no-sidebar","site-content-layout":"","ast-site-content-layout":"full-width-container","site-content-style":"default","site-sidebar-style":"default","ast-global-header-display":"","ast-banner-title-visibility":"","ast-main-header-display":"","ast-hfb-above-header-display":"","ast-hfb-below-header-display":"","ast-hfb-mobile-header-display":"","site-post-title":"disabled","ast-breadcrumbs-content":"","ast-featured-img":"disabled","footer-sml-layout":"","theme-transparent-header-meta":"","adv-header-id-meta":"","stick-header-meta":"","header-above-stick-meta":"","header-main-stick-meta":"","header-below-stick-meta":"","astra-migrate-meta-layouts":"default","ast-page-background-enabled":"default","ast-page-background-meta":{"desktop":{"background-color":"var(--ast-global-color-5)","background-image":"","background-repeat":"repeat","background-position":"center center","background-size":"auto","background-attachment":"scroll","background-type":"","background-media":"","overlay-type":"","overlay-color":"","overlay-opacity":"","overlay-gradient":""},"tablet":{"background-color":"","background-image":"","background-repeat":"repeat","background-position":"center center","background-size":"auto","background-attachment":"scroll","background-type":"","background-media":"","overlay-type":"","overlay-color":"","overlay-opacity":"","overlay-gradient":""},"mobile":{"background-color":"","background-image":"","background-repeat":"repeat","background-position":"center center","background-size":"auto","background-attachment":"scroll","background-type":"","background-media":"","overlay-type":"","overlay-color":"","overlay-opacity":"","overlay-gradient":""}},"ast-content-background-meta":{"desktop":{"background-color":"var(--ast-global-color-4)","background-image":"","background-repeat":"repeat","background-position":"center center","background-size":"auto","background-attachment":"scroll","background-type":"","background-media":"","overlay-type":"","overlay-color":"","overlay-opacity":"","overlay-gradient":""},"tablet":{"background-color":"var(--ast-global-color-4)","background-image":"","background-repeat":"repeat","background-position":"center center","background-size":"auto","background-attachment":"scroll","background-type":"","background-media":"","overlay-type":"","overlay-color":"","overlay-opacity":"","overlay-gradient":""},"mobile":{"background-color":"var(--ast-global-color-4)","background-image":"","background-repeat":"repeat","background-position":"center center","background-size":"auto","background-attachment":"scroll","background-type":"","background-media":"","overlay-type":"","overlay-color":"","overlay-opacity":"","overlay-gradient":""}},"footnotes":""},"class_list":["post-722","page","type-page","status-publish","has-post-thumbnail","hentry"],"_hostinger_reach_plugin_has_subscription_block":false,"_hostinger_reach_plugin_is_elementor":false,"_links":{"self":[{"href":"https:\/\/exactquartz.com\/sl\/wp-json\/wp\/v2\/pages\/722","targetHints":{"allow":["GET"]}}],"collection":[{"href":"https:\/\/exactquartz.com\/sl\/wp-json\/wp\/v2\/pages"}],"about":[{"href":"https:\/\/exactquartz.com\/sl\/wp-json\/wp\/v2\/types\/page"}],"author":[{"embeddable":true,"href":"https:\/\/exactquartz.com\/sl\/wp-json\/wp\/v2\/users\/9"}],"replies":[{"embeddable":true,"href":"https:\/\/exactquartz.com\/sl\/wp-json\/wp\/v2\/comments?post=722"}],"version-history":[{"count":21,"href":"https:\/\/exactquartz.com\/sl\/wp-json\/wp\/v2\/pages\/722\/revisions"}],"predecessor-version":[{"id":1314,"href":"https:\/\/exactquartz.com\/sl\/wp-json\/wp\/v2\/pages\/722\/revisions\/1314"}],"up":[{"embeddable":true,"href":"https:\/\/exactquartz.com\/sl\/wp-json\/wp\/v2\/pages\/839"}],"wp:featuredmedia":[{"embeddable":true,"href":"https:\/\/exactquartz.com\/sl\/wp-json\/wp\/v2\/media\/723"}],"wp:attachment":[{"href":"https:\/\/exactquartz.com\/sl\/wp-json\/wp\/v2\/media?parent=722"}],"curies":[{"name":"wp","href":"https:\/\/api.w.org\/{rel}","templated":true}]}}