{"id":165,"date":"2025-03-12T18:59:48","date_gmt":"2025-03-12T10:59:48","guid":{"rendered":"https:\/\/exactquartz.com\/?page_id=165"},"modified":"2025-04-16T18:21:21","modified_gmt":"2025-04-16T10:21:21","slug":"semi-circular-quartz-tubes-high-temp-custom-glass","status":"publish","type":"page","link":"https:\/\/exactquartz.com\/tr\/high-temp-quartz-solutions\/semi-circular-quartz-tubes-high-temp-custom-glass\/","title":{"rendered":"Yar\u0131 Dairesel Kuvars T\u00fcpler - Y\u00fcksek S\u0131cakl\u0131k \u00d6zel Cam"},"content":{"rendered":"<div data-elementor-type=\"wp-page\" data-elementor-id=\"165\" class=\"elementor elementor-165\" data-elementor-post-type=\"page\">\n\t\t\t\t<div class=\"elementor-element elementor-element-abb877f e-flex e-con-boxed e-con e-parent\" data-id=\"abb877f\" data-element_type=\"container\">\n\t\t\t\t\t<div class=\"e-con-inner\">\n\t\t<div class=\"elementor-element elementor-element-82153af e-con-full e-flex e-con e-child\" data-id=\"82153af\" data-element_type=\"container\">\n\t\t\t\t<div class=\"elementor-element elementor-element-42ee351 elementor-widget elementor-widget-image\" data-id=\"42ee351\" data-element_type=\"widget\" data-widget_type=\"image.default\">\n\t\t\t\t<div class=\"elementor-widget-container\">\n\t\t\t\t\t\t\t\t\t\t\t\t\t\t\t<img fetchpriority=\"high\" decoding=\"async\" width=\"500\" height=\"379\" src=\"https:\/\/exactquartz.com\/wp-content\/uploads\/2025\/03\/High-temperature-quartz-glass-semi-circular-tubes.webp\" class=\"attachment-large size-large wp-image-169\" alt=\"Y\u00fcksek s\u0131cakl\u0131k kuvars cam yar\u0131 dairesel t\u00fcpler\" srcset=\"https:\/\/exactquartz.com\/wp-content\/uploads\/2025\/03\/High-temperature-quartz-glass-semi-circular-tubes.webp 500w, https:\/\/exactquartz.com\/wp-content\/uploads\/2025\/03\/High-temperature-quartz-glass-semi-circular-tubes-300x227.webp 300w\" sizes=\"(max-width: 500px) 100vw, 500px\" \/>\t\t\t\t\t\t\t\t\t\t\t\t\t\t\t<\/div>\n\t\t\t\t<\/div>\n\t\t\t\t<\/div>\n\t\t<div class=\"elementor-element elementor-element-c514cbd e-con-full e-flex e-con e-child\" data-id=\"c514cbd\" data-element_type=\"container\">\n\t\t\t\t<div class=\"elementor-element elementor-element-70d5eba elementor-widget elementor-widget-heading\" data-id=\"70d5eba\" data-element_type=\"widget\" data-widget_type=\"heading.default\">\n\t\t\t\t<div class=\"elementor-widget-container\">\n\t\t\t\t\t<h2 class=\"elementor-heading-title elementor-size-default\">Yar\u0131 Dairesel Kuvars T\u00fcpler - Y\u00fcksek S\u0131cakl\u0131k \u00d6zel Cam<\/h2>\t\t\t\t<\/div>\n\t\t\t\t<\/div>\n\t\t\t\t<div class=\"elementor-element elementor-element-ac956f7 elementor-widget elementor-widget-text-editor\" data-id=\"ac956f7\" data-element_type=\"widget\" data-widget_type=\"text-editor.default\">\n\t\t\t\t<div class=\"elementor-widget-container\">\n\t\t\t\t\t\t\t\t\t<ul><li>\u00d6zelle\u015ftirilmi\u015f: \u00d6zelle\u015ftirilmi\u015f<\/li><li>Yap\u0131: \u00d6zelle\u015ftirilmi\u015f<\/li><li>Malzeme Kuvars<\/li><li>Uygulama: Y\u00fcksek s\u0131cakl\u0131k f\u0131r\u0131nlar\u0131, Laboratuvar ekipmanlar\u0131 ve optik aletler<\/li><li>Tip T\u00fcp<\/li><\/ul>\t\t\t\t\t\t\t\t<\/div>\n\t\t\t\t<\/div>\n\t\t\t\t<div class=\"elementor-element elementor-element-2d910b1 elementor-align-left elementor-widget elementor-widget-button\" data-id=\"2d910b1\" data-element_type=\"widget\" data-widget_type=\"button.default\">\n\t\t\t\t<div class=\"elementor-widget-container\">\n\t\t\t\t\t\t\t\t\t<div class=\"elementor-button-wrapper\">\n\t\t\t\t\t<a class=\"elementor-button elementor-button-link elementor-size-sm\" href=\"#elementor-action%3Aaction%3Dpopup%3Aopen%26settings%3DeyJpZCI6IjEyNzUiLCJ0b2dnbGUiOmZhbHNlfQ%3D%3D\">\n\t\t\t\t\t\t<span class=\"elementor-button-content-wrapper\">\n\t\t\t\t\t\t\t\t\t<span class=\"elementor-button-text\">H\u0131zl\u0131 Al\u0131nt\u0131<\/span>\n\t\t\t\t\t<\/span>\n\t\t\t\t\t<\/a>\n\t\t\t\t<\/div>\n\t\t\t\t\t\t\t\t<\/div>\n\t\t\t\t<\/div>\n\t\t\t\t<\/div>\n\t\t\t\t\t<\/div>\n\t\t\t\t<\/div>\n\t\t<div class=\"elementor-element elementor-element-a2ed80c e-flex e-con-boxed e-con e-parent\" data-id=\"a2ed80c\" data-element_type=\"container\">\n\t\t\t\t\t<div class=\"e-con-inner\">\n\t\t\t\t<div class=\"elementor-element elementor-element-1055203 elementor-widget elementor-widget-heading\" data-id=\"1055203\" data-element_type=\"widget\" data-widget_type=\"heading.default\">\n\t\t\t\t<div class=\"elementor-widget-container\">\n\t\t\t\t\t<h3 class=\"elementor-heading-title elementor-size-default\">Erimi\u015f Kuvars T\u00fcpler\/Silika T\u00fcpler:<\/h3>\t\t\t\t<\/div>\n\t\t\t\t<\/div>\n\t\t\t\t<div class=\"elementor-element elementor-element-ceddc61 elementor-widget elementor-widget-text-editor\" data-id=\"ceddc61\" data-element_type=\"widget\" data-widget_type=\"text-editor.default\">\n\t\t\t\t<div class=\"elementor-widget-container\">\n\t\t\t\t\t\t\t\t\t<p>Silika t\u00fcpler olarak da bilinen erimi\u015f kuvars t\u00fcpler, y\u00fcksek safl\u0131kta kuvars malzemelerden yap\u0131l\u0131r. Bu t\u00fcpler y\u00fcksek s\u0131cakl\u0131k direnci, y\u00fcksek termal \u015fok direnci ve m\u00fckemmel optik \u015feffafl\u0131k gibi bir dizi ola\u011fan\u00fcst\u00fc \u00f6zelli\u011fe sahiptir. Bu \u00f6zellikleri nedeniyle erimi\u015f kuvars t\u00fcpler yar\u0131 iletken \u00fcretimi, g\u00fcne\u015f enerjisi ve laboratuvar ara\u015ft\u0131rmalar\u0131 gibi \u00e7e\u015fitli sekt\u00f6rlerde yayg\u0131n olarak kullan\u0131lmaktad\u0131r.<\/p>\t\t\t\t\t\t\t\t<\/div>\n\t\t\t\t<\/div>\n\t\t\t\t<div class=\"elementor-element elementor-element-b7e9c99 elementor-widget elementor-widget-heading\" data-id=\"b7e9c99\" data-element_type=\"widget\" data-widget_type=\"heading.default\">\n\t\t\t\t<div class=\"elementor-widget-container\">\n\t\t\t\t\t<h3 class=\"elementor-heading-title elementor-size-default\">Uygulama:<\/h3>\t\t\t\t<\/div>\n\t\t\t\t<\/div>\n\t\t\t\t<div class=\"elementor-element elementor-element-281af31 elementor-widget elementor-widget-text-editor\" data-id=\"281af31\" data-element_type=\"widget\" data-widget_type=\"text-editor.default\">\n\t\t\t\t<div class=\"elementor-widget-container\">\n\t\t\t\t\t\t\t\t\t<p>1. Yayg\u0131n olarak kimya, makine, lazer, optik alet, Bilimsel ara\u015ft\u0131rma laboratuvar\u0131, Elektronik, yar\u0131 iletken end\u00fcstrisi vb.<\/p><p>2. Kuvars ampullerimiz y\u00fcksek safl\u0131\u011fa (&gt;99.99%), iyi fiziksel ve kimyasal \u00f6zelliklere, s\u0131k\u0131 toleranslara ve d\u00fc\u015f\u00fck -OH i\u00e7eri\u011fine sahiptir. \u00c7ubuklar m\u00fc\u015fterilerimiz taraf\u0131ndan \u00e7e\u015fitli uygulamalarda kullan\u0131lmaktad\u0131r.<\/p>\t\t\t\t\t\t\t\t<\/div>\n\t\t\t\t<\/div>\n\t\t\t\t\t<\/div>\n\t\t\t\t<\/div>\n\t\t\t\t<\/div>","protected":false},"excerpt":{"rendered":"<p>Semi-Circular Quartz Tubes \u2013 High Temp Custom Glass Customized: Customized Structure: Customized Material: Quartz Application: High-temperature furnaces, Laboratory equipment, and [&hellip;]<\/p>","protected":false},"author":9,"featured_media":169,"parent":839,"menu_order":0,"comment_status":"closed","ping_status":"closed","template":"","meta":{"_seopress_robots_primary_cat":"","_seopress_titles_title":"Semi-Circular Quartz Tubes \u2013 High Temp Custom Glass","_seopress_titles_desc":"High-temp semi-circular quartz glass tubes for lab, furnace & optical use. 99.99% SiO\u2082, thermal shock resistant, precise shaping & OEM fabrication.","_seopress_robots_index":"","site-sidebar-layout":"no-sidebar","site-content-layout":"","ast-site-content-layout":"full-width-container","site-content-style":"default","site-sidebar-style":"default","ast-global-header-display":"","ast-banner-title-visibility":"","ast-main-header-display":"","ast-hfb-above-header-display":"","ast-hfb-below-header-display":"","ast-hfb-mobile-header-display":"","site-post-title":"disabled","ast-breadcrumbs-content":"","ast-featured-img":"disabled","footer-sml-layout":"","theme-transparent-header-meta":"","adv-header-id-meta":"","stick-header-meta":"","header-above-stick-meta":"","header-main-stick-meta":"","header-below-stick-meta":"","astra-migrate-meta-layouts":"default","ast-page-background-enabled":"default","ast-page-background-meta":{"desktop":{"background-color":"var(--ast-global-color-5)","background-image":"","background-repeat":"repeat","background-position":"center center","background-size":"auto","background-attachment":"scroll","background-type":"","background-media":"","overlay-type":"","overlay-color":"","overlay-opacity":"","overlay-gradient":""},"tablet":{"background-color":"","background-image":"","background-repeat":"repeat","background-position":"center center","background-size":"auto","background-attachment":"scroll","background-type":"","background-media":"","overlay-type":"","overlay-color":"","overlay-opacity":"","overlay-gradient":""},"mobile":{"background-color":"","background-image":"","background-repeat":"repeat","background-position":"center center","background-size":"auto","background-attachment":"scroll","background-type":"","background-media":"","overlay-type":"","overlay-color":"","overlay-opacity":"","overlay-gradient":""}},"ast-content-background-meta":{"desktop":{"background-color":"var(--ast-global-color-4)","background-image":"","background-repeat":"repeat","background-position":"center center","background-size":"auto","background-attachment":"scroll","background-type":"","background-media":"","overlay-type":"","overlay-color":"","overlay-opacity":"","overlay-gradient":""},"tablet":{"background-color":"var(--ast-global-color-4)","background-image":"","background-repeat":"repeat","background-position":"center center","background-size":"auto","background-attachment":"scroll","background-type":"","background-media":"","overlay-type":"","overlay-color":"","overlay-opacity":"","overlay-gradient":""},"mobile":{"background-color":"var(--ast-global-color-4)","background-image":"","background-repeat":"repeat","background-position":"center center","background-size":"auto","background-attachment":"scroll","background-type":"","background-media":"","overlay-type":"","overlay-color":"","overlay-opacity":"","overlay-gradient":""}},"footnotes":""},"class_list":["post-165","page","type-page","status-publish","has-post-thumbnail","hentry"],"_hostinger_reach_plugin_has_subscription_block":false,"_hostinger_reach_plugin_is_elementor":false,"_links":{"self":[{"href":"https:\/\/exactquartz.com\/tr\/wp-json\/wp\/v2\/pages\/165","targetHints":{"allow":["GET"]}}],"collection":[{"href":"https:\/\/exactquartz.com\/tr\/wp-json\/wp\/v2\/pages"}],"about":[{"href":"https:\/\/exactquartz.com\/tr\/wp-json\/wp\/v2\/types\/page"}],"author":[{"embeddable":true,"href":"https:\/\/exactquartz.com\/tr\/wp-json\/wp\/v2\/users\/9"}],"replies":[{"embeddable":true,"href":"https:\/\/exactquartz.com\/tr\/wp-json\/wp\/v2\/comments?post=165"}],"version-history":[{"count":17,"href":"https:\/\/exactquartz.com\/tr\/wp-json\/wp\/v2\/pages\/165\/revisions"}],"predecessor-version":[{"id":1380,"href":"https:\/\/exactquartz.com\/tr\/wp-json\/wp\/v2\/pages\/165\/revisions\/1380"}],"up":[{"embeddable":true,"href":"https:\/\/exactquartz.com\/tr\/wp-json\/wp\/v2\/pages\/839"}],"wp:featuredmedia":[{"embeddable":true,"href":"https:\/\/exactquartz.com\/tr\/wp-json\/wp\/v2\/media\/169"}],"wp:attachment":[{"href":"https:\/\/exactquartz.com\/tr\/wp-json\/wp\/v2\/media?parent=165"}],"curies":[{"name":"wp","href":"https:\/\/api.w.org\/{rel}","templated":true}]}}