{"id":266,"date":"2025-03-26T17:28:19","date_gmt":"2025-03-26T09:28:19","guid":{"rendered":"https:\/\/exactquartz.com\/?page_id=266"},"modified":"2025-04-16T18:29:58","modified_gmt":"2025-04-16T10:29:58","slug":"optical-quartz-discs","status":"publish","type":"page","link":"https:\/\/exactquartz.com\/tr\/quartz-discs-and-plates\/optical-quartz-discs\/","title":{"rendered":"Optik Kuvars Diskler - Y\u00fcksek Netlikte Dairesel Plakalar"},"content":{"rendered":"<div data-elementor-type=\"wp-page\" data-elementor-id=\"266\" class=\"elementor elementor-266\" data-elementor-post-type=\"page\">\n\t\t\t\t<div class=\"elementor-element elementor-element-d2bc4f1 e-flex e-con-boxed e-con e-parent\" data-id=\"d2bc4f1\" data-element_type=\"container\">\n\t\t\t\t\t<div class=\"e-con-inner\">\n\t\t<div class=\"elementor-element elementor-element-6d0fc6f e-con-full e-flex e-con e-child\" data-id=\"6d0fc6f\" data-element_type=\"container\">\n\t\t\t\t<div class=\"elementor-element elementor-element-fb179f0 elementor-skin-slideshow elementor-arrows-yes elementor-widget elementor-widget-media-carousel\" data-id=\"fb179f0\" data-element_type=\"widget\" data-settings=\"{&quot;skin&quot;:&quot;slideshow&quot;,&quot;effect&quot;:&quot;fade&quot;,&quot;slideshow_slides_per_view&quot;:&quot;3&quot;,&quot;show_arrows&quot;:&quot;yes&quot;,&quot;speed&quot;:500,&quot;autoplay&quot;:&quot;yes&quot;,&quot;autoplay_speed&quot;:5000,&quot;loop&quot;:&quot;yes&quot;,&quot;pause_on_hover&quot;:&quot;yes&quot;,&quot;pause_on_interaction&quot;:&quot;yes&quot;,&quot;space_between&quot;:{&quot;unit&quot;:&quot;px&quot;,&quot;size&quot;:10,&quot;sizes&quot;:[]},&quot;space_between_tablet&quot;:{&quot;unit&quot;:&quot;px&quot;,&quot;size&quot;:10,&quot;sizes&quot;:[]},&quot;space_between_mobile&quot;:{&quot;unit&quot;:&quot;px&quot;,&quot;size&quot;:10,&quot;sizes&quot;:[]}}\" data-widget_type=\"media-carousel.default\">\n\t\t\t\t<div class=\"elementor-widget-container\">\n\t\t\t\t\t\t\t\t\t<div class=\"elementor-swiper\">\n\t\t\t\t\t<div class=\"elementor-main-swiper swiper\" role=\"region\" aria-roledescription=\"carousel\" aria-label=\"Kayd\u0131raklar\">\n\t\t\t\t<div class=\"swiper-wrapper\">\n\t\t\t\t\t\t\t\t\t\t\t<div class=\"swiper-slide\" role=\"group\" aria-roledescription=\"slide\">\n\t\t\t\t\t\t\t\t\t<div class=\"elementor-carousel-image\" role=\"img\" aria-label=\"Y\u00fcksek \u015feffafl\u0131kta optik kuvars diskler\" style=\"background-image: url(&#039;https:\/\/exactquartz.com\/wp-content\/uploads\/2025\/03\/High-transparency-optical-quartz-discs.webp&#039;)\">\n\n\t\t\t\n\t\t\t\t\t<\/div>\n\t\t\t\t\t\t\t\t<\/div>\n\t\t\t\t\t\t\t\t\t\t\t<div class=\"swiper-slide\" role=\"group\" aria-roledescription=\"slide\">\n\t\t\t\t\t\t\t\t\t<div class=\"elementor-carousel-image\" role=\"img\" aria-label=\"Y\u00fcksek \u015feffafl\u0131kta optik kuvars diskler 3\" style=\"background-image: url(&#039;https:\/\/exactquartz.com\/wp-content\/uploads\/2025\/03\/High-transparency-optical-quartz-discs-3.webp&#039;)\">\n\n\t\t\t\n\t\t\t\t\t<\/div>\n\t\t\t\t\t\t\t\t<\/div>\n\t\t\t\t\t\t\t\t\t\t\t<div class=\"swiper-slide\" role=\"group\" aria-roledescription=\"slide\">\n\t\t\t\t\t\t\t\t\t<div class=\"elementor-carousel-image\" role=\"img\" aria-label=\"Y\u00fcksek \u015feffafl\u0131kta optik kuvars diskler 2\" style=\"background-image: url(&#039;https:\/\/exactquartz.com\/wp-content\/uploads\/2025\/03\/High-transparency-optical-quartz-discs-2.webp&#039;)\">\n\n\t\t\t\n\t\t\t\t\t<\/div>\n\t\t\t\t\t\t\t\t<\/div>\n\t\t\t\t\t\t\t\t\t<\/div>\n\t\t\t\t\t\t\t\t\t\t\t\t\t\t\t<div class=\"elementor-swiper-button elementor-swiper-button-prev\" role=\"button\" tabindex=\"0\" aria-label=\"Iepriek\u0161\u0113jais\" data-no-translation-aria-label=\"\">\n\t\t\t\t\t\t\t<svg aria-hidden=\"true\" class=\"e-font-icon-svg e-eicon-chevron-left\" viewbox=\"0 0 1000 1000\" xmlns=\"http:\/\/www.w3.org\/2000\/svg\"><path d=\"M646 125C629 125 613 133 604 142L308 442C296 454 292 471 292 487 292 504 296 521 308 533L604 854C617 867 629 875 646 875 663 875 679 871 692 858 704 846 713 829 713 812 713 796 708 779 692 767L438 487 692 225C700 217 708 204 708 187 708 171 704 154 692 142 675 129 663 125 646 125Z\"><\/path><\/svg>\t\t\t\t\t\t<\/div>\n\t\t\t\t\t\t<div class=\"elementor-swiper-button elementor-swiper-button-next\" role=\"button\" tabindex=\"0\" aria-label=\"N\u0101kamais\" data-no-translation-aria-label=\"\">\n\t\t\t\t\t\t\t<svg aria-hidden=\"true\" class=\"e-font-icon-svg e-eicon-chevron-right\" viewbox=\"0 0 1000 1000\" xmlns=\"http:\/\/www.w3.org\/2000\/svg\"><path d=\"M696 533C708 521 713 504 713 487 713 471 708 454 696 446L400 146C388 133 375 125 354 125 338 125 325 129 313 142 300 154 292 171 292 187 292 204 296 221 308 233L563 492 304 771C292 783 288 800 288 817 288 833 296 850 308 863 321 871 338 875 354 875 371 875 388 867 400 854L696 533Z\"><\/path><\/svg>\t\t\t\t\t\t<\/div>\n\t\t\t\t\t\t\t\t\t\t\t\t\t\t\t\t\t<\/div>\n\t\t\t\t<\/div>\n\t\t\t\t\t\t\t\t<div class=\"elementor-swiper\">\n\t\t\t\t\t<div class=\"elementor-main-swiper swiper elementor-thumbnails-swiper swiper\" role=\"region region\" aria-roledescription=\"carousel carousel\" aria-label=\"Slaytlar Slaytlar\">\n\t\t\t\t<div class=\"swiper-wrapper\">\n\t\t\t\t\t\t\t\t\t\t\t<div class=\"swiper-slide\" role=\"group\" aria-roledescription=\"slide\">\n\t\t\t\t\t\t\t\t\t<div class=\"elementor-carousel-image\" role=\"img\" aria-label=\"Y\u00fcksek \u015feffafl\u0131kta optik kuvars diskler\" style=\"background-image: url(&#039;https:\/\/exactquartz.com\/wp-content\/uploads\/2025\/03\/High-transparency-optical-quartz-discs.webp&#039;)\">\n\n\t\t\t\n\t\t\t\t\t<\/div>\n\t\t\t\t\t\t\t\t<\/div>\n\t\t\t\t\t\t\t\t\t\t\t<div class=\"swiper-slide\" role=\"group\" aria-roledescription=\"slide\">\n\t\t\t\t\t\t\t\t\t<div class=\"elementor-carousel-image\" role=\"img\" aria-label=\"Y\u00fcksek \u015feffafl\u0131kta optik kuvars diskler 3\" style=\"background-image: url(&#039;https:\/\/exactquartz.com\/wp-content\/uploads\/2025\/03\/High-transparency-optical-quartz-discs-3.webp&#039;)\">\n\n\t\t\t\n\t\t\t\t\t<\/div>\n\t\t\t\t\t\t\t\t<\/div>\n\t\t\t\t\t\t\t\t\t\t\t<div class=\"swiper-slide\" role=\"group\" aria-roledescription=\"slide\">\n\t\t\t\t\t\t\t\t\t<div class=\"elementor-carousel-image\" role=\"img\" aria-label=\"Y\u00fcksek \u015feffafl\u0131kta optik kuvars diskler 2\" style=\"background-image: url(&#039;https:\/\/exactquartz.com\/wp-content\/uploads\/2025\/03\/High-transparency-optical-quartz-discs-2.webp&#039;)\">\n\n\t\t\t\n\t\t\t\t\t<\/div>\n\t\t\t\t\t\t\t\t<\/div>\n\t\t\t\t\t\t\t\t\t<\/div>\n\t\t\t\t\t\t\t\t\t\t\t\t\t\t\t\t\t\t\t\t\t<\/div>\n\t\t\t\t<\/div>\n\t\t\t\t\t\t\t\t<\/div>\n\t\t\t\t<\/div>\n\t\t\t\t<\/div>\n\t\t<div class=\"elementor-element elementor-element-2a56432 e-con-full e-flex e-con e-child\" data-id=\"2a56432\" data-element_type=\"container\">\n\t\t\t\t<div class=\"elementor-element elementor-element-70d5eba elementor-widget elementor-widget-heading\" data-id=\"70d5eba\" data-element_type=\"widget\" data-widget_type=\"heading.default\">\n\t\t\t\t<div class=\"elementor-widget-container\">\n\t\t\t\t\t<h2 class=\"elementor-heading-title elementor-size-default\">Optik Kuvars Diskler - Y\u00fcksek Netlikte Dairesel Plakalar<\/h2>\t\t\t\t<\/div>\n\t\t\t\t<\/div>\n\t\t\t\t<div class=\"elementor-element elementor-element-ac956f7 elementor-widget elementor-widget-text-editor\" data-id=\"ac956f7\" data-element_type=\"widget\" data-widget_type=\"text-editor.default\">\n\t\t\t\t<div class=\"elementor-widget-container\">\n\t\t\t\t\t\t\t\t\t<p>Dairesel kuvars plakalar, y\u00fcksek \u015feffafl\u0131kta optik kuvars diskler ve kuvars parlatma plakalar\u0131<\/p>\t\t\t\t\t\t\t\t<\/div>\n\t\t\t\t<\/div>\n\t\t\t\t<div class=\"elementor-element elementor-element-c6d5d94 elementor-widget elementor-widget-text-editor\" data-id=\"c6d5d94\" data-element_type=\"widget\" data-widget_type=\"text-editor.default\">\n\t\t\t\t<div class=\"elementor-widget-container\">\n\t\t\t\t\t\t\t\t\t<p>Dairesel kuvars plakalar, y\u00fcksek \u015feffafl\u0131kta optik kuvars diskler ve kuvars parlatma plakalar\u0131 sa\u011fl\u0131yoruz. Bu \u00fcr\u00fcnler m\u00fckemmel optik \u00f6zellikleriyle bilinir ve optik, elektronik ve ara\u015ft\u0131rma laboratuvarlar\u0131 gibi \u00e7e\u015fitli end\u00fcstrilerde yayg\u0131n olarak kullan\u0131l\u0131r.<\/p>\t\t\t\t\t\t\t\t<\/div>\n\t\t\t\t<\/div>\n\t\t\t\t<div class=\"elementor-element elementor-element-5ab7f5e elementor-align-left elementor-widget elementor-widget-button\" data-id=\"5ab7f5e\" data-element_type=\"widget\" data-widget_type=\"button.default\">\n\t\t\t\t<div class=\"elementor-widget-container\">\n\t\t\t\t\t\t\t\t\t<div class=\"elementor-button-wrapper\">\n\t\t\t\t\t<a class=\"elementor-button elementor-button-link elementor-size-sm\" href=\"#elementor-action%3Aaction%3Dpopup%3Aopen%26settings%3DeyJpZCI6IjEyNzUiLCJ0b2dnbGUiOmZhbHNlfQ%3D%3D\">\n\t\t\t\t\t\t<span class=\"elementor-button-content-wrapper\">\n\t\t\t\t\t\t\t\t\t<span class=\"elementor-button-text\">H\u0131zl\u0131 Al\u0131nt\u0131<\/span>\n\t\t\t\t\t<\/span>\n\t\t\t\t\t<\/a>\n\t\t\t\t<\/div>\n\t\t\t\t\t\t\t\t<\/div>\n\t\t\t\t<\/div>\n\t\t\t\t<\/div>\n\t\t\t\t\t<\/div>\n\t\t\t\t<\/div>\n\t\t<div class=\"elementor-element elementor-element-a2ed80c e-flex e-con-boxed e-con e-parent\" data-id=\"a2ed80c\" data-element_type=\"container\">\n\t\t\t\t\t<div class=\"e-con-inner\">\n\t\t\t\t<div class=\"elementor-element elementor-element-ceddc61 elementor-widget elementor-widget-text-editor\" data-id=\"ceddc61\" data-element_type=\"widget\" data-widget_type=\"text-editor.default\">\n\t\t\t\t<div class=\"elementor-widget-container\">\n\t\t\t\t\t\t\t\t\t<p>Y\u00fcksek Kaliteli Kuvars Cam Plakalar \/ Diskler, yar\u0131 iletken, optik ve laboratuvar dahil olmak \u00fczere \u00e7e\u015fitli end\u00fcstrilerde yayg\u0131n olarak kullan\u0131lan bir cam e\u015fya t\u00fcr\u00fcd\u00fcr. Y\u00fcksek safl\u0131kta erimi\u015f kuvars camdan yap\u0131lm\u0131\u015flard\u0131r, bu da onlar\u0131 termal \u015fok ve kimyasal korozyona kar\u015f\u0131 olduk\u00e7a diren\u00e7li hale getirir. Bu plakalar ve diskler m\u00fckemmel optik \u00f6zellikleri, y\u00fcksek iletim oranlar\u0131 ve d\u00fc\u015f\u00fck termal genle\u015fme katsay\u0131s\u0131 ile karakterize edilir. Boyut, kal\u0131nl\u0131k ve y\u00fczey kalitesi gibi \u00f6zel gereksinimleri kar\u015f\u0131lamak \u00fczere \u00f6zelle\u015ftirilebilirler. Benzersiz \u00f6zellikleri nedeniyle, Y\u00fcksek Kaliteli Kuvars Cam Plakalar\/Diskler, gofret i\u015fleme, optik pencereler ve kimyasal analiz gibi y\u00fcksek hassasiyet gerektiren uygulamalarda kullan\u0131m i\u00e7in idealdir.<\/p>\t\t\t\t\t\t\t\t<\/div>\n\t\t\t\t<\/div>\n\t\t\t\t<div class=\"elementor-element elementor-element-b7e9c99 elementor-widget elementor-widget-heading\" data-id=\"b7e9c99\" data-element_type=\"widget\" data-widget_type=\"heading.default\">\n\t\t\t\t<div class=\"elementor-widget-container\">\n\t\t\t\t\t<h3 class=\"elementor-heading-title elementor-size-default\">Giri\u015f:<\/h3>\t\t\t\t<\/div>\n\t\t\t\t<\/div>\n\t\t\t\t<div class=\"elementor-element elementor-element-281af31 elementor-widget elementor-widget-text-editor\" data-id=\"281af31\" data-element_type=\"widget\" data-widget_type=\"text-editor.default\">\n\t\t\t\t<div class=\"elementor-widget-container\">\n\t\t\t\t\t\t\t\t\t<p>Dairesel kuvars plakalar, optik hassasiyet ve performansta devrim yaratarak \u00e7ok say\u0131da end\u00fcstride hayati bir bile\u015fen olarak ortaya \u00e7\u0131km\u0131\u015ft\u0131r. Ola\u011fan\u00fcst\u00fc \u015feffafl\u0131klar\u0131 ve benzersiz \u00f6zellikleriyle bu plakalar, optik ve elektronikten ara\u015ft\u0131rma laboratuvarlar\u0131na kadar \u00e7e\u015fitli uygulamalarda vazge\u00e7ilmez hale gelmi\u015ftir. Bu makalede, dairesel kuvars plakalardaki geli\u015fmeleri ve \u00e7e\u015fitli end\u00fcstrilere yapt\u0131klar\u0131 \u00f6nemli katk\u0131lar\u0131 inceleyece\u011fiz.<\/p>\t\t\t\t\t\t\t\t<\/div>\n\t\t\t\t<\/div>\n\t\t\t\t<div class=\"elementor-element elementor-element-fe0cb41 elementor-widget elementor-widget-heading\" data-id=\"fe0cb41\" data-element_type=\"widget\" data-widget_type=\"heading.default\">\n\t\t\t\t<div class=\"elementor-widget-container\">\n\t\t\t\t\t<h3 class=\"elementor-heading-title elementor-size-default\">Benzersiz Optik \u015eeffafl\u0131k:<\/h3>\t\t\t\t<\/div>\n\t\t\t\t<\/div>\n\t\t\t\t<div class=\"elementor-element elementor-element-733f615 elementor-widget elementor-widget-text-editor\" data-id=\"733f615\" data-element_type=\"widget\" data-widget_type=\"text-editor.default\">\n\t\t\t\t<div class=\"elementor-widget-container\">\n\t\t\t\t\t\t\t\t\t<p>Dairesel kuvars plakalar ola\u011fan\u00fcst\u00fc optik \u015feffafl\u0131klar\u0131yla \u00fcnl\u00fcd\u00fcr. Silikon dioksitin kristal bir formu olan kuvars, ultraviyole, g\u00f6r\u00fcn\u00fcr ve k\u0131z\u0131l\u00f6tesi dahil olmak \u00fczere \u00e7ok \u00e7e\u015fitli dalga boylar\u0131nda ola\u011fan\u00fcst\u00fc netlik sergiler. Bu ola\u011fan\u00fcst\u00fc \u015feffafl\u0131k hassas \u0131\u015f\u0131k iletimini m\u00fcmk\u00fcn k\u0131lar ve kuvars plakalar\u0131 optik aletler, lazerler, spektroskopi ve ola\u011fan\u00fcst\u00fc optik performans gerektiren di\u011fer uygulamalar i\u00e7in ideal bir se\u00e7im haline getirir.<\/p>\t\t\t\t\t\t\t\t<\/div>\n\t\t\t\t<\/div>\n\t\t\t\t<div class=\"elementor-element elementor-element-39cf9eb elementor-widget elementor-widget-heading\" data-id=\"39cf9eb\" data-element_type=\"widget\" data-widget_type=\"heading.default\">\n\t\t\t\t<div class=\"elementor-widget-container\">\n\t\t\t\t\t<h3 class=\"elementor-heading-title elementor-size-default\">Geli\u015ftirilmi\u015f Dayan\u0131kl\u0131l\u0131k ve Termal Stabilite:<\/h3>\t\t\t\t<\/div>\n\t\t\t\t<\/div>\n\t\t\t\t<div class=\"elementor-element elementor-element-cc3d847 elementor-widget elementor-widget-text-editor\" data-id=\"cc3d847\" data-element_type=\"widget\" data-widget_type=\"text-editor.default\">\n\t\t\t\t<div class=\"elementor-widget-container\">\n\t\t\t\t\t\t\t\t\t<p>Dairesel kuvars plakalar\u0131n en \u00f6nemli avantajlar\u0131ndan biri ola\u011fan\u00fcst\u00fc dayan\u0131kl\u0131l\u0131klar\u0131 ve termal kararl\u0131l\u0131klar\u0131d\u0131r. Kuvars, yap\u0131sal b\u00fct\u00fcnl\u00fc\u011f\u00fcnden \u00f6d\u00fcn vermeden a\u015f\u0131r\u0131 s\u0131cakl\u0131klara dayanmas\u0131n\u0131 sa\u011flayan y\u00fcksek bir erime noktas\u0131na sahiptir. Bu \u00f6zellik, kuvars plakalar\u0131n zorlu ko\u015fullar alt\u0131nda bile optik \u00f6zelliklerini ve yap\u0131sal kararl\u0131l\u0131klar\u0131n\u0131 koruyabildi\u011fi yar\u0131 iletken \u00fcretimi ve end\u00fcstriyel prosesler gibi y\u00fcksek s\u0131cakl\u0131kl\u0131 ortamlarda \u00f6zellikle de\u011ferlidir.<\/p>\t\t\t\t\t\t\t\t<\/div>\n\t\t\t\t<\/div>\n\t\t\t\t<div class=\"elementor-element elementor-element-e7a94c2 elementor-widget elementor-widget-heading\" data-id=\"e7a94c2\" data-element_type=\"widget\" data-widget_type=\"heading.default\">\n\t\t\t\t<div class=\"elementor-widget-container\">\n\t\t\t\t\t<h3 class=\"elementor-heading-title elementor-size-default\">Hassas \u0130malat ve Parlatma:<\/h3>\t\t\t\t<\/div>\n\t\t\t\t<\/div>\n\t\t\t\t<div class=\"elementor-element elementor-element-529c317 elementor-widget elementor-widget-text-editor\" data-id=\"529c317\" data-element_type=\"widget\" data-widget_type=\"text-editor.default\">\n\t\t\t\t<div class=\"elementor-widget-container\">\n\t\t\t\t\t\t\t\t\t<p>Dairesel kuvars plakalar, hassas boyutlar\u0131n\u0131 ve y\u00fczey kalitelerini sa\u011flamak i\u00e7in titiz \u00fcretim s\u00fcre\u00e7lerinden ge\u00e7er. Elmas kesme ve parlatma gibi geli\u015fmi\u015f \u00fcretim teknikleri, istenen kal\u0131nl\u0131k, d\u00fczl\u00fck ve y\u00fczey kalitesini elde etmek i\u00e7in kullan\u0131l\u0131r. Bu hassasiyet seviyesi, kuvars plakalar\u0131n optik sistemlere sorunsuz bir \u015fekilde entegre edilmesini sa\u011flayarak optimum performans ve minimum \u0131\u015f\u0131k sa\u00e7\u0131lmas\u0131 veya yans\u0131mas\u0131 sa\u011flar.<\/p>\t\t\t\t\t\t\t\t<\/div>\n\t\t\t\t<\/div>\n\t\t\t\t<div class=\"elementor-element elementor-element-a438a24 elementor-widget elementor-widget-heading\" data-id=\"a438a24\" data-element_type=\"widget\" data-widget_type=\"heading.default\">\n\t\t\t\t<div class=\"elementor-widget-container\">\n\t\t\t\t\t<h3 class=\"elementor-heading-title elementor-size-default\">\u00c7e\u015fitli Sekt\u00f6rlerdeki Uygulamalar:<\/h3>\t\t\t\t<\/div>\n\t\t\t\t<\/div>\n\t\t\t\t<div class=\"elementor-element elementor-element-2c83de3 elementor-widget elementor-widget-text-editor\" data-id=\"2c83de3\" data-element_type=\"widget\" data-widget_type=\"text-editor.default\">\n\t\t\t\t<div class=\"elementor-widget-container\">\n\t\t\t\t\t\t\t\t\t<p>Dairesel kuvars plakalar \u00e7ok \u00e7e\u015fitli end\u00fcstrilerde geni\u015f kullan\u0131m alan\u0131 bulmaktad\u0131r. Optik alan\u0131nda bu plakalar lenslerde, prizmalarda, pencerelerde ve filtrelerde kullan\u0131larak g\u00f6r\u00fcnt\u00fc kalitesinin, \u0131\u015f\u0131k iletiminin ve kontrol\u00fcn\u00fcn iyile\u015ftirilmesine katk\u0131da bulunur. Elektronikte, kuvars plakalar m\u00fckemmel elektrik yal\u0131t\u0131m \u00f6zellikleri nedeniyle yar\u0131 iletkenlerde, sens\u00f6rlerde ve fotovoltaik cihazlarda kullan\u0131l\u0131r. Ayr\u0131ca, dairesel kuvars plakalar, belirli dalga boylar\u0131na kar\u015f\u0131 \u015feffafl\u0131klar\u0131 nedeniyle ara\u015ft\u0131rma laboratuvarlar\u0131nda \u00e7ok \u00f6nemlidir ve do\u011fru analiz ve deneylere olanak sa\u011flar.<\/p>\t\t\t\t\t\t\t\t<\/div>\n\t\t\t\t<\/div>\n\t\t\t\t<div class=\"elementor-element elementor-element-a84143a elementor-widget elementor-widget-heading\" data-id=\"a84143a\" data-element_type=\"widget\" data-widget_type=\"heading.default\">\n\t\t\t\t<div class=\"elementor-widget-container\">\n\t\t\t\t\t<h3 class=\"elementor-heading-title elementor-size-default\">\u00d6zelle\u015ftirme Se\u00e7enekleri: <\/h3>\t\t\t\t<\/div>\n\t\t\t\t<\/div>\n\t\t\t\t<div class=\"elementor-element elementor-element-a769174 elementor-widget elementor-widget-text-editor\" data-id=\"a769174\" data-element_type=\"widget\" data-widget_type=\"text-editor.default\">\n\t\t\t\t<div class=\"elementor-widget-container\">\n\t\t\t\t\t\t\t\t\t<p>Dairesel kuvars plaka \u00fcreticileri, farkl\u0131 uygulamalar\u0131n benzersiz gereksinimlerini kar\u015f\u0131lamak i\u00e7in \u00f6zelle\u015ftirme se\u00e7enekleri sunar. M\u00fc\u015fteriler belirli \u00e7izimler veya numuneler sa\u011flayarak tam spesifikasyonlar\u0131na g\u00f6re uyarlanm\u0131\u015f kuvars plakalar\u0131n \u00fcretilmesini sa\u011flayabilir. \u00d6zelle\u015ftirmedeki bu esneklik, nihai \u00fcr\u00fcn\u00fcn ama\u00e7lanan uygulamaya sorunsuz bir \u015fekilde entegre olmas\u0131n\u0131, performans\u0131n\u0131 ve i\u015flevselli\u011fini en \u00fcst d\u00fczeye \u00e7\u0131karmas\u0131n\u0131 sa\u011flar.<\/p>\t\t\t\t\t\t\t\t<\/div>\n\t\t\t\t<\/div>\n\t\t\t\t<div class=\"elementor-element elementor-element-596ad3d elementor-widget elementor-widget-heading\" data-id=\"596ad3d\" data-element_type=\"widget\" data-widget_type=\"heading.default\">\n\t\t\t\t<div class=\"elementor-widget-container\">\n\t\t\t\t\t<h3 class=\"elementor-heading-title elementor-size-default\">Sonu\u00e7: <\/h3>\t\t\t\t<\/div>\n\t\t\t\t<\/div>\n\t\t\t\t<div class=\"elementor-element elementor-element-0549bf7 elementor-widget elementor-widget-text-editor\" data-id=\"0549bf7\" data-element_type=\"widget\" data-widget_type=\"text-editor.default\">\n\t\t\t\t<div class=\"elementor-widget-container\">\n\t\t\t\t\t\t\t\t\t<p>Dairesel kuvars plakalar optik hassasiyet ve performans alan\u0131n\u0131 de\u011fi\u015ftirmi\u015ftir. Ola\u011fan\u00fcst\u00fc optik \u015feffafl\u0131klar\u0131, dayan\u0131kl\u0131l\u0131klar\u0131 ve termal kararl\u0131l\u0131klar\u0131 ile bu plakalar \u00e7e\u015fitli end\u00fcstrilerin ayr\u0131lmaz bir par\u00e7as\u0131 haline gelmi\u015ftir. Hassas \u00fcretim ve \u00f6zelle\u015ftirme se\u00e7enekleri, \u00e7ok y\u00f6nl\u00fcl\u00fcklerini ve uygulanabilirliklerini daha da art\u0131rmaktad\u0131r. Teknoloji ilerlemeye devam ettik\u00e7e, dairesel kuvars plakalar optik, elektronik ve bilimsel ara\u015ft\u0131rmalar\u0131n gelece\u011fini \u015fekillendirmede \u015f\u00fcphesiz \u00e7ok \u00f6nemli bir rol oynayacakt\u0131r.<\/p>\t\t\t\t\t\t\t\t<\/div>\n\t\t\t\t<\/div>\n\t\t\t\t\t<\/div>\n\t\t\t\t<\/div>\n\t\t\t\t<\/div>","protected":false},"excerpt":{"rendered":"<p>Optical Quartz Discs \u2013 High Clarity Circular Plates Circular quartz plates, high-transparency optical quartz discs, and quartz polishing plates We [&hellip;]<\/p>","protected":false},"author":7,"featured_media":267,"parent":841,"menu_order":0,"comment_status":"closed","ping_status":"closed","template":"","meta":{"_seopress_robots_primary_cat":"","_seopress_titles_title":"Optical Quartz Discs \u2013 High Clarity Circular Plates","_seopress_titles_desc":"Custom circular quartz discs for optics, lasers & labs. High transmission UV\u2013IR, tight tolerance, thermally stable, polished to optical-grade surface.","_seopress_robots_index":"","site-sidebar-layout":"no-sidebar","site-content-layout":"","ast-site-content-layout":"full-width-container","site-content-style":"default","site-sidebar-style":"default","ast-global-header-display":"","ast-banner-title-visibility":"","ast-main-header-display":"","ast-hfb-above-header-display":"","ast-hfb-below-header-display":"","ast-hfb-mobile-header-display":"","site-post-title":"disabled","ast-breadcrumbs-content":"","ast-featured-img":"disabled","footer-sml-layout":"","theme-transparent-header-meta":"","adv-header-id-meta":"","stick-header-meta":"","header-above-stick-meta":"","header-main-stick-meta":"","header-below-stick-meta":"","astra-migrate-meta-layouts":"default","ast-page-background-enabled":"default","ast-page-background-meta":{"desktop":{"background-color":"var(--ast-global-color-5)","background-image":"","background-repeat":"repeat","background-position":"center center","background-size":"auto","background-attachment":"scroll","background-type":"","background-media":"","overlay-type":"","overlay-color":"","overlay-opacity":"","overlay-gradient":""},"tablet":{"background-color":"","background-image":"","background-repeat":"repeat","background-position":"center center","background-size":"auto","background-attachment":"scroll","background-type":"","background-media":"","overlay-type":"","overlay-color":"","overlay-opacity":"","overlay-gradient":""},"mobile":{"background-color":"","background-image":"","background-repeat":"repeat","background-position":"center center","background-size":"auto","background-attachment":"scroll","background-type":"","background-media":"","overlay-type":"","overlay-color":"","overlay-opacity":"","overlay-gradient":""}},"ast-content-background-meta":{"desktop":{"background-color":"var(--ast-global-color-4)","background-image":"","background-repeat":"repeat","background-position":"center center","background-size":"auto","background-attachment":"scroll","background-type":"","background-media":"","overlay-type":"","overlay-color":"","overlay-opacity":"","overlay-gradient":""},"tablet":{"background-color":"var(--ast-global-color-4)","background-image":"","background-repeat":"repeat","background-position":"center center","background-size":"auto","background-attachment":"scroll","background-type":"","background-media":"","overlay-type":"","overlay-color":"","overlay-opacity":"","overlay-gradient":""},"mobile":{"background-color":"var(--ast-global-color-4)","background-image":"","background-repeat":"repeat","background-position":"center center","background-size":"auto","background-attachment":"scroll","background-type":"","background-media":"","overlay-type":"","overlay-color":"","overlay-opacity":"","overlay-gradient":""}},"footnotes":""},"class_list":["post-266","page","type-page","status-publish","has-post-thumbnail","hentry"],"_hostinger_reach_plugin_has_subscription_block":false,"_hostinger_reach_plugin_is_elementor":false,"_links":{"self":[{"href":"https:\/\/exactquartz.com\/tr\/wp-json\/wp\/v2\/pages\/266","targetHints":{"allow":["GET"]}}],"collection":[{"href":"https:\/\/exactquartz.com\/tr\/wp-json\/wp\/v2\/pages"}],"about":[{"href":"https:\/\/exactquartz.com\/tr\/wp-json\/wp\/v2\/types\/page"}],"author":[{"embeddable":true,"href":"https:\/\/exactquartz.com\/tr\/wp-json\/wp\/v2\/users\/7"}],"replies":[{"embeddable":true,"href":"https:\/\/exactquartz.com\/tr\/wp-json\/wp\/v2\/comments?post=266"}],"version-history":[{"count":17,"href":"https:\/\/exactquartz.com\/tr\/wp-json\/wp\/v2\/pages\/266\/revisions"}],"predecessor-version":[{"id":1440,"href":"https:\/\/exactquartz.com\/tr\/wp-json\/wp\/v2\/pages\/266\/revisions\/1440"}],"up":[{"embeddable":true,"href":"https:\/\/exactquartz.com\/tr\/wp-json\/wp\/v2\/pages\/841"}],"wp:featuredmedia":[{"embeddable":true,"href":"https:\/\/exactquartz.com\/tr\/wp-json\/wp\/v2\/media\/267"}],"wp:attachment":[{"href":"https:\/\/exactquartz.com\/tr\/wp-json\/wp\/v2\/media?parent=266"}],"curies":[{"name":"wp","href":"https:\/\/api.w.org\/{rel}","templated":true}]}}