{"id":281,"date":"2025-03-27T11:38:48","date_gmt":"2025-03-27T03:38:48","guid":{"rendered":"https:\/\/exactquartz.com\/?page_id=281"},"modified":"2025-04-16T18:29:53","modified_gmt":"2025-04-16T10:29:53","slug":"uv-quartz-polishing-plates","status":"publish","type":"page","link":"https:\/\/exactquartz.com\/tr\/quartz-discs-and-plates\/uv-quartz-polishing-plates\/","title":{"rendered":"UV Kuvars Parlatma Plakalar\u0131"},"content":{"rendered":"<div data-elementor-type=\"wp-page\" data-elementor-id=\"281\" class=\"elementor elementor-281\" data-elementor-post-type=\"page\">\n\t\t\t\t<div class=\"elementor-element elementor-element-d2bc4f1 e-flex e-con-boxed e-con e-parent\" data-id=\"d2bc4f1\" data-element_type=\"container\">\n\t\t\t\t\t<div class=\"e-con-inner\">\n\t\t<div class=\"elementor-element elementor-element-6d0fc6f e-con-full e-flex e-con e-child\" data-id=\"6d0fc6f\" data-element_type=\"container\">\n\t\t\t\t<div class=\"elementor-element elementor-element-70fde5e elementor-widget elementor-widget-image\" data-id=\"70fde5e\" data-element_type=\"widget\" data-widget_type=\"image.default\">\n\t\t\t\t<div class=\"elementor-widget-container\">\n\t\t\t\t\t\t\t\t\t\t\t\t\t\t\t<img fetchpriority=\"high\" decoding=\"async\" width=\"500\" height=\"373\" src=\"https:\/\/exactquartz.com\/wp-content\/uploads\/2025\/03\/UV-quartz-polishing-plates-high-transparency-ultraviolet-quartz-plates.webp\" class=\"attachment-large size-large wp-image-382\" alt=\"UV kuvars parlatma plakalar\u0131, y\u00fcksek \u015feffafl\u0131kta ultraviyole kuvars plakalar\" srcset=\"https:\/\/exactquartz.com\/wp-content\/uploads\/2025\/03\/UV-quartz-polishing-plates-high-transparency-ultraviolet-quartz-plates.webp 500w, https:\/\/exactquartz.com\/wp-content\/uploads\/2025\/03\/UV-quartz-polishing-plates-high-transparency-ultraviolet-quartz-plates-300x224.webp 300w\" sizes=\"(max-width: 500px) 100vw, 500px\" \/>\t\t\t\t\t\t\t\t\t\t\t\t\t\t\t<\/div>\n\t\t\t\t<\/div>\n\t\t\t\t<\/div>\n\t\t<div class=\"elementor-element elementor-element-2a56432 e-con-full e-flex e-con e-child\" data-id=\"2a56432\" data-element_type=\"container\">\n\t\t\t\t<div class=\"elementor-element elementor-element-70d5eba elementor-widget elementor-widget-heading\" data-id=\"70d5eba\" data-element_type=\"widget\" data-widget_type=\"heading.default\">\n\t\t\t\t<div class=\"elementor-widget-container\">\n\t\t\t\t\t<h2 class=\"elementor-heading-title elementor-size-default\">UV Kuvars Parlatma Plakalar\u0131<\/h2>\t\t\t\t<\/div>\n\t\t\t\t<\/div>\n\t\t\t\t<div class=\"elementor-element elementor-element-ac956f7 elementor-widget elementor-widget-text-editor\" data-id=\"ac956f7\" data-element_type=\"widget\" data-widget_type=\"text-editor.default\">\n\t\t\t\t<div class=\"elementor-widget-container\">\n\t\t\t\t\t\t\t\t\t<p>M\u00fc\u015fteri taraf\u0131ndan sa\u011flanan \u00e7izimlere veya numunelere dayal\u0131 olarak \u00f6zel yap\u0131m UV kuvars parlatma plakalar\u0131, y\u00fcksek \u015feffafl\u0131kta ultraviyole kuvars plakalar ve pencere plakalar\u0131n\u0131n do\u011frudan tedarikini sunuyoruz. \u00dcr\u00fcnlerimiz UV lazer, optik aletler ve yar\u0131 iletken \u00fcretim end\u00fcstrilerinde yayg\u0131n olarak kullan\u0131lmaktad\u0131r.<\/p>\t\t\t\t\t\t\t\t<\/div>\n\t\t\t\t<\/div>\n\t\t\t\t<div class=\"elementor-element elementor-element-1eb84e3 elementor-align-left elementor-widget elementor-widget-button\" data-id=\"1eb84e3\" data-element_type=\"widget\" data-widget_type=\"button.default\">\n\t\t\t\t<div class=\"elementor-widget-container\">\n\t\t\t\t\t\t\t\t\t<div class=\"elementor-button-wrapper\">\n\t\t\t\t\t<a class=\"elementor-button elementor-button-link elementor-size-sm\" href=\"#elementor-action%3Aaction%3Dpopup%3Aopen%26settings%3DeyJpZCI6IjEyNzUiLCJ0b2dnbGUiOmZhbHNlfQ%3D%3D\">\n\t\t\t\t\t\t<span class=\"elementor-button-content-wrapper\">\n\t\t\t\t\t\t\t\t\t<span class=\"elementor-button-text\">H\u0131zl\u0131 Al\u0131nt\u0131<\/span>\n\t\t\t\t\t<\/span>\n\t\t\t\t\t<\/a>\n\t\t\t\t<\/div>\n\t\t\t\t\t\t\t\t<\/div>\n\t\t\t\t<\/div>\n\t\t\t\t<\/div>\n\t\t\t\t\t<\/div>\n\t\t\t\t<\/div>\n\t\t<div class=\"elementor-element elementor-element-a2ed80c e-flex e-con-boxed e-con e-parent\" data-id=\"a2ed80c\" data-element_type=\"container\">\n\t\t\t\t\t<div class=\"e-con-inner\">\n\t\t\t\t<div class=\"elementor-element elementor-element-ceddc61 elementor-widget elementor-widget-text-editor\" data-id=\"ceddc61\" data-element_type=\"widget\" data-widget_type=\"text-editor.default\">\n\t\t\t\t<div class=\"elementor-widget-container\">\n\t\t\t\t\t\t\t\t\t<p>Y\u00fcksek Kaliteli Kuvars Cam Plakalar \/ Diskler, yar\u0131 iletken, optik ve laboratuvar dahil olmak \u00fczere \u00e7e\u015fitli end\u00fcstrilerde yayg\u0131n olarak kullan\u0131lan bir cam e\u015fya t\u00fcr\u00fcd\u00fcr. Y\u00fcksek safl\u0131kta erimi\u015f kuvars camdan yap\u0131lm\u0131\u015flard\u0131r, bu da onlar\u0131 termal \u015fok ve kimyasal korozyona kar\u015f\u0131 olduk\u00e7a diren\u00e7li hale getirir. Bu plakalar ve diskler m\u00fckemmel optik \u00f6zellikleri, y\u00fcksek iletim oranlar\u0131 ve d\u00fc\u015f\u00fck termal genle\u015fme katsay\u0131s\u0131 ile karakterize edilir. Boyut, kal\u0131nl\u0131k ve y\u00fczey kalitesi gibi \u00f6zel gereksinimleri kar\u015f\u0131lamak \u00fczere \u00f6zelle\u015ftirilebilirler. Benzersiz \u00f6zellikleri nedeniyle, Y\u00fcksek Kaliteli Kuvars Cam Plakalar\/Diskler, gofret i\u015fleme, optik pencereler ve kimyasal analiz gibi y\u00fcksek hassasiyet gerektiren uygulamalarda kullan\u0131m i\u00e7in idealdir.<\/p>\t\t\t\t\t\t\t\t<\/div>\n\t\t\t\t<\/div>\n\t\t\t\t<div class=\"elementor-element elementor-element-b7e9c99 elementor-widget elementor-widget-heading\" data-id=\"b7e9c99\" data-element_type=\"widget\" data-widget_type=\"heading.default\">\n\t\t\t\t<div class=\"elementor-widget-container\">\n\t\t\t\t\t<h3 class=\"elementor-heading-title elementor-size-default\">Giri\u015f:<\/h3>\t\t\t\t<\/div>\n\t\t\t\t<\/div>\n\t\t\t\t<div class=\"elementor-element elementor-element-281af31 elementor-widget elementor-widget-text-editor\" data-id=\"281af31\" data-element_type=\"widget\" data-widget_type=\"text-editor.default\">\n\t\t\t\t<div class=\"elementor-widget-container\">\n\t\t\t\t\t\t\t\t\t<p>Optik kuvars parlatma plakalar\u0131, kritik uygulamalar i\u00e7in gerekli hassasiyeti ve performans\u0131 sa\u011flayan \u00e7e\u015fitli end\u00fcstrilerdeki temel bile\u015fenlerdir. Bu makale, optik kuvars parlatma plakalar\u0131n\u0131n temel \u00f6zelliklerini, faydalar\u0131n\u0131 ve say\u0131sal y\u00f6nlerini ke\u015ffetmeyi ve \u00fcst\u00fcn optik kalite elde etmedeki \u00f6nemlerine \u0131\u015f\u0131k tutmay\u0131 ama\u00e7lamaktad\u0131r.<span id=\"7\" class=\"notranslate immersive-translate-target-wrapper\" lang=\"zh-CN\" translate=\"no\" data-immersive-translate-loading-id=\"\">\u00a0<\/span><\/p>\t\t\t\t\t\t\t\t<\/div>\n\t\t\t\t<\/div>\n\t\t\t\t<div class=\"elementor-element elementor-element-fe0cb41 elementor-widget elementor-widget-heading\" data-id=\"fe0cb41\" data-element_type=\"widget\" data-widget_type=\"heading.default\">\n\t\t\t\t<div class=\"elementor-widget-container\">\n\t\t\t\t\t<h3 class=\"elementor-heading-title elementor-size-default\">1. Ola\u011fan\u00fcst\u00fc D\u00fczl\u00fck:<\/h3>\t\t\t\t<\/div>\n\t\t\t\t<\/div>\n\t\t\t\t<div class=\"elementor-element elementor-element-733f615 elementor-widget elementor-widget-text-editor\" data-id=\"733f615\" data-element_type=\"widget\" data-widget_type=\"text-editor.default\">\n\t\t\t\t<div class=\"elementor-widget-container\">\n\t\t\t\t\t\t\t\t\t<p>Optik kuvars parlatma plakalar\u0131, parlat\u0131lm\u0131\u015f y\u00fczeylerde tekd\u00fczelik ve tutarl\u0131l\u0131k sa\u011flayan ola\u011fan\u00fcst\u00fc d\u00fczl\u00fckleriyle \u00fcnl\u00fcd\u00fcr. Bu plakalar \u03bb\/10 kadar d\u00fc\u015f\u00fck d\u00fczl\u00fck seviyelerine ula\u015fabilir (burada \u03bb \u0131\u015f\u0131\u011f\u0131n dalga boyudur), minimum y\u00fczey bozulmas\u0131n\u0131 garanti eder ve optik sistemlerin b\u00fct\u00fcnl\u00fc\u011f\u00fcn\u00fc korur.<\/p>\t\t\t\t\t\t\t\t<\/div>\n\t\t\t\t<\/div>\n\t\t\t\t<div class=\"elementor-element elementor-element-39cf9eb elementor-widget elementor-widget-heading\" data-id=\"39cf9eb\" data-element_type=\"widget\" data-widget_type=\"heading.default\">\n\t\t\t\t<div class=\"elementor-widget-container\">\n\t\t\t\t\t<h3 class=\"elementor-heading-title elementor-size-default\">2. Alt-Angstrom Y\u00fczey P\u00fcr\u00fczl\u00fcl\u00fc\u011f\u00fc:<\/h3>\t\t\t\t<\/div>\n\t\t\t\t<\/div>\n\t\t\t\t<div class=\"elementor-element elementor-element-cc3d847 elementor-widget elementor-widget-text-editor\" data-id=\"cc3d847\" data-element_type=\"widget\" data-widget_type=\"text-editor.default\">\n\t\t\t\t<div class=\"elementor-widget-container\">\n\t\t\t\t\t\t\t\t\t<p>Y\u00fczey p\u00fcr\u00fczl\u00fcl\u00fc\u011f\u00fc, parlat\u0131lm\u0131\u015f y\u00fczeylerin optik kalitesinin belirlenmesinde \u00e7ok \u00f6nemli bir rol oynar. Optik kuvars parlatma plakalar\u0131, tipik olarak 0,1 - 0,5 \u00c5 (angstrom) aral\u0131\u011f\u0131nda, angstrom alt\u0131 y\u00fczey p\u00fcr\u00fczl\u00fcl\u00fc\u011f\u00fcne sahiptir. Bu ultra p\u00fcr\u00fczs\u00fcz y\u00fczey kaplamas\u0131 sa\u00e7\u0131lma ve yans\u0131may\u0131 en aza indirerek \u0131\u015f\u0131k iletimini en \u00fcst d\u00fczeye \u00e7\u0131kar\u0131r ve genel optik performans\u0131 art\u0131r\u0131r.<\/p>\t\t\t\t\t\t\t\t<\/div>\n\t\t\t\t<\/div>\n\t\t\t\t<div class=\"elementor-element elementor-element-e7a94c2 elementor-widget elementor-widget-heading\" data-id=\"e7a94c2\" data-element_type=\"widget\" data-widget_type=\"heading.default\">\n\t\t\t\t<div class=\"elementor-widget-container\">\n\t\t\t\t\t<h3 class=\"elementor-heading-title elementor-size-default\">3. Y\u00fcksek Malzeme Safl\u0131\u011f\u0131:<\/h3>\t\t\t\t<\/div>\n\t\t\t\t<\/div>\n\t\t\t\t<div class=\"elementor-element elementor-element-529c317 elementor-widget elementor-widget-text-editor\" data-id=\"529c317\" data-element_type=\"widget\" data-widget_type=\"text-editor.default\">\n\t\t\t\t<div class=\"elementor-widget-container\">\n\t\t\t\t\t\t\t\t\t<p>Optik kuvars parlatma plakalar\u0131, minimum kirlilik ve m\u00fckemmel optik netlik sa\u011flayan y\u00fcksek safl\u0131kta kuvarsdan \u00fcretilmi\u015ftir. Malzemenin safl\u0131\u011f\u0131, parlat\u0131lm\u0131\u015f y\u00fczeylerden ge\u00e7en \u0131\u015f\u0131\u011f\u0131n iletimini ve kalitesini do\u011frudan etkiler. Mikroskopi, spektroskopi ve lazer sistemleri gibi uygulamalarda \u0131\u015f\u0131\u011f\u0131n hassas bir \u015fekilde kontrol edilmesini sa\u011flayan 99,99%'yi a\u015fan safl\u0131k seviyelerine sahip kuvars plakalar yayg\u0131n olarak kullan\u0131lmaktad\u0131r.<\/p>\t\t\t\t\t\t\t\t<\/div>\n\t\t\t\t<\/div>\n\t\t\t\t<div class=\"elementor-element elementor-element-a438a24 elementor-widget elementor-widget-heading\" data-id=\"a438a24\" data-element_type=\"widget\" data-widget_type=\"heading.default\">\n\t\t\t\t<div class=\"elementor-widget-container\">\n\t\t\t\t\t<h3 class=\"elementor-heading-title elementor-size-default\">4. Tolerans ve Boyutsal Do\u011fruluk:<\/h3>\t\t\t\t<\/div>\n\t\t\t\t<\/div>\n\t\t\t\t<div class=\"elementor-element elementor-element-2c83de3 elementor-widget elementor-widget-text-editor\" data-id=\"2c83de3\" data-element_type=\"widget\" data-widget_type=\"text-editor.default\">\n\t\t\t\t<div class=\"elementor-widget-container\">\n\t\t\t\t\t\t\t\t\t<p>Optik uygulamalar\u0131n zorlu gereksinimlerini kar\u015f\u0131lamak i\u00e7in kuvars parlatma plakalar\u0131 y\u00fcksek boyutsal do\u011fruluk ve dar toleranslarla \u00fcretilir. Bu plakalar i\u00e7in tipik boyutsal toleranslar \u00b10,01 mm ile \u00b10,05 mm aras\u0131nda de\u011fi\u015fir ve optik sistemlerle hassas hizalama ve uyumluluk sa\u011flar. Bu do\u011fruluk seviyesi optimum performans\u0131 garanti eder ve yanl\u0131\u015f hizalama veya tutars\u0131zl\u0131ktan kaynaklanan zararl\u0131 etkileri \u00f6nler.<\/p>\t\t\t\t\t\t\t\t<\/div>\n\t\t\t\t<\/div>\n\t\t\t\t<div class=\"elementor-element elementor-element-a84143a elementor-widget elementor-widget-heading\" data-id=\"a84143a\" data-element_type=\"widget\" data-widget_type=\"heading.default\">\n\t\t\t\t<div class=\"elementor-widget-container\">\n\t\t\t\t\t<h3 class=\"elementor-heading-title elementor-size-default\">5. \u00d6zelle\u015ftirme Se\u00e7enekleri:<\/h3>\t\t\t\t<\/div>\n\t\t\t\t<\/div>\n\t\t\t\t<div class=\"elementor-element elementor-element-a769174 elementor-widget elementor-widget-text-editor\" data-id=\"a769174\" data-element_type=\"widget\" data-widget_type=\"text-editor.default\">\n\t\t\t\t<div class=\"elementor-widget-container\">\n\t\t\t\t\t\t\t\t\t<p>Optik kuvars parlatma plakalar\u0131, kapsaml\u0131 \u00f6zelle\u015ftirme se\u00e7enekleri sunarak belirli uygulama ihtiya\u00e7lar\u0131na \u00f6zel \u00e7\u00f6z\u00fcmler sa\u011flar. Hassas gereksinimleri kar\u015f\u0131lamak i\u00e7in \u00f6zel \u015fekiller, boyutlar ve kal\u0131nl\u0131klar \u00fcretilebilir. Ayr\u0131ca, performans\u0131 ve i\u015flevselli\u011fi daha da art\u0131rmak i\u00e7in \u00f6zel y\u00fczey kaplamalar\u0131, kaplamalar ve kenar i\u015flemleri uygulanabilir.<\/p>\t\t\t\t\t\t\t\t<\/div>\n\t\t\t\t<\/div>\n\t\t\t\t<div class=\"elementor-element elementor-element-596ad3d elementor-widget elementor-widget-heading\" data-id=\"596ad3d\" data-element_type=\"widget\" data-widget_type=\"heading.default\">\n\t\t\t\t<div class=\"elementor-widget-container\">\n\t\t\t\t\t<h3 class=\"elementor-heading-title elementor-size-default\">Sonu\u00e7: <\/h3>\t\t\t\t<\/div>\n\t\t\t\t<\/div>\n\t\t\t\t<div class=\"elementor-element elementor-element-0549bf7 elementor-widget elementor-widget-text-editor\" data-id=\"0549bf7\" data-element_type=\"widget\" data-widget_type=\"text-editor.default\">\n\t\t\t\t<div class=\"elementor-widget-container\">\n\t\t\t\t\t\t\t\t\t<p>Optik kuvars parlatma plakalar\u0131, \u00e7e\u015fitli end\u00fcstrilerde \u00fcst\u00fcn optik kalite elde edilmesine katk\u0131da bulunan kritik bile\u015fenlerdir. Ola\u011fan\u00fcst\u00fc d\u00fczl\u00fck, angstrom alt\u0131 y\u00fczey p\u00fcr\u00fczl\u00fcl\u00fc\u011f\u00fc, y\u00fcksek malzeme safl\u0131\u011f\u0131 ve hassas boyutsal do\u011fruluk ile bu plakalar optimum \u0131\u015f\u0131k iletimi sa\u011flar ve y\u00fczey bozulmas\u0131n\u0131 en aza indirir. Bu plakalar\u0131n \u00f6zelle\u015ftirilebilmesi, \u00e7ok y\u00f6nl\u00fcl\u00fcklerini daha da art\u0131rarak belirli uygulamalar i\u00e7in \u00f6zel \u00e7\u00f6z\u00fcmler sa\u011flar. Hassas optikler geli\u015fmeye devam ettik\u00e7e, y\u00fcksek performansl\u0131 optik kuvars parlatma plakalar\u0131na olan talebin artmas\u0131, inovasyonu te\u015fvik etmesi ve optik teknolojisinin s\u0131n\u0131rlar\u0131n\u0131 zorlamas\u0131 beklenmektedir.<\/p>\t\t\t\t\t\t\t\t<\/div>\n\t\t\t\t<\/div>\n\t\t\t\t\t<\/div>\n\t\t\t\t<\/div>\n\t\t\t\t<\/div>","protected":false},"excerpt":{"rendered":"<p>UV Quartz Polishing Plates We offer direct supply of custom-made UV quartz polishing plates, high-transparency ultraviolet quartz plates, and window [&hellip;]<\/p>","protected":false},"author":7,"featured_media":382,"parent":841,"menu_order":0,"comment_status":"closed","ping_status":"closed","template":"","meta":{"_seopress_robots_primary_cat":"","_seopress_titles_title":"UV Quartz Polishing Plates \u2013 Sub-\u00c5 Surface & \u03bb\/10 Flatness","_seopress_titles_desc":"High-transparency UV quartz plates with \u03bb\/10 flatness & 0.1\u20130.5\u00c5 roughness. Custom round\/square windows for laser optics, semiconductors & instruments.","_seopress_robots_index":"","site-sidebar-layout":"no-sidebar","site-content-layout":"","ast-site-content-layout":"full-width-container","site-content-style":"default","site-sidebar-style":"default","ast-global-header-display":"","ast-banner-title-visibility":"","ast-main-header-display":"","ast-hfb-above-header-display":"","ast-hfb-below-header-display":"","ast-hfb-mobile-header-display":"","site-post-title":"disabled","ast-breadcrumbs-content":"","ast-featured-img":"disabled","footer-sml-layout":"","theme-transparent-header-meta":"","adv-header-id-meta":"","stick-header-meta":"","header-above-stick-meta":"","header-main-stick-meta":"","header-below-stick-meta":"","astra-migrate-meta-layouts":"default","ast-page-background-enabled":"default","ast-page-background-meta":{"desktop":{"background-color":"var(--ast-global-color-5)","background-image":"","background-repeat":"repeat","background-position":"center center","background-size":"auto","background-attachment":"scroll","background-type":"","background-media":"","overlay-type":"","overlay-color":"","overlay-opacity":"","overlay-gradient":""},"tablet":{"background-color":"","background-image":"","background-repeat":"repeat","background-position":"center center","background-size":"auto","background-attachment":"scroll","background-type":"","background-media":"","overlay-type":"","overlay-color":"","overlay-opacity":"","overlay-gradient":""},"mobile":{"background-color":"","background-image":"","background-repeat":"repeat","background-position":"center center","background-size":"auto","background-attachment":"scroll","background-type":"","background-media":"","overlay-type":"","overlay-color":"","overlay-opacity":"","overlay-gradient":""}},"ast-content-background-meta":{"desktop":{"background-color":"var(--ast-global-color-4)","background-image":"","background-repeat":"repeat","background-position":"center center","background-size":"auto","background-attachment":"scroll","background-type":"","background-media":"","overlay-type":"","overlay-color":"","overlay-opacity":"","overlay-gradient":""},"tablet":{"background-color":"var(--ast-global-color-4)","background-image":"","background-repeat":"repeat","background-position":"center center","background-size":"auto","background-attachment":"scroll","background-type":"","background-media":"","overlay-type":"","overlay-color":"","overlay-opacity":"","overlay-gradient":""},"mobile":{"background-color":"var(--ast-global-color-4)","background-image":"","background-repeat":"repeat","background-position":"center center","background-size":"auto","background-attachment":"scroll","background-type":"","background-media":"","overlay-type":"","overlay-color":"","overlay-opacity":"","overlay-gradient":""}},"footnotes":""},"class_list":["post-281","page","type-page","status-publish","has-post-thumbnail","hentry"],"_hostinger_reach_plugin_has_subscription_block":false,"_hostinger_reach_plugin_is_elementor":false,"_links":{"self":[{"href":"https:\/\/exactquartz.com\/tr\/wp-json\/wp\/v2\/pages\/281","targetHints":{"allow":["GET"]}}],"collection":[{"href":"https:\/\/exactquartz.com\/tr\/wp-json\/wp\/v2\/pages"}],"about":[{"href":"https:\/\/exactquartz.com\/tr\/wp-json\/wp\/v2\/types\/page"}],"author":[{"embeddable":true,"href":"https:\/\/exactquartz.com\/tr\/wp-json\/wp\/v2\/users\/7"}],"replies":[{"embeddable":true,"href":"https:\/\/exactquartz.com\/tr\/wp-json\/wp\/v2\/comments?post=281"}],"version-history":[{"count":20,"href":"https:\/\/exactquartz.com\/tr\/wp-json\/wp\/v2\/pages\/281\/revisions"}],"predecessor-version":[{"id":1437,"href":"https:\/\/exactquartz.com\/tr\/wp-json\/wp\/v2\/pages\/281\/revisions\/1437"}],"up":[{"embeddable":true,"href":"https:\/\/exactquartz.com\/tr\/wp-json\/wp\/v2\/pages\/841"}],"wp:featuredmedia":[{"embeddable":true,"href":"https:\/\/exactquartz.com\/tr\/wp-json\/wp\/v2\/media\/382"}],"wp:attachment":[{"href":"https:\/\/exactquartz.com\/tr\/wp-json\/wp\/v2\/media?parent=281"}],"curies":[{"name":"wp","href":"https:\/\/api.w.org\/{rel}","templated":true}]}}