{"id":499,"date":"2025-03-29T12:11:03","date_gmt":"2025-03-29T04:11:03","guid":{"rendered":"https:\/\/exactquartz.com\/?page_id=499"},"modified":"2025-04-16T18:19:44","modified_gmt":"2025-04-16T10:19:44","slug":"large-caliber-quartz-tubes","status":"publish","type":"page","link":"https:\/\/exactquartz.com\/tr\/high-temp-quartz-solutions\/large-caliber-quartz-tubes\/","title":{"rendered":"Yar\u0131 \u0130letken ve Kimyasal Kullan\u0131m i\u00e7in B\u00fcy\u00fck Kalibreli Kuvars T\u00fcpler"},"content":{"rendered":"<div data-elementor-type=\"wp-page\" data-elementor-id=\"499\" class=\"elementor elementor-499\" data-elementor-post-type=\"page\">\n\t\t\t\t<div class=\"elementor-element elementor-element-d2bc4f1 e-flex e-con-boxed e-con e-parent\" data-id=\"d2bc4f1\" data-element_type=\"container\">\n\t\t\t\t\t<div class=\"e-con-inner\">\n\t\t<div class=\"elementor-element elementor-element-6d0fc6f e-con-full e-flex e-con e-child\" data-id=\"6d0fc6f\" data-element_type=\"container\">\n\t\t\t\t<div class=\"elementor-element elementor-element-51d5345 elementor-widget elementor-widget-image\" data-id=\"51d5345\" data-element_type=\"widget\" data-widget_type=\"image.default\">\n\t\t\t\t<div class=\"elementor-widget-container\">\n\t\t\t\t\t\t\t\t\t\t\t\t\t\t\t<img fetchpriority=\"high\" decoding=\"async\" width=\"500\" height=\"438\" src=\"https:\/\/exactquartz.com\/wp-content\/uploads\/2025\/03\/Large-caliber-quartz-tube.webp\" class=\"attachment-large size-large wp-image-500\" alt=\"B\u00fcy\u00fck kalibreli kuvars t\u00fcp\" srcset=\"https:\/\/exactquartz.com\/wp-content\/uploads\/2025\/03\/Large-caliber-quartz-tube.webp 500w, https:\/\/exactquartz.com\/wp-content\/uploads\/2025\/03\/Large-caliber-quartz-tube-300x263.webp 300w\" sizes=\"(max-width: 500px) 100vw, 500px\" \/>\t\t\t\t\t\t\t\t\t\t\t\t\t\t\t<\/div>\n\t\t\t\t<\/div>\n\t\t\t\t<\/div>\n\t\t<div class=\"elementor-element elementor-element-2a56432 e-con-full e-flex e-con e-child\" data-id=\"2a56432\" data-element_type=\"container\">\n\t\t\t\t<div class=\"elementor-element elementor-element-70d5eba elementor-widget elementor-widget-heading\" data-id=\"70d5eba\" data-element_type=\"widget\" data-widget_type=\"heading.default\">\n\t\t\t\t<div class=\"elementor-widget-container\">\n\t\t\t\t\t<h2 class=\"elementor-heading-title elementor-size-default\">Yar\u0131 \u0130letken ve Kimyasal Kullan\u0131m i\u00e7in B\u00fcy\u00fck Kalibreli Kuvars T\u00fcpler<\/h2>\t\t\t\t<\/div>\n\t\t\t\t<\/div>\n\t\t\t\t<div class=\"elementor-element elementor-element-ac956f7 elementor-widget elementor-widget-text-editor\" data-id=\"ac956f7\" data-element_type=\"widget\" data-widget_type=\"text-editor.default\">\n\t\t\t\t<div class=\"elementor-widget-container\">\n\t\t\t\t\t\t\t\t\t<p>B\u00fcy\u00fck kalibreli bir kuvars t\u00fcp, geni\u015f \u00e7apl\u0131 y\u00fcksek kaliteli kuvars kristalinden yap\u0131lm\u0131\u015f bir t\u00fcpt\u00fcr. Yar\u0131 iletken \u00fcretimi, ayd\u0131nlatma ve kimyasal i\u015fleme gibi \u00e7e\u015fitli end\u00fcstrilerde ve uygulamalarda kullan\u0131l\u0131r. Kuvars t\u00fcpler y\u00fcksek termal kararl\u0131l\u0131k, kimyasal diren\u00e7 ve m\u00fckemmel optik \u00f6zellikler sunarak onlar\u0131 zorlu ortamlarda kullan\u0131m i\u00e7in ideal hale getirir. Belirli boyut ve kal\u0131nl\u0131k gereksinimlerini kar\u015f\u0131lamak \u00fczere \u00f6zelle\u015ftirilebilirler. Genel olarak, b\u00fcy\u00fck kalibreli kuvars t\u00fcpler \u00e7e\u015fitli end\u00fcstriyel proseslerde y\u00fcksek kaliteli sonu\u00e7lar elde etmek i\u00e7in temel bile\u015fenlerdir.<\/p>\t\t\t\t\t\t\t\t<\/div>\n\t\t\t\t<\/div>\n\t\t\t\t<div class=\"elementor-element elementor-element-3e7e61c elementor-align-left elementor-widget elementor-widget-button\" data-id=\"3e7e61c\" data-element_type=\"widget\" data-widget_type=\"button.default\">\n\t\t\t\t<div class=\"elementor-widget-container\">\n\t\t\t\t\t\t\t\t\t<div class=\"elementor-button-wrapper\">\n\t\t\t\t\t<a class=\"elementor-button elementor-button-link elementor-size-sm\" href=\"#elementor-action%3Aaction%3Dpopup%3Aopen%26settings%3DeyJpZCI6IjEyNzUiLCJ0b2dnbGUiOmZhbHNlfQ%3D%3D\">\n\t\t\t\t\t\t<span class=\"elementor-button-content-wrapper\">\n\t\t\t\t\t\t\t\t\t<span class=\"elementor-button-text\">H\u0131zl\u0131 Al\u0131nt\u0131<\/span>\n\t\t\t\t\t<\/span>\n\t\t\t\t\t<\/a>\n\t\t\t\t<\/div>\n\t\t\t\t\t\t\t\t<\/div>\n\t\t\t\t<\/div>\n\t\t\t\t<\/div>\n\t\t\t\t\t<\/div>\n\t\t\t\t<\/div>\n\t\t<div class=\"elementor-element elementor-element-a2ed80c e-flex e-con-boxed e-con e-parent\" data-id=\"a2ed80c\" data-element_type=\"container\">\n\t\t\t\t\t<div class=\"e-con-inner\">\n\t\t\t\t<div class=\"elementor-element elementor-element-03e2c25 elementor-widget elementor-widget-heading\" data-id=\"03e2c25\" data-element_type=\"widget\" data-widget_type=\"heading.default\">\n\t\t\t\t<div class=\"elementor-widget-container\">\n\t\t\t\t\t<h3 class=\"elementor-heading-title elementor-size-default\">Erimi\u015f Kuvars T\u00fcpler\/Silika T\u00fcpler:<\/h3>\t\t\t\t<\/div>\n\t\t\t\t<\/div>\n\t\t\t\t<div class=\"elementor-element elementor-element-281af31 elementor-widget elementor-widget-text-editor\" data-id=\"281af31\" data-element_type=\"widget\" data-widget_type=\"text-editor.default\">\n\t\t\t\t<div class=\"elementor-widget-container\">\n\t\t\t\t\t\t\t\t\t<p>Kuvars t\u00fcp, geni\u015f bir \u00e7apa sahip y\u00fcksek kaliteli kuvars kristalinden yap\u0131lm\u0131\u015f bir t\u00fcp t\u00fcr\u00fcd\u00fcr. Kuvars t\u00fcpler, yar\u0131 iletken \u00fcretimi, ayd\u0131nlatma ve kimyasal i\u015fleme gibi \u00e7e\u015fitli end\u00fcstrilerde ve uygulamalarda yayg\u0131n olarak kullan\u0131lmaktad\u0131r.<\/p><p>Kuvars t\u00fcplerin ola\u011fan\u00fcst\u00fc termal kararl\u0131l\u0131\u011f\u0131 ve kimyasal direnci, onlar\u0131 zorlu ortamlarda kullan\u0131m i\u00e7in ideal hale getirir. Y\u00fcksek s\u0131cakl\u0131klara dayanabilir ve \u00e7o\u011fu kimyasala, aside ve alkaliye diren\u00e7 g\u00f6stererek dayan\u0131kl\u0131l\u0131k ve uzun \u00f6m\u00fcr sa\u011flarlar. Kuvars t\u00fcpler ayr\u0131ca y\u00fcksek \u015feffafl\u0131k ve d\u00fc\u015f\u00fck emilim gibi m\u00fckemmel optik \u00f6zellikler sergileyerek optik hassasiyet gerektiren uygulamalarda kullan\u0131\u015fl\u0131 hale gelir.<\/p><p>B\u00fcy\u00fck kalibreli kuvars t\u00fcpler, mikro\u00e7ip \u00fcretmek i\u00e7in kullan\u0131lan ekipman\u0131n bir bile\u015feni olarak yar\u0131 iletken \u00fcretiminde yayg\u0131n olarak kullan\u0131lmaktad\u0131r. Ayr\u0131ca ayd\u0131nlatma end\u00fcstrisinde y\u00fcksek yo\u011funluklu de\u015farj lambalar\u0131 i\u00e7in kullan\u0131l\u0131rlar ve burada y\u00fcksek d\u00fczeyde parlakl\u0131k ve verimlilik sa\u011flarlar. Kimyasal i\u015flemede, kuvars t\u00fcpler sert kimyasallara ve y\u00fcksek s\u0131cakl\u0131klara dayanabildikleri reakt\u00f6rlerde ve odalarda kullan\u0131l\u0131r.<\/p><p>Kuvars t\u00fcpler, belirli boyut ve kal\u0131nl\u0131k gereksinimlerini kar\u015f\u0131layacak \u015fekilde \u00f6zelle\u015ftirilebilir, bu da onlar\u0131 \u00e7ok y\u00f6nl\u00fc ve \u00e7e\u015fitli uygulamalara uyarlanabilir hale getirir. Ekstr\u00fczyon, f\u00fczyon ve kimyasal buhar biriktirme gibi farkl\u0131 teknikler kullan\u0131larak \u00fcretilebilirler.<\/p><p>\u00d6zetle, b\u00fcy\u00fck kalibreli kuvars t\u00fcpler, ola\u011fan\u00fcst\u00fc termal kararl\u0131l\u0131klar\u0131, kimyasal diren\u00e7leri ve optik \u00f6zellikleri nedeniyle \u00e7e\u015fitli end\u00fcstrilerde ve uygulamalarda temel bile\u015fenlerdir. Y\u00fcksek d\u00fczeyde dayan\u0131kl\u0131l\u0131k ve uzun \u00f6m\u00fcrl\u00fcl\u00fck sunmalar\u0131, onlar\u0131 zorlu ortamlarda kullan\u0131m i\u00e7in ideal hale getirir.<\/p>\t\t\t\t\t\t\t\t<\/div>\n\t\t\t\t<\/div>\n\t\t\t\t\t<\/div>\n\t\t\t\t<\/div>\n\t\t\t\t<\/div>","protected":false},"excerpt":{"rendered":"<p>Large-Caliber Quartz Tubes for Semiconductor &amp; Chemical Use A large-caliber quartz tube is a tube made from high-quality quartz crystal [&hellip;]<\/p>","protected":false},"author":9,"featured_media":500,"parent":839,"menu_order":0,"comment_status":"closed","ping_status":"closed","template":"","meta":{"_seopress_robots_primary_cat":"","_seopress_titles_title":"Large-Caliber Quartz Tubes for Semiconductor & Chemical Use","_seopress_titles_desc":"Wide-diameter quartz tubes with high thermal stability, chemical resistance & optical clarity. Ideal for semiconductors, lighting & reactors. Custom sizes.","_seopress_robots_index":"","site-sidebar-layout":"no-sidebar","site-content-layout":"","ast-site-content-layout":"full-width-container","site-content-style":"default","site-sidebar-style":"default","ast-global-header-display":"","ast-banner-title-visibility":"","ast-main-header-display":"","ast-hfb-above-header-display":"","ast-hfb-below-header-display":"","ast-hfb-mobile-header-display":"","site-post-title":"disabled","ast-breadcrumbs-content":"","ast-featured-img":"disabled","footer-sml-layout":"","theme-transparent-header-meta":"","adv-header-id-meta":"","stick-header-meta":"","header-above-stick-meta":"","header-main-stick-meta":"","header-below-stick-meta":"","astra-migrate-meta-layouts":"default","ast-page-background-enabled":"default","ast-page-background-meta":{"desktop":{"background-color":"var(--ast-global-color-5)","background-image":"","background-repeat":"repeat","background-position":"center center","background-size":"auto","background-attachment":"scroll","background-type":"","background-media":"","overlay-type":"","overlay-color":"","overlay-opacity":"","overlay-gradient":""},"tablet":{"background-color":"","background-image":"","background-repeat":"repeat","background-position":"center center","background-size":"auto","background-attachment":"scroll","background-type":"","background-media":"","overlay-type":"","overlay-color":"","overlay-opacity":"","overlay-gradient":""},"mobile":{"background-color":"","background-image":"","background-repeat":"repeat","background-position":"center center","background-size":"auto","background-attachment":"scroll","background-type":"","background-media":"","overlay-type":"","overlay-color":"","overlay-opacity":"","overlay-gradient":""}},"ast-content-background-meta":{"desktop":{"background-color":"var(--ast-global-color-4)","background-image":"","background-repeat":"repeat","background-position":"center center","background-size":"auto","background-attachment":"scroll","background-type":"","background-media":"","overlay-type":"","overlay-color":"","overlay-opacity":"","overlay-gradient":""},"tablet":{"background-color":"var(--ast-global-color-4)","background-image":"","background-repeat":"repeat","background-position":"center center","background-size":"auto","background-attachment":"scroll","background-type":"","background-media":"","overlay-type":"","overlay-color":"","overlay-opacity":"","overlay-gradient":""},"mobile":{"background-color":"var(--ast-global-color-4)","background-image":"","background-repeat":"repeat","background-position":"center center","background-size":"auto","background-attachment":"scroll","background-type":"","background-media":"","overlay-type":"","overlay-color":"","overlay-opacity":"","overlay-gradient":""}},"footnotes":""},"class_list":["post-499","page","type-page","status-publish","has-post-thumbnail","hentry"],"_hostinger_reach_plugin_has_subscription_block":false,"_hostinger_reach_plugin_is_elementor":false,"_links":{"self":[{"href":"https:\/\/exactquartz.com\/tr\/wp-json\/wp\/v2\/pages\/499","targetHints":{"allow":["GET"]}}],"collection":[{"href":"https:\/\/exactquartz.com\/tr\/wp-json\/wp\/v2\/pages"}],"about":[{"href":"https:\/\/exactquartz.com\/tr\/wp-json\/wp\/v2\/types\/page"}],"author":[{"embeddable":true,"href":"https:\/\/exactquartz.com\/tr\/wp-json\/wp\/v2\/users\/9"}],"replies":[{"embeddable":true,"href":"https:\/\/exactquartz.com\/tr\/wp-json\/wp\/v2\/comments?post=499"}],"version-history":[{"count":14,"href":"https:\/\/exactquartz.com\/tr\/wp-json\/wp\/v2\/pages\/499\/revisions"}],"predecessor-version":[{"id":1353,"href":"https:\/\/exactquartz.com\/tr\/wp-json\/wp\/v2\/pages\/499\/revisions\/1353"}],"up":[{"embeddable":true,"href":"https:\/\/exactquartz.com\/tr\/wp-json\/wp\/v2\/pages\/839"}],"wp:featuredmedia":[{"embeddable":true,"href":"https:\/\/exactquartz.com\/tr\/wp-json\/wp\/v2\/media\/500"}],"wp:attachment":[{"href":"https:\/\/exactquartz.com\/tr\/wp-json\/wp\/v2\/media?parent=499"}],"curies":[{"name":"wp","href":"https:\/\/api.w.org\/{rel}","templated":true}]}}